{"id":6208,"date":"2025-02-06T14:52:39","date_gmt":"2025-02-06T20:52:39","guid":{"rendered":"https:\/\/libreriahistoriasdebolsillo.com\/?post_type=product&#038;p=6208"},"modified":"2025-06-16T11:00:43","modified_gmt":"2025-06-16T17:00:43","slug":"antes-de-que-se-enfrie-el-cafe-4-hasta-el-proximo-cafe","status":"publish","type":"product","link":"https:\/\/libreriahistoriasdebolsillo.com\/index.php\/producto\/antes-de-que-se-enfrie-el-cafe-4-hasta-el-proximo-cafe\/","title":{"rendered":"Antes de que se enfr\u00ede el caf\u00e9 4. Hasta el pr\u00f3ximo caf\u00e9"},"content":{"rendered":"<p><b>Una nueva entrega del fen\u00f3meno\u00a0<i>feel-good<\/i>\u00a0japon\u00e9s que ha enamorado a m\u00e1s de 5.000.000 de lectores en todo el mundo.<\/b><\/p>\n<p><b>Una historia llena de esperanza y optimismo que nos ense\u00f1a que<\/b>\u00a0<b>siempre podemos reescribir nuestras vidas.<\/b><\/p>\n<p>En Jap\u00f3n se oculta un lugar legendario. Muchos van en su busca, pues creen que all\u00ed pueden encontrar las respuestas que necesitan. Tan solo hay que dejarse llevar por el intenso aroma del caf\u00e9, cruzar la puerta del local, sentarse y pedir una taza.<\/p>\n<p>Antes de que su bebida se enfr\u00ede, los clientes podr\u00e1n revivir el pasado y revisitar aquel momento en el que tomaron una decisi\u00f3n que les atormenta, en el que callaron cuando quer\u00edan decir la verdad, en el que se equivocaron.<\/p>\n<p>Entre ellos est\u00e1n el profesor Kadokura, que ha descuidado a su familia por el trabajo; Sunao y Mutsuo, afligidos por haber tenido que despedirse de su querido perro; Hikari, arrepentida por no haber aceptado la propuesta de matrimonio de su novio Yoji; y, por \u00faltimo, Michiko, que ha regresado al sitio donde vio a su padre por \u00faltima vez.<\/p>\n<p>Si demuestran ser lo bastante valientes como para mirar al pasado, podr\u00e1n verlo bajo una luz diferente y vivir el presente con serenidad. \u00bfSer\u00e1n capaces de aprovechar la oportunidad?<\/p>\n","protected":false},"excerpt":{"rendered":"<p>Toshikazu Kawaguchi<\/p>\n<p>200 p\u00e1ginas<\/p>\n","protected":false},"featured_media":6209,"template":"","meta":{"_joinchat":[]},"product_brand":[],"product_cat":[33,70],"product_tag":[34],"class_list":{"0":"post-6208","1":"product","2":"type-product","3":"status-publish","4":"has-post-thumbnail","6":"product_cat-ficcion-general","7":"product_cat-novedades","8":"product_tag-penguin-random-house","10":"first","11":"outofstock","12":"shipping-taxable","13":"purchasable","14":"product-type-simple"},"_links":{"self":[{"href":"https:\/\/libreriahistoriasdebolsillo.com\/index.php\/wp-json\/wp\/v2\/product\/6208","targetHints":{"allow":["GET"]}}],"collection":[{"href":"https:\/\/libreriahistoriasdebolsillo.com\/index.php\/wp-json\/wp\/v2\/product"}],"about":[{"href":"https:\/\/libreriahistoriasdebolsillo.com\/index.php\/wp-json\/wp\/v2\/types\/product"}],"wp:featuredmedia":[{"embeddable":true,"href":"https:\/\/libreriahistoriasdebolsillo.com\/index.php\/wp-json\/wp\/v2\/media\/6209"}],"wp:attachment":[{"href":"https:\/\/libreriahistoriasdebolsillo.com\/index.php\/wp-json\/wp\/v2\/media?parent=6208"}],"wp:term":[{"taxonomy":"product_brand","embeddable":true,"href":"https:\/\/libreriahistoriasdebolsillo.com\/index.php\/wp-json\/wp\/v2\/product_brand?post=6208"},{"taxonomy":"product_cat","embeddable":true,"href":"https:\/\/libreriahistoriasdebolsillo.com\/index.php\/wp-json\/wp\/v2\/product_cat?post=6208"},{"taxonomy":"product_tag","embeddable":true,"href":"https:\/\/libreriahistoriasdebolsillo.com\/index.php\/wp-json\/wp\/v2\/product_tag?post=6208"}],"curies":[{"name":"wp","href":"https:\/\/api.w.org\/{rel}","templated":true}]}}