{"id":6210,"date":"2025-02-06T14:54:51","date_gmt":"2025-02-06T20:54:51","guid":{"rendered":"https:\/\/libreriahistoriasdebolsillo.com\/?post_type=product&#038;p=6210"},"modified":"2025-03-21T17:00:37","modified_gmt":"2025-03-21T23:00:37","slug":"pero-que-has-hecho","status":"publish","type":"product","link":"https:\/\/libreriahistoriasdebolsillo.com\/index.php\/producto\/pero-que-has-hecho\/","title":{"rendered":"\u00bfPero qu\u00e9 has hecho?"},"content":{"rendered":"<p><b>El nuevo y estremecedor\u00a0<i>thriller\u00a0<\/i>de la autora<\/b>\u00a0<b>superventas<\/b>\u00a0<b>de<\/b><i><b>\u00a0La pareja de al lado.<\/b><\/i><\/p>\n<p><i><b>\u00abLa reina de la novela de suspense moderna\u00bb.<\/b><\/i><br \/>\n<i>Sunday Express<\/i><\/p>\n<p><b>En el somnoliento pueblo de Fairhill nunca pasa nada.<\/b><br \/>\nLos adolescentes se pierten contando historias de terror en el antiguo cementerio. Los padres conf\u00edan en que sus hijos llegar\u00e1n a casa del colegio sanos y salvos. Todos se conocen. Nadie vigila detr\u00e1s de los visillos. Las puertas no se cierran con llave.<\/p>\n<p><b>Pero esta ma\u00f1ana todo eso va a cambiar.<\/b><br \/>\nPorque Diana Brewer no est\u00e1 durmiendo dulcemente en su cama. Su cuerpo yace sin vida en un campo de heno rodeado de buitres.<\/p>\n<p>As\u00ed de r\u00e1pido una chica se convierte en un fantasma. Y as\u00ed una ciudad de rostros familiares y amables se transforma en un nido de sospechosos, en un lugar de miedo y paranoia.<\/p>\n<p>Alguien de Fairhill lo hizo. Todos quieren respuestas.<\/p>\n<p><b>Y una pregunta inocente podr\u00eda ser mortal.<\/b><\/p>\n","protected":false},"excerpt":{"rendered":"<p>Shari Lapena<\/p>\n<p>376 p\u00e1ginas<\/p>\n","protected":false},"featured_media":6211,"template":"","meta":{"_joinchat":[]},"product_brand":[],"product_cat":[37,70],"product_tag":[34],"class_list":{"0":"post-6210","1":"product","2":"type-product","3":"status-publish","4":"has-post-thumbnail","6":"product_cat-misterio-y-thriller","7":"product_cat-novedades","8":"product_tag-penguin-random-house","10":"first","11":"outofstock","12":"shipping-taxable","13":"purchasable","14":"product-type-simple"},"_links":{"self":[{"href":"https:\/\/libreriahistoriasdebolsillo.com\/index.php\/wp-json\/wp\/v2\/product\/6210","targetHints":{"allow":["GET"]}}],"collection":[{"href":"https:\/\/libreriahistoriasdebolsillo.com\/index.php\/wp-json\/wp\/v2\/product"}],"about":[{"href":"https:\/\/libreriahistoriasdebolsillo.com\/index.php\/wp-json\/wp\/v2\/types\/product"}],"wp:featuredmedia":[{"embeddable":true,"href":"https:\/\/libreriahistoriasdebolsillo.com\/index.php\/wp-json\/wp\/v2\/media\/6211"}],"wp:attachment":[{"href":"https:\/\/libreriahistoriasdebolsillo.com\/index.php\/wp-json\/wp\/v2\/media?parent=6210"}],"wp:term":[{"taxonomy":"product_brand","embeddable":true,"href":"https:\/\/libreriahistoriasdebolsillo.com\/index.php\/wp-json\/wp\/v2\/product_brand?post=6210"},{"taxonomy":"product_cat","embeddable":true,"href":"https:\/\/libreriahistoriasdebolsillo.com\/index.php\/wp-json\/wp\/v2\/product_cat?post=6210"},{"taxonomy":"product_tag","embeddable":true,"href":"https:\/\/libreriahistoriasdebolsillo.com\/index.php\/wp-json\/wp\/v2\/product_tag?post=6210"}],"curies":[{"name":"wp","href":"https:\/\/api.w.org\/{rel}","templated":true}]}}