{"id":6216,"date":"2025-02-06T15:04:08","date_gmt":"2025-02-06T21:04:08","guid":{"rendered":"https:\/\/libreriahistoriasdebolsillo.com\/?post_type=product&#038;p=6216"},"modified":"2025-06-16T11:00:39","modified_gmt":"2025-06-16T17:00:39","slug":"antes-de-que-se-enfrie-el-cafe-3-el-primer-cafe-del-dia","status":"publish","type":"product","link":"https:\/\/libreriahistoriasdebolsillo.com\/index.php\/producto\/antes-de-que-se-enfrie-el-cafe-3-el-primer-cafe-del-dia\/","title":{"rendered":"Antes de que se enfr\u00ede el caf\u00e9 3. El primer caf\u00e9 del d\u00eda"},"content":{"rendered":"<p><b>Una nueva novela del autor de\u00a0<i>Antes de que se enfr\u00ede el caf\u00e9<\/i>\u00a0y\u00a0<i>La felicidad cabe en una taza de caf\u00e9<\/i>. Un fen\u00f3meno internacional que ya ha reconfortado a m\u00e1s de tres millones de lectores. <\/b><b>Cuatro clientes visitan una cafeter\u00eda m\u00e1gica en Jap\u00f3n para enfrentarse a su pasado y ganarse un nuevo comienzo lleno de esperanza.<\/b><\/p>\n<p>En el coraz\u00f3n de Hakodate hay un lugar extraordinario: una peque\u00f1a cafeter\u00eda que sirve caf\u00e9 con un aroma intenso y envolvente, capaz de hacerte evocar emociones lejanas y de revisitar un momento del pasado.<\/p>\n<p>Sin embargo, adentrarse en este establecimiento tan especial no es para todos, y solo los que re\u00fanen el coraje necesario pueden arriesgarse. Es el caso de Yayoi, quien, privada del cari\u00f1o de sus padres cuando a\u00fan era muy peque\u00f1a, no cree poder afrontar la vida con una sonrisa. O Todoroki, cuya exitosa carrera no le dio la oportunidad de apreciar la felicidad que siempre tuvo a su alcance. O Reiko, que nunca lleg\u00f3 a pedirle perd\u00f3n a su hermana y ahora se siente aplastada por la culpa. O Reiji, para quien una simple frase como \u00abTe quiero\u00bb todav\u00eda representa un obst\u00e1culo insuperable.<\/p>\n<p>A todos les gustar\u00eda poder cambiar lo que ya fue, volver atr\u00e1s y empezar de nuevo, pero borrar el pasado no es siempre la mejor opci\u00f3n. Lo que importa, como transmite Kawaguchi en esta emotiva novela, es aprender de \u00e9l para construir un futuro m\u00e1s brillante.<\/p>\n","protected":false},"excerpt":{"rendered":"<p>Toshikazu Kawaguchi<\/p>\n<p>272 p\u00e1ginas<\/p>\n","protected":false},"featured_media":6217,"template":"","meta":{"_joinchat":[]},"product_brand":[],"product_cat":[33],"product_tag":[34],"class_list":{"0":"post-6216","1":"product","2":"type-product","3":"status-publish","4":"has-post-thumbnail","6":"product_cat-ficcion-general","7":"product_tag-penguin-random-house","9":"first","10":"outofstock","11":"shipping-taxable","12":"purchasable","13":"product-type-simple"},"_links":{"self":[{"href":"https:\/\/libreriahistoriasdebolsillo.com\/index.php\/wp-json\/wp\/v2\/product\/6216","targetHints":{"allow":["GET"]}}],"collection":[{"href":"https:\/\/libreriahistoriasdebolsillo.com\/index.php\/wp-json\/wp\/v2\/product"}],"about":[{"href":"https:\/\/libreriahistoriasdebolsillo.com\/index.php\/wp-json\/wp\/v2\/types\/product"}],"wp:featuredmedia":[{"embeddable":true,"href":"https:\/\/libreriahistoriasdebolsillo.com\/index.php\/wp-json\/wp\/v2\/media\/6217"}],"wp:attachment":[{"href":"https:\/\/libreriahistoriasdebolsillo.com\/index.php\/wp-json\/wp\/v2\/media?parent=6216"}],"wp:term":[{"taxonomy":"product_brand","embeddable":true,"href":"https:\/\/libreriahistoriasdebolsillo.com\/index.php\/wp-json\/wp\/v2\/product_brand?post=6216"},{"taxonomy":"product_cat","embeddable":true,"href":"https:\/\/libreriahistoriasdebolsillo.com\/index.php\/wp-json\/wp\/v2\/product_cat?post=6216"},{"taxonomy":"product_tag","embeddable":true,"href":"https:\/\/libreriahistoriasdebolsillo.com\/index.php\/wp-json\/wp\/v2\/product_tag?post=6216"}],"curies":[{"name":"wp","href":"https:\/\/api.w.org\/{rel}","templated":true}]}}