{"id":6218,"date":"2025-02-06T15:06:54","date_gmt":"2025-02-06T21:06:54","guid":{"rendered":"https:\/\/libreriahistoriasdebolsillo.com\/?post_type=product&#038;p=6218"},"modified":"2025-06-16T11:01:28","modified_gmt":"2025-06-16T17:01:28","slug":"el-poder-del-instinto","status":"publish","type":"product","link":"https:\/\/libreriahistoriasdebolsillo.com\/index.php\/producto\/el-poder-del-instinto\/","title":{"rendered":"El poder del instinto"},"content":{"rendered":"<p><b>Desaf\u00eda las ideas convencionales del marketing<\/b>\u00a0<b>y aprende c\u00f3mo acceder al cerebro oculto de tu cliente<\/b>\u00a0<b>para crear una red de conexiones que impulse a las<\/b>\u00a0<b>personas a comprar tu producto, empresa o visi\u00f3n.<\/b><\/p>\n<p>Las personas no toman decisiones con la\u00a0<b>mente consciente<\/b>, sino por instinto. En este libro, la consultora de\u00a0<b>marketing<\/b>\u00a0y experta en ciencias del comportamiento,\u00a0<b>Leslie Zane<\/b>, demuestra que las t\u00e1cticas de persuasi\u00f3n tradicionales son insuficientes para convencer a los\u00a0<b>consumidores<\/b>. Si logras descifrar la red oculta de conexiones que regula las decisiones r\u00e1pidas que tomamos, podr\u00e1s conectar con la mente instintiva e influir en ella.<\/p>\n<p>Con un conjunto revolucionario de reglas para expandir la red, Zane nos muestra c\u00f3mo hacer que cualquier idea, marca,\u00a0<b>negocio<\/b>, candidato pol\u00edtico o\u00a0<b>movimiento social<\/b>\u00a0sea la elecci\u00f3n dominante. Con la ciencia como tu gu\u00eda, as\u00ed como historias de las marcas m\u00e1s exitosas del mundo, desde\u00a0<b>McDonald\u2019s<\/b>\u00a0y Lululemon hasta los Yankees y\u00a0<b>Taylor Swift<\/b>, aprender\u00e1s:<\/p>\n<p>Qu\u00e9 tipo de mensajes generan la mayor cantidad de asociaciones positivas.<\/p>\n<p>Por qu\u00e9 encontrar nuevos clientes acelera el crecimiento y depender de los existentes es una trampa.<\/p>\n<p>Por qu\u00e9 las historias que apelan a las emociones no son suficientes para impulsar la prueba y la lealtad a largo plazo.<\/p>\n<p>Ya seas un\u00a0<b>emprendedor<\/b>, ejecutivo, profesional del marketing o buscador de empleo, dominar el poder del instinto te ayudar\u00e1 a potenciar tu\u00a0<b>creci<\/b><b>miento<\/b>\u00a0y hacer que lo que vendas sea la primera opci\u00f3n para cualquier audiencia.<\/p>\n","protected":false},"excerpt":{"rendered":"<p>Leslie Zane<\/p>\n<p>312 p\u00e1ginas<\/p>\n","protected":false},"featured_media":6219,"template":"","meta":{"_joinchat":[]},"product_brand":[],"product_cat":[58,70],"product_tag":[34],"class_list":{"0":"post-6218","1":"product","2":"type-product","3":"status-publish","4":"has-post-thumbnail","6":"product_cat-desarrollo-humano-y-superacion","7":"product_cat-novedades","8":"product_tag-penguin-random-house","10":"first","11":"outofstock","12":"shipping-taxable","13":"purchasable","14":"product-type-simple"},"_links":{"self":[{"href":"https:\/\/libreriahistoriasdebolsillo.com\/index.php\/wp-json\/wp\/v2\/product\/6218","targetHints":{"allow":["GET"]}}],"collection":[{"href":"https:\/\/libreriahistoriasdebolsillo.com\/index.php\/wp-json\/wp\/v2\/product"}],"about":[{"href":"https:\/\/libreriahistoriasdebolsillo.com\/index.php\/wp-json\/wp\/v2\/types\/product"}],"wp:featuredmedia":[{"embeddable":true,"href":"https:\/\/libreriahistoriasdebolsillo.com\/index.php\/wp-json\/wp\/v2\/media\/6219"}],"wp:attachment":[{"href":"https:\/\/libreriahistoriasdebolsillo.com\/index.php\/wp-json\/wp\/v2\/media?parent=6218"}],"wp:term":[{"taxonomy":"product_brand","embeddable":true,"href":"https:\/\/libreriahistoriasdebolsillo.com\/index.php\/wp-json\/wp\/v2\/product_brand?post=6218"},{"taxonomy":"product_cat","embeddable":true,"href":"https:\/\/libreriahistoriasdebolsillo.com\/index.php\/wp-json\/wp\/v2\/product_cat?post=6218"},{"taxonomy":"product_tag","embeddable":true,"href":"https:\/\/libreriahistoriasdebolsillo.com\/index.php\/wp-json\/wp\/v2\/product_tag?post=6218"}],"curies":[{"name":"wp","href":"https:\/\/api.w.org\/{rel}","templated":true}]}}