{"id":622,"date":"2023-11-20T11:43:29","date_gmt":"2023-11-20T17:43:29","guid":{"rendered":"https:\/\/libreriahistoriasdebolsillo.com\/?post_type=product&#038;p=622"},"modified":"2023-11-20T11:53:01","modified_gmt":"2023-11-20T17:53:01","slug":"una-obsesion-perversa-villanos-libro-1","status":"publish","type":"product","link":"https:\/\/libreriahistoriasdebolsillo.com\/index.php\/producto\/una-obsesion-perversa-villanos-libro-1\/","title":{"rendered":"Una obsesi\u00f3n perversa. Villanos libro 1"},"content":{"rendered":"<p>NO TE PIERDAS UNA DE LAS SERIES M\u00c1S EXITOSAS DE V.E. SCHWAB, LA AUTORA BEST SELLER DE LA VIDA INVISIBLE DE ADDIE LARUE.<\/p>\n<p>Ambiciosos. Arrogantes. Brillantes. ExtraOrdinarios. \u00bfYa conoces a Victor Vale y a Eli Cardale? En el \u00faltimo a\u00f1o de su carrera, el inter\u00e9s compartido por la adrenalina, las experiencias cercanas a la muerte y los acontecimientos en apariencia sobrenaturales plantean una posibilidad intrigante: que, dadas ciertas condiciones, ser\u00eda posible desarrollar habilidades ExtraOrdinarias. Pero cuando la tesis pasa de lo acad\u00e9mico a lo experimental, las cosas salen horriblemente mal. Diez a\u00f1os m\u00e1s tarde, Victor escapa de la c\u00e1rcel, decidido a encontrar a su antiguo amigo (ahora enemigo), con la ayuda de una ni\u00f1a cuyo car\u00e1cter reservado esconde una capacidad asombrosa. Mientras tanto, Eli se ha propuesto erradicar a todas las dem\u00e1s personas con superpoderes que pueda encontrar&#8230; salvo a su compa\u00f1era, una mujer enigm\u00e1tica de voluntad inquebrantable. Armados con inmenso poder, impulsados por el recuerdo de la traici\u00f3n y la p\u00e9rdida, los archienemigos est\u00e1n decididos a vengarse&#8230; pero \u00bfqui\u00e9n quedar\u00e1 vivo al final?<\/p>\n","protected":false},"excerpt":{"rendered":"<p>V.E. Schwab<\/p>\n","protected":false},"featured_media":623,"template":"","meta":{"_joinchat":[]},"product_brand":[],"product_cat":[39],"product_tag":[46],"class_list":{"0":"post-622","1":"product","2":"type-product","3":"status-publish","4":"has-post-thumbnail","6":"product_cat-fantasia","7":"product_tag-ediciones-urano","9":"first","10":"instock","11":"shipping-taxable","12":"purchasable","13":"product-type-simple"},"_links":{"self":[{"href":"https:\/\/libreriahistoriasdebolsillo.com\/index.php\/wp-json\/wp\/v2\/product\/622","targetHints":{"allow":["GET"]}}],"collection":[{"href":"https:\/\/libreriahistoriasdebolsillo.com\/index.php\/wp-json\/wp\/v2\/product"}],"about":[{"href":"https:\/\/libreriahistoriasdebolsillo.com\/index.php\/wp-json\/wp\/v2\/types\/product"}],"wp:featuredmedia":[{"embeddable":true,"href":"https:\/\/libreriahistoriasdebolsillo.com\/index.php\/wp-json\/wp\/v2\/media\/623"}],"wp:attachment":[{"href":"https:\/\/libreriahistoriasdebolsillo.com\/index.php\/wp-json\/wp\/v2\/media?parent=622"}],"wp:term":[{"taxonomy":"product_brand","embeddable":true,"href":"https:\/\/libreriahistoriasdebolsillo.com\/index.php\/wp-json\/wp\/v2\/product_brand?post=622"},{"taxonomy":"product_cat","embeddable":true,"href":"https:\/\/libreriahistoriasdebolsillo.com\/index.php\/wp-json\/wp\/v2\/product_cat?post=622"},{"taxonomy":"product_tag","embeddable":true,"href":"https:\/\/libreriahistoriasdebolsillo.com\/index.php\/wp-json\/wp\/v2\/product_tag?post=622"}],"curies":[{"name":"wp","href":"https:\/\/api.w.org\/{rel}","templated":true}]}}