{"id":6220,"date":"2025-02-06T15:10:06","date_gmt":"2025-02-06T21:10:06","guid":{"rendered":"https:\/\/libreriahistoriasdebolsillo.com\/?post_type=product&#038;p=6220"},"modified":"2025-06-16T11:02:25","modified_gmt":"2025-06-16T17:02:25","slug":"el-curioso-incidente-del-perro-a-medianoche","status":"publish","type":"product","link":"https:\/\/libreriahistoriasdebolsillo.com\/index.php\/producto\/el-curioso-incidente-del-perro-a-medianoche\/","title":{"rendered":"El curioso incidente del perro a medianoche"},"content":{"rendered":"<p><b>Elogiada con entusiasmo por autores consagrados como Oliver Sacks e Ian McEwan, ha merecido la aprobaci\u00f3n masiva de los lectores en todos los pa\u00edses donde se ha publicado, adem\u00e1s de galardones como el Premio Whitbread y el Premio de la Commonwealth al Mejor Primer Libro.<\/b><\/p>\n<p>A sus quince a\u00f1os,\u00a0<b>Christopher<\/b>\u00a0conoce las capitales de todos los pa\u00edses del mundo, puede explicar la teor\u00eda de la relatividad y recitar los n\u00fameros primos hasta el\u00a0<b>7.507<\/b>, pero le cuesta relacionarse con otros seres humanos. Le gustan las listas, los esquemas y la verdad, pero odia el\u00a0<b>amarillo<\/b>, el marr\u00f3n y el contacto f\u00edsico. Si bien nunca ha ido solo m\u00e1s all\u00e1 de la esquina, la noche en que el perro de una vecina aparece atravesado por un horc\u00f3n decide salir en busca del\u00a0<b>culpable<\/b>.<\/p>\n<p>Considerada hoy un cl\u00e1sico,\u00a0<i><b>El curioso incidente del perro a medianoche<\/b><\/i>\u00a0es una novela \u00fanica. Ha obtenido diecisiete premios, entre ellos el prestigioso Whitbread y el Premio de la Commonwealth al Mejor Primer Libro, y se ha publicado en cuarenta y tres idiomas, con ventas de m\u00e1s de cinco millones de ejemplares.<\/p>\n","protected":false},"excerpt":{"rendered":"<p>Mark Haddon<\/p>\n<p>272 p\u00e1ginas<\/p>\n","protected":false},"featured_media":6222,"template":"","meta":{"_joinchat":[]},"product_brand":[],"product_cat":[33,70],"product_tag":[34],"class_list":{"0":"post-6220","1":"product","2":"type-product","3":"status-publish","4":"has-post-thumbnail","6":"product_cat-ficcion-general","7":"product_cat-novedades","8":"product_tag-penguin-random-house","10":"first","11":"outofstock","12":"shipping-taxable","13":"purchasable","14":"product-type-simple"},"_links":{"self":[{"href":"https:\/\/libreriahistoriasdebolsillo.com\/index.php\/wp-json\/wp\/v2\/product\/6220","targetHints":{"allow":["GET"]}}],"collection":[{"href":"https:\/\/libreriahistoriasdebolsillo.com\/index.php\/wp-json\/wp\/v2\/product"}],"about":[{"href":"https:\/\/libreriahistoriasdebolsillo.com\/index.php\/wp-json\/wp\/v2\/types\/product"}],"wp:featuredmedia":[{"embeddable":true,"href":"https:\/\/libreriahistoriasdebolsillo.com\/index.php\/wp-json\/wp\/v2\/media\/6222"}],"wp:attachment":[{"href":"https:\/\/libreriahistoriasdebolsillo.com\/index.php\/wp-json\/wp\/v2\/media?parent=6220"}],"wp:term":[{"taxonomy":"product_brand","embeddable":true,"href":"https:\/\/libreriahistoriasdebolsillo.com\/index.php\/wp-json\/wp\/v2\/product_brand?post=6220"},{"taxonomy":"product_cat","embeddable":true,"href":"https:\/\/libreriahistoriasdebolsillo.com\/index.php\/wp-json\/wp\/v2\/product_cat?post=6220"},{"taxonomy":"product_tag","embeddable":true,"href":"https:\/\/libreriahistoriasdebolsillo.com\/index.php\/wp-json\/wp\/v2\/product_tag?post=6220"}],"curies":[{"name":"wp","href":"https:\/\/api.w.org\/{rel}","templated":true}]}}