{"id":6223,"date":"2025-02-06T15:12:36","date_gmt":"2025-02-06T21:12:36","guid":{"rendered":"https:\/\/libreriahistoriasdebolsillo.com\/?post_type=product&#038;p=6223"},"modified":"2025-12-23T10:45:50","modified_gmt":"2025-12-23T16:45:50","slug":"cancion-de-hielo-y-fuego-0-el-caballero-de-los-siete-reinos","status":"publish","type":"product","link":"https:\/\/libreriahistoriasdebolsillo.com\/index.php\/producto\/cancion-de-hielo-y-fuego-0-el-caballero-de-los-siete-reinos\/","title":{"rendered":"Canci\u00f3n de hielo y fuego 0. El caballero de los siete reinos"},"content":{"rendered":"<p><b>Cien a\u00f1os antes de Juego de tronos&#8230; llega por fin la precuela de la vitoreada Canci\u00f3n de hielo y fuego&#8230;<\/b><\/p>\n<p><b><i>Pr\u00f3ximamente una serie de HBO protagonizada por Peter Claffey,Dexter Sol Ansell y Finn Bennett.<\/i><\/b><\/p>\n<p><b>Cien a\u00f1os antes de Juego de tronos&#8230; llega por fin la precuela de la vitoreada Canci\u00f3n de hielo y fuego&#8230;<\/b><\/p>\n<p><b>La precuela de la saga que inspir\u00f3 la filmaci\u00f3n de la aclamada serie televisiva de HBO:\u00a0<i>Game of Thrones.<\/i><\/b><\/p>\n<p>Doscientos a\u00f1os despu\u00e9s de la Conquista, la dinast\u00eda Targaryen vive su apogeo. Los Siete Reinos de Poniente atraviesan un momento de relativa paz en los \u00faltimos a\u00f1os del gobierno del rey Daeron. Es en este escenario que Dunk, un muchacho pobre del Lecho de Pulgas, tiene la oportunidad \u00fanica de dejar su vida miserable y convertirse en el escudero de un aut\u00e9ntico caballero.<\/p>\n<p>Pronto, el caballero muere y Dunk decide tomar su lugar y hacer historia en el torneo de Vado Ceniza. Ah\u00ed conoce a Egg, un ni\u00f1o de 10 a\u00f1os, t\u00edmido y enjuto, quien es mucho m\u00e1s de lo que aparenta. Dunk lo acepta como su escudero y mientras viajan juntos por Poniente en busca de trabajo y aventuras, una amistad duradera nace entre ellos. A\u00f1os m\u00e1s tarde, ambos tendr\u00e1n un papel fundamental en la estructura de poder de los Siete Reinos.<\/p>\n","protected":false},"excerpt":{"rendered":"<p>George R.R. Martin<\/p>\n<p>360 p\u00e1ginas<\/p>\n","protected":false},"featured_media":6224,"template":"","meta":{"_joinchat":[]},"product_brand":[],"product_cat":[39],"product_tag":[34],"class_list":{"0":"post-6223","1":"product","2":"type-product","3":"status-publish","4":"has-post-thumbnail","6":"product_cat-fantasia","7":"product_tag-penguin-random-house","9":"first","10":"outofstock","11":"shipping-taxable","12":"purchasable","13":"product-type-simple"},"_links":{"self":[{"href":"https:\/\/libreriahistoriasdebolsillo.com\/index.php\/wp-json\/wp\/v2\/product\/6223","targetHints":{"allow":["GET"]}}],"collection":[{"href":"https:\/\/libreriahistoriasdebolsillo.com\/index.php\/wp-json\/wp\/v2\/product"}],"about":[{"href":"https:\/\/libreriahistoriasdebolsillo.com\/index.php\/wp-json\/wp\/v2\/types\/product"}],"wp:featuredmedia":[{"embeddable":true,"href":"https:\/\/libreriahistoriasdebolsillo.com\/index.php\/wp-json\/wp\/v2\/media\/6224"}],"wp:attachment":[{"href":"https:\/\/libreriahistoriasdebolsillo.com\/index.php\/wp-json\/wp\/v2\/media?parent=6223"}],"wp:term":[{"taxonomy":"product_brand","embeddable":true,"href":"https:\/\/libreriahistoriasdebolsillo.com\/index.php\/wp-json\/wp\/v2\/product_brand?post=6223"},{"taxonomy":"product_cat","embeddable":true,"href":"https:\/\/libreriahistoriasdebolsillo.com\/index.php\/wp-json\/wp\/v2\/product_cat?post=6223"},{"taxonomy":"product_tag","embeddable":true,"href":"https:\/\/libreriahistoriasdebolsillo.com\/index.php\/wp-json\/wp\/v2\/product_tag?post=6223"}],"curies":[{"name":"wp","href":"https:\/\/api.w.org\/{rel}","templated":true}]}}