{"id":6234,"date":"2025-02-12T11:27:29","date_gmt":"2025-02-12T17:27:29","guid":{"rendered":"https:\/\/libreriahistoriasdebolsillo.com\/?post_type=product&#038;p=6234"},"modified":"2025-03-31T12:18:23","modified_gmt":"2025-03-31T18:18:23","slug":"mujeres-del-alma-mia","status":"publish","type":"product","link":"https:\/\/libreriahistoriasdebolsillo.com\/index.php\/producto\/mujeres-del-alma-mia\/","title":{"rendered":"Mujeres del alma m\u00eda"},"content":{"rendered":"<p>En este libro emocionante,\u00a0<b>Isabel Allende<\/b>\u00a0bucea en su memoria y nos ofrece una reflexi\u00f3n personal sobre su relaci\u00f3n con el\u00a0<b>feminismo<\/b>\u00a0y el hecho de ser\u00a0<b>mujer<\/b>, al tiempo que repasa la pasi\u00f3n por la vida que la ha movido desde la infancia hasta hoy. Su historia se remonta a las\u00a0<b>luchas<\/b>\u00a0por los derechos femeninos de los a\u00f1os sesenta, pero tambi\u00e9n mira hacia el futuro y considera a las j\u00f3venes que concentran la rebeld\u00eda de las\u00a0<b>nuevas<\/b>\u00a0<b>generaciones<\/b>, as\u00ed como a las mujeres an\u00f3nimas que han sufrido la violencia y que, llenas de dignidad y coraje, se levantan y avanzan.<\/p>\n<p>Con referencias al movimiento\u00a0<b>#MeToo<\/b>\u00a0o a las nuevas situaciones que ha suscitado la pandemia, la gran autora chilena reivindica la lucha de las mujeres por vivir en paz, disponer de sus recursos, tener pleno control de sus cuerpos y poder\u00a0<b>amar libremente\u00a0<\/b>.<\/p>\n","protected":false},"excerpt":{"rendered":"<p>Isabel Allende<\/p>\n<p>192 p\u00e1ginas<\/p>\n","protected":false},"featured_media":6235,"template":"","meta":{"_joinchat":[]},"product_brand":[],"product_cat":[41],"product_tag":[34],"class_list":{"0":"post-6234","1":"product","2":"type-product","3":"status-publish","4":"has-post-thumbnail","6":"product_cat-desarrollo-humano","7":"product_tag-penguin-random-house","9":"first","10":"outofstock","11":"shipping-taxable","12":"purchasable","13":"product-type-simple"},"_links":{"self":[{"href":"https:\/\/libreriahistoriasdebolsillo.com\/index.php\/wp-json\/wp\/v2\/product\/6234","targetHints":{"allow":["GET"]}}],"collection":[{"href":"https:\/\/libreriahistoriasdebolsillo.com\/index.php\/wp-json\/wp\/v2\/product"}],"about":[{"href":"https:\/\/libreriahistoriasdebolsillo.com\/index.php\/wp-json\/wp\/v2\/types\/product"}],"wp:featuredmedia":[{"embeddable":true,"href":"https:\/\/libreriahistoriasdebolsillo.com\/index.php\/wp-json\/wp\/v2\/media\/6235"}],"wp:attachment":[{"href":"https:\/\/libreriahistoriasdebolsillo.com\/index.php\/wp-json\/wp\/v2\/media?parent=6234"}],"wp:term":[{"taxonomy":"product_brand","embeddable":true,"href":"https:\/\/libreriahistoriasdebolsillo.com\/index.php\/wp-json\/wp\/v2\/product_brand?post=6234"},{"taxonomy":"product_cat","embeddable":true,"href":"https:\/\/libreriahistoriasdebolsillo.com\/index.php\/wp-json\/wp\/v2\/product_cat?post=6234"},{"taxonomy":"product_tag","embeddable":true,"href":"https:\/\/libreriahistoriasdebolsillo.com\/index.php\/wp-json\/wp\/v2\/product_tag?post=6234"}],"curies":[{"name":"wp","href":"https:\/\/api.w.org\/{rel}","templated":true}]}}