{"id":6238,"date":"2025-02-12T11:31:49","date_gmt":"2025-02-12T17:31:49","guid":{"rendered":"https:\/\/libreriahistoriasdebolsillo.com\/?post_type=product&#038;p=6238"},"modified":"2025-04-10T15:16:16","modified_gmt":"2025-04-10T21:16:16","slug":"como-sanamos","status":"publish","type":"product","link":"https:\/\/libreriahistoriasdebolsillo.com\/index.php\/producto\/como-sanamos\/","title":{"rendered":"C\u00f3mo sanamos"},"content":{"rendered":"<p><b>Sanamos para reclamar nuestras historias. Sanamos para hacer espacio en nuestras vidas. Sanamos para perdonar, para liberarnos de la verg\u00fcenza y para seguir adelante. Sanamos para construir comunidad. Sanamos para manifestar amor propio. Sanamos para empezar de nuevo.<\/b><\/p>\n<p><i><b>C\u00f3mo sanamos<\/b><\/i><i>,<\/i>\u00a0de Alexandra Elle, escritora bestseller y\u00a0<b>edu<\/b><b>cadora en bienestar<\/b>, es una gu\u00eda que\u00a0<b>alimentar\u00e1 tu esp\u00edritu<\/b>\u00a0y alegrar\u00e1 tu vida. En estas p\u00e1ginas, encontrar\u00e1s t\u00e9cnicas esenciales para la autosanaci\u00f3n, incluyendo rituales cotidianos para cultivar tu fuerza,\u00a0<b>ejercicios de empoderamien<\/b><b>to<\/b>\u00a0para liberar tu fuerte\u00a0<b>carga emocional<\/b>\u00a0y meditaciones reparadoras para calmar mente y cuerpo. Las pr\u00e1cticas se complementan con las poderosas reflexiones del viaje de autodescubrimiento de la autora y las extraordinarias historias de\u00a0<b>sanaci\u00f3n<\/b>\u00a0de una serie de voces destacadas, como\u00a0<b>Glennon<\/b><b>\u00a0Doyle,<\/b>\u00a0<b>Nedra<\/b><b>\u00a0Glover<\/b>\u00a0<b>Tawwab<\/b><b>\u00a0y Morgan Harper Nichols<\/b>, entre otras. Rebosante de calidez y franqueza, este libro ser\u00e1 imprescindible para que descubras la belleza, la verdad y el poder que viven dentro de ti.<\/p>\n","protected":false},"excerpt":{"rendered":"<p>Alexandra Elle<\/p>\n<p>256 p\u00e1ginas<\/p>\n","protected":false},"featured_media":6239,"template":"","meta":{"_joinchat":[]},"product_brand":[],"product_cat":[41,70],"product_tag":[34],"class_list":{"0":"post-6238","1":"product","2":"type-product","3":"status-publish","4":"has-post-thumbnail","6":"product_cat-desarrollo-humano","7":"product_cat-novedades","8":"product_tag-penguin-random-house","10":"first","11":"outofstock","12":"shipping-taxable","13":"purchasable","14":"product-type-simple"},"_links":{"self":[{"href":"https:\/\/libreriahistoriasdebolsillo.com\/index.php\/wp-json\/wp\/v2\/product\/6238","targetHints":{"allow":["GET"]}}],"collection":[{"href":"https:\/\/libreriahistoriasdebolsillo.com\/index.php\/wp-json\/wp\/v2\/product"}],"about":[{"href":"https:\/\/libreriahistoriasdebolsillo.com\/index.php\/wp-json\/wp\/v2\/types\/product"}],"wp:featuredmedia":[{"embeddable":true,"href":"https:\/\/libreriahistoriasdebolsillo.com\/index.php\/wp-json\/wp\/v2\/media\/6239"}],"wp:attachment":[{"href":"https:\/\/libreriahistoriasdebolsillo.com\/index.php\/wp-json\/wp\/v2\/media?parent=6238"}],"wp:term":[{"taxonomy":"product_brand","embeddable":true,"href":"https:\/\/libreriahistoriasdebolsillo.com\/index.php\/wp-json\/wp\/v2\/product_brand?post=6238"},{"taxonomy":"product_cat","embeddable":true,"href":"https:\/\/libreriahistoriasdebolsillo.com\/index.php\/wp-json\/wp\/v2\/product_cat?post=6238"},{"taxonomy":"product_tag","embeddable":true,"href":"https:\/\/libreriahistoriasdebolsillo.com\/index.php\/wp-json\/wp\/v2\/product_tag?post=6238"}],"curies":[{"name":"wp","href":"https:\/\/api.w.org\/{rel}","templated":true}]}}