{"id":6240,"date":"2025-02-12T11:34:19","date_gmt":"2025-02-12T17:34:19","guid":{"rendered":"https:\/\/libreriahistoriasdebolsillo.com\/?post_type=product&#038;p=6240"},"modified":"2025-04-23T17:43:57","modified_gmt":"2025-04-23T23:43:57","slug":"conclave","status":"publish","type":"product","link":"https:\/\/libreriahistoriasdebolsillo.com\/index.php\/producto\/conclave\/","title":{"rendered":"C\u00f3nclave"},"content":{"rendered":"<p><b>La nueva novela de intriga de Robert Harris. Un thriller con un ritmo y un suspense perfectamente ensamblados, sobre la celebraci\u00f3n del c\u00f3nclave en el que se elegir\u00e1 al pr\u00f3ximo Sumo Pont\u00edfice de la Iglesia Cat\u00f3lica.<\/b><\/p>\n<p align=\"JUSTIFY\">El Papa ha muerto.<\/p>\n<p align=\"JUSTIFY\">En la Capilla Sixtina, a puerta cerrada, ciento dieciocho cardenales procedentes de todos los rincones del globo emitir\u00e1n su voto en la elecci\u00f3n m\u00e1s secreta del mundo.<\/p>\n<p align=\"JUSTIFY\">Son hombres de fe. Pero tienen ambiciones. Y rivales.<\/p>\n<p align=\"JUSTIFY\">En las pr\u00f3ximas setenta y dos horas uno de ellos se convertir\u00e1 en el l\u00edder espiritual con m\u00e1s poder de la tierra.<\/p>\n<p align=\"JUSTIFY\">C\u00f3nclave ha sido elegido uno de los mejores libros de 2016 por The Sunday Times y Observer.<\/p>\n","protected":false},"excerpt":{"rendered":"<p>Robert Harris<\/p>\n<p>336 p\u00e1ginas<\/p>\n","protected":false},"featured_media":6241,"template":"","meta":{"_joinchat":[]},"product_brand":[],"product_cat":[37],"product_tag":[34],"class_list":{"0":"post-6240","1":"product","2":"type-product","3":"status-publish","4":"has-post-thumbnail","6":"product_cat-misterio-y-thriller","7":"product_tag-penguin-random-house","9":"first","10":"outofstock","11":"shipping-taxable","12":"purchasable","13":"product-type-simple"},"_links":{"self":[{"href":"https:\/\/libreriahistoriasdebolsillo.com\/index.php\/wp-json\/wp\/v2\/product\/6240","targetHints":{"allow":["GET"]}}],"collection":[{"href":"https:\/\/libreriahistoriasdebolsillo.com\/index.php\/wp-json\/wp\/v2\/product"}],"about":[{"href":"https:\/\/libreriahistoriasdebolsillo.com\/index.php\/wp-json\/wp\/v2\/types\/product"}],"wp:featuredmedia":[{"embeddable":true,"href":"https:\/\/libreriahistoriasdebolsillo.com\/index.php\/wp-json\/wp\/v2\/media\/6241"}],"wp:attachment":[{"href":"https:\/\/libreriahistoriasdebolsillo.com\/index.php\/wp-json\/wp\/v2\/media?parent=6240"}],"wp:term":[{"taxonomy":"product_brand","embeddable":true,"href":"https:\/\/libreriahistoriasdebolsillo.com\/index.php\/wp-json\/wp\/v2\/product_brand?post=6240"},{"taxonomy":"product_cat","embeddable":true,"href":"https:\/\/libreriahistoriasdebolsillo.com\/index.php\/wp-json\/wp\/v2\/product_cat?post=6240"},{"taxonomy":"product_tag","embeddable":true,"href":"https:\/\/libreriahistoriasdebolsillo.com\/index.php\/wp-json\/wp\/v2\/product_tag?post=6240"}],"curies":[{"name":"wp","href":"https:\/\/api.w.org\/{rel}","templated":true}]}}