{"id":6242,"date":"2025-02-12T11:36:11","date_gmt":"2025-02-12T17:36:11","guid":{"rendered":"https:\/\/libreriahistoriasdebolsillo.com\/?post_type=product&#038;p=6242"},"modified":"2025-03-19T14:06:25","modified_gmt":"2025-03-19T20:06:25","slug":"lidera","status":"publish","type":"product","link":"https:\/\/libreriahistoriasdebolsillo.com\/index.php\/producto\/lidera\/","title":{"rendered":"\u00a1Lidera!"},"content":{"rendered":"<p>Este nuevo libro de\u00a0<b>Dale Carnegie<\/b>, basado en su Modelo de \u00c9xito en Direcci\u00f3n y Principios de\u00a0<b>Relaciones Humanas<\/b>, ofrece\u00a0<b>herramientas<\/b>\u00a0para enfrentar los desaf\u00edos de la gesti\u00f3n, fomentando un cambio de mentalidad y comportamiento hacia un\u00a0<b>liderazgo<\/b>\u00a0m\u00e1s positivo y seguro. Proporciona consejos pr\u00e1cticos, estrategias y ejemplos reales de\u00a0<b>l\u00edderes destacados<\/b>, con el objetivo de empoderar a los lectores para que descubran su potencial y se conviertan en gu\u00edas excepcionales. Seg\u00fan Carnegie, el \u00e9xito de un equipo depende de una conducci\u00f3n efectiva, crucial en un mundo en constante cambio.<\/p>\n","protected":false},"excerpt":{"rendered":"<p>Dale Carnegie<\/p>\n<p>224 p\u00e1ginas<\/p>\n","protected":false},"featured_media":6243,"template":"","meta":{"_joinchat":[]},"product_brand":[],"product_cat":[41,70],"product_tag":[34],"class_list":{"0":"post-6242","1":"product","2":"type-product","3":"status-publish","4":"has-post-thumbnail","6":"product_cat-desarrollo-humano","7":"product_cat-novedades","8":"product_tag-penguin-random-house","10":"first","11":"outofstock","12":"shipping-taxable","13":"purchasable","14":"product-type-simple"},"_links":{"self":[{"href":"https:\/\/libreriahistoriasdebolsillo.com\/index.php\/wp-json\/wp\/v2\/product\/6242","targetHints":{"allow":["GET"]}}],"collection":[{"href":"https:\/\/libreriahistoriasdebolsillo.com\/index.php\/wp-json\/wp\/v2\/product"}],"about":[{"href":"https:\/\/libreriahistoriasdebolsillo.com\/index.php\/wp-json\/wp\/v2\/types\/product"}],"wp:featuredmedia":[{"embeddable":true,"href":"https:\/\/libreriahistoriasdebolsillo.com\/index.php\/wp-json\/wp\/v2\/media\/6243"}],"wp:attachment":[{"href":"https:\/\/libreriahistoriasdebolsillo.com\/index.php\/wp-json\/wp\/v2\/media?parent=6242"}],"wp:term":[{"taxonomy":"product_brand","embeddable":true,"href":"https:\/\/libreriahistoriasdebolsillo.com\/index.php\/wp-json\/wp\/v2\/product_brand?post=6242"},{"taxonomy":"product_cat","embeddable":true,"href":"https:\/\/libreriahistoriasdebolsillo.com\/index.php\/wp-json\/wp\/v2\/product_cat?post=6242"},{"taxonomy":"product_tag","embeddable":true,"href":"https:\/\/libreriahistoriasdebolsillo.com\/index.php\/wp-json\/wp\/v2\/product_tag?post=6242"}],"curies":[{"name":"wp","href":"https:\/\/api.w.org\/{rel}","templated":true}]}}