{"id":6244,"date":"2025-02-12T11:38:22","date_gmt":"2025-02-12T17:38:22","guid":{"rendered":"https:\/\/libreriahistoriasdebolsillo.com\/?post_type=product&#038;p=6244"},"modified":"2025-02-12T11:38:22","modified_gmt":"2025-02-12T17:38:22","slug":"yo-decido","status":"publish","type":"product","link":"https:\/\/libreriahistoriasdebolsillo.com\/index.php\/producto\/yo-decido\/","title":{"rendered":"Yo decido"},"content":{"rendered":"<p><b>YO DECIDO amarme, mi salud,<\/b>\u00a0<b>mi armon\u00eda y bienestar emocional.<\/b><\/p>\n<p>\u00bfPor qu\u00e9 aceptar que los dem\u00e1s decidan\u00a0<b>tu felicidad<\/b>? \u00bfPor qu\u00e9 tener miedo de elegir tu trabajo, tus amistades,\u00a0<b>tus relaciones<\/b>? \u00bfDeseas una vida plena y saludable? \u00bfAnhelas realizar todos tus sue\u00f1os sin dudar de tus elecciones? No le des m\u00e1s vueltas:<b>DECIDE<\/b>. Toma las riendas de tu vida y elige el amor, el \u00e9xito y la gratitud.<\/p>\n<p>En este maravilloso libro,\u00a0<b>Gaby Vargas<\/b>\u00a0te ense\u00f1a a tomar las mejores decisiones para conseguir el\u00a0<b>bienestar<\/b>\u00a0que tanta falta hace en tu vida, a entender tus necesidades espirituales y a comprender con cari\u00f1o y tolerancia a los dem\u00e1s. Con\u00a0<b>an\u00e9cdotas<\/b>\u00a0e historias de vida inolvidables, y consejos pr\u00e1cticos para alcanzar una excelente calidad de vida, este libro es la gran oportunidad para\u00a0<b>cambiar positivamente<\/b>.<\/p>\n<p>Cada cap\u00edtulo de\u00a0<i><b>YO DECIDO<\/b><\/i>\u00a0es una invitaci\u00f3n a elegir lo mejor de la vida y a escoger una buena salud f\u00edsica y mental; sus p\u00e1ginas revelan opciones efectivas para transformar tu actitud y tus cuidados personales, para enfrentar asertivamente a tus enemigos y disfrutar a tus seres queridos. Con\u00a0<i><b>YO DECIDO<\/b><\/i>\u00a0aprender\u00e1s a amarte sin culpas, y a\u00a0<b>vivir intensamente<\/b>.<\/p>\n","protected":false},"excerpt":{"rendered":"<p>Gaby Vargas<\/p>\n<p>264 p\u00e1ginas<\/p>\n","protected":false},"featured_media":6245,"template":"","meta":{"_joinchat":[]},"product_brand":[],"product_cat":[58,41],"product_tag":[34],"class_list":{"0":"post-6244","1":"product","2":"type-product","3":"status-publish","4":"has-post-thumbnail","6":"product_cat-desarrollo-humano-y-superacion","7":"product_cat-desarrollo-humano","8":"product_tag-penguin-random-house","10":"first","11":"instock","12":"shipping-taxable","13":"purchasable","14":"product-type-simple"},"_links":{"self":[{"href":"https:\/\/libreriahistoriasdebolsillo.com\/index.php\/wp-json\/wp\/v2\/product\/6244","targetHints":{"allow":["GET"]}}],"collection":[{"href":"https:\/\/libreriahistoriasdebolsillo.com\/index.php\/wp-json\/wp\/v2\/product"}],"about":[{"href":"https:\/\/libreriahistoriasdebolsillo.com\/index.php\/wp-json\/wp\/v2\/types\/product"}],"wp:featuredmedia":[{"embeddable":true,"href":"https:\/\/libreriahistoriasdebolsillo.com\/index.php\/wp-json\/wp\/v2\/media\/6245"}],"wp:attachment":[{"href":"https:\/\/libreriahistoriasdebolsillo.com\/index.php\/wp-json\/wp\/v2\/media?parent=6244"}],"wp:term":[{"taxonomy":"product_brand","embeddable":true,"href":"https:\/\/libreriahistoriasdebolsillo.com\/index.php\/wp-json\/wp\/v2\/product_brand?post=6244"},{"taxonomy":"product_cat","embeddable":true,"href":"https:\/\/libreriahistoriasdebolsillo.com\/index.php\/wp-json\/wp\/v2\/product_cat?post=6244"},{"taxonomy":"product_tag","embeddable":true,"href":"https:\/\/libreriahistoriasdebolsillo.com\/index.php\/wp-json\/wp\/v2\/product_tag?post=6244"}],"curies":[{"name":"wp","href":"https:\/\/api.w.org\/{rel}","templated":true}]}}