{"id":6246,"date":"2025-02-12T11:40:49","date_gmt":"2025-02-12T17:40:49","guid":{"rendered":"https:\/\/libreriahistoriasdebolsillo.com\/?post_type=product&#038;p=6246"},"modified":"2025-08-11T10:09:46","modified_gmt":"2025-08-11T16:09:46","slug":"despierta-tu-inteligencia","status":"publish","type":"product","link":"https:\/\/libreriahistoriasdebolsillo.com\/index.php\/producto\/despierta-tu-inteligencia\/","title":{"rendered":"Despierta tu inteligencia"},"content":{"rendered":"<p><b>DESCUBRE LOS SECRETOS PARA PENSAR Y ACTUAR COMO LAS PERSONAS M\u00c1S EXITOSAS DEL MUNDO Y DISFRUTA DE LOS RESULTADOS.<\/b><\/p>\n<p>En el mundo actual tienes que\u00a0<b>ser inteligente<\/b>\u00a0para avanzar. Pero la mayor\u00eda de las personas usa solo cerca de un dos por ciento de su\u00a0<b>capacidad mental<\/b>. \u00bfC\u00f3mo revertir esta situaci\u00f3n y liberar el\u00a0<b>m\u00e1ximo potencial<\/b>\u00a0de nuestro cerebro para aprovechar cada oportunidad?<\/p>\n<p>Brian Tracy, autor bestseller y reconocido experto en\u00a0<b>m\u00e9todos<\/b>\u00a0para obtener el \u00e9xito, revela formas simples y comprobadas para activar nuestros talentos y habilidades y as\u00ed conseguir por fin la realizaci\u00f3n de nuestros sue\u00f1os. En\u00a0<i><b>Despierta tu inteligencia<\/b><\/i>\u00a0aprender\u00e1s a:<\/p>\n<p>\u2022\u00a0<b>Entrenar tu mente<\/b>\u00a0para pensar de formas que generen resultados exitosos.<\/p>\n<p>\u2022 Reconocer y\u00a0<b>aprovechar oportunidades<\/b>\u00a0de crecimiento en cualquier situaci\u00f3n.<\/p>\n<p>\u2022 Identificar y\u00a0<b>eliminar patrones negativos<\/b>\u00a0que te limitan.<\/p>\n<p>\u2022 Planificar, actuar y\u00a0<b>alcanzar tus metas<\/b>\u00a0con mayor precisi\u00f3n y rapidez.<\/p>\n<p>Ya sea que desees aumentar tus ventas, potenciar tu creatividad o enfrentar mejor los cambios inesperados de la vida, este libro te ayudar\u00e1 a activar tus\u00a0<b>incre\u00edbles recursos<\/b>\u00a0mentales para obtener los resultados que deseas y disfrutar de los mismos beneficios que gozan las\u00a0<b>personas exitosas<\/b>.<\/p>\n","protected":false},"excerpt":{"rendered":"<p>Brian Tracy<\/p>\n<p>264 p\u00e1ginas<\/p>\n","protected":false},"featured_media":6247,"template":"","meta":{"_joinchat":[]},"product_brand":[],"product_cat":[58,41,70],"product_tag":[34],"class_list":{"0":"post-6246","1":"product","2":"type-product","3":"status-publish","4":"has-post-thumbnail","6":"product_cat-desarrollo-humano-y-superacion","7":"product_cat-desarrollo-humano","8":"product_cat-novedades","9":"product_tag-penguin-random-house","11":"first","12":"outofstock","13":"shipping-taxable","14":"purchasable","15":"product-type-simple"},"_links":{"self":[{"href":"https:\/\/libreriahistoriasdebolsillo.com\/index.php\/wp-json\/wp\/v2\/product\/6246","targetHints":{"allow":["GET"]}}],"collection":[{"href":"https:\/\/libreriahistoriasdebolsillo.com\/index.php\/wp-json\/wp\/v2\/product"}],"about":[{"href":"https:\/\/libreriahistoriasdebolsillo.com\/index.php\/wp-json\/wp\/v2\/types\/product"}],"wp:featuredmedia":[{"embeddable":true,"href":"https:\/\/libreriahistoriasdebolsillo.com\/index.php\/wp-json\/wp\/v2\/media\/6247"}],"wp:attachment":[{"href":"https:\/\/libreriahistoriasdebolsillo.com\/index.php\/wp-json\/wp\/v2\/media?parent=6246"}],"wp:term":[{"taxonomy":"product_brand","embeddable":true,"href":"https:\/\/libreriahistoriasdebolsillo.com\/index.php\/wp-json\/wp\/v2\/product_brand?post=6246"},{"taxonomy":"product_cat","embeddable":true,"href":"https:\/\/libreriahistoriasdebolsillo.com\/index.php\/wp-json\/wp\/v2\/product_cat?post=6246"},{"taxonomy":"product_tag","embeddable":true,"href":"https:\/\/libreriahistoriasdebolsillo.com\/index.php\/wp-json\/wp\/v2\/product_tag?post=6246"}],"curies":[{"name":"wp","href":"https:\/\/api.w.org\/{rel}","templated":true}]}}