{"id":6248,"date":"2025-02-12T11:43:05","date_gmt":"2025-02-12T17:43:05","guid":{"rendered":"https:\/\/libreriahistoriasdebolsillo.com\/?post_type=product&#038;p=6248"},"modified":"2026-03-10T14:40:43","modified_gmt":"2026-03-10T20:40:43","slug":"culpables-1-culpa-mia-ed-especial-pasta-dura","status":"publish","type":"product","link":"https:\/\/libreriahistoriasdebolsillo.com\/index.php\/producto\/culpables-1-culpa-mia-ed-especial-pasta-dura\/","title":{"rendered":"Culpables 1. Culpa m\u00eda (Ed. especial pasta dura)"},"content":{"rendered":"<p><b>NICHOLAS LEISTER HA SIDO CREADO<\/b>\u00a0<b>PARA AMARGARME LA VIDA&#8230;<\/b><\/p>\n<p>Alto, ojos azules, pelo negro como la noche\u2026\u00a0<b>Suena genial<\/b>, \u00bfverdad? Pues no lo es tanto cuando te enteras de que va a ser tu\u00a0<b>hermanastro<\/b>\u00a0y de que, adem\u00e1s, representa todo aquello de lo que has estado huyendo desde que tienes uso de raz\u00f3n.<\/p>\n<p><b>\u00abPeligro\u00bb<\/b>\u00a0fue lo primero que me vino a la cabeza cuando lo conoc\u00ed y descubr\u00ed que mantiene una doble vida que oculta a mi nuevo\u00a0<b>padrastro millonario<\/b>.<\/p>\n<p>\u00bfC\u00f3mo termin\u00e9 cayendo en sus redes? F\u00e1cil: con esos ojos es capaz de poner tu mundo patas arriba.<\/p>\n","protected":false},"excerpt":{"rendered":"<p>Mercedes Ron<\/p>\n<p>448 p\u00e1ginas<\/p>\n","protected":false},"featured_media":6249,"template":"","meta":{"_joinchat":[]},"product_brand":[],"product_cat":[52,70,35],"product_tag":[34],"class_list":{"0":"post-6248","1":"product","2":"type-product","3":"status-publish","4":"has-post-thumbnail","6":"product_cat-juvenil","7":"product_cat-novedades","8":"product_cat-romantica","9":"product_tag-penguin-random-house","11":"first","12":"outofstock","13":"shipping-taxable","14":"purchasable","15":"product-type-simple"},"_links":{"self":[{"href":"https:\/\/libreriahistoriasdebolsillo.com\/index.php\/wp-json\/wp\/v2\/product\/6248","targetHints":{"allow":["GET"]}}],"collection":[{"href":"https:\/\/libreriahistoriasdebolsillo.com\/index.php\/wp-json\/wp\/v2\/product"}],"about":[{"href":"https:\/\/libreriahistoriasdebolsillo.com\/index.php\/wp-json\/wp\/v2\/types\/product"}],"wp:featuredmedia":[{"embeddable":true,"href":"https:\/\/libreriahistoriasdebolsillo.com\/index.php\/wp-json\/wp\/v2\/media\/6249"}],"wp:attachment":[{"href":"https:\/\/libreriahistoriasdebolsillo.com\/index.php\/wp-json\/wp\/v2\/media?parent=6248"}],"wp:term":[{"taxonomy":"product_brand","embeddable":true,"href":"https:\/\/libreriahistoriasdebolsillo.com\/index.php\/wp-json\/wp\/v2\/product_brand?post=6248"},{"taxonomy":"product_cat","embeddable":true,"href":"https:\/\/libreriahistoriasdebolsillo.com\/index.php\/wp-json\/wp\/v2\/product_cat?post=6248"},{"taxonomy":"product_tag","embeddable":true,"href":"https:\/\/libreriahistoriasdebolsillo.com\/index.php\/wp-json\/wp\/v2\/product_tag?post=6248"}],"curies":[{"name":"wp","href":"https:\/\/api.w.org\/{rel}","templated":true}]}}