{"id":625,"date":"2023-11-20T11:46:52","date_gmt":"2023-11-20T17:46:52","guid":{"rendered":"https:\/\/libreriahistoriasdebolsillo.com\/?post_type=product&#038;p=625"},"modified":"2024-01-21T09:53:06","modified_gmt":"2024-01-21T15:53:06","slug":"625","status":"publish","type":"product","link":"https:\/\/libreriahistoriasdebolsillo.com\/index.php\/producto\/625\/","title":{"rendered":"Tragedia en Villa Rosato"},"content":{"rendered":"<p>De ni\u00f1as, Emily y Chess eran inseparables. Pero, con los a\u00f1os, ese v\u00ednculo se ha ido desgastando a causa de las exigencias de la vida adulta. As\u00ed que, cuando Chess sugiere hacer un viaje de chicas a Italia, Emily no duda en aceptar, ansiosa por recuperar ese lazo con su vieja amiga. Villa Aestas, en Orvieto, es ahora una casa vacacional de lujo, pero en 1974 era conocida como Villa Rosato. Aquel verano fue alquilada por la infame estrella del rock Noel Gordon, quien, desesperado por recuperar la chispa creativa, invita al m\u00fasico Pierce Sheldon, a su novia y a su hermanastra a unirse a \u00e9l. Pero ello desencadena una serie de sucesos que llevan a Mari, la novia de Sheldon, a escribir una de las mejores novelas de terror de todos los tiempos; a Lara, su hermanastra, a componer un \u00e1lbum, y que acaban con el brutal asesinato de Pierce. A medida que Emily indaga en la complicada historia de la villa, comienza a sospechar que hay algo m\u00e1s detr\u00e1s de la historia de aquel fat\u00eddico verano de 1974. Que, quiz\u00e1s, el asesinato de Pierce no fue solo una historia de sexo, drogas y rock and roll que se fue de las manos, sino que pudo haber ocurrido algo mucho m\u00e1s siniestro. Y que, tal vez, la respuesta se encuentre en los ic\u00f3nicos trabajos de Mari y Lara, que nacieron aquel verano. Cuando los secretos comienzan a salir a la luz, Emily se da cuenta de que la historia tiene una curiosa forma de repetirse y, tal vez, ese verano, Villa Rosato reclame una nueva v\u00edctima. Inspirada en Fleetwood Mac, los cr\u00edmenes de Manson y el infame verano que Percy y Mary Shelley pasaron con lord Byron en una mansi\u00f3n pr\u00f3xima al lago de ginebra, el lugar donde se concibi\u00f3 Frankenstein.<\/p>\n","protected":false},"excerpt":{"rendered":"<p>Rachel Hawkins<\/p>\n","protected":false},"featured_media":626,"template":"","meta":{"_joinchat":[]},"product_brand":[],"product_cat":[37],"product_tag":[46],"class_list":{"0":"post-625","1":"product","2":"type-product","3":"status-publish","4":"has-post-thumbnail","6":"product_cat-misterio-y-thriller","7":"product_tag-ediciones-urano","9":"first","10":"outofstock","11":"shipping-taxable","12":"purchasable","13":"product-type-simple"},"_links":{"self":[{"href":"https:\/\/libreriahistoriasdebolsillo.com\/index.php\/wp-json\/wp\/v2\/product\/625","targetHints":{"allow":["GET"]}}],"collection":[{"href":"https:\/\/libreriahistoriasdebolsillo.com\/index.php\/wp-json\/wp\/v2\/product"}],"about":[{"href":"https:\/\/libreriahistoriasdebolsillo.com\/index.php\/wp-json\/wp\/v2\/types\/product"}],"wp:featuredmedia":[{"embeddable":true,"href":"https:\/\/libreriahistoriasdebolsillo.com\/index.php\/wp-json\/wp\/v2\/media\/626"}],"wp:attachment":[{"href":"https:\/\/libreriahistoriasdebolsillo.com\/index.php\/wp-json\/wp\/v2\/media?parent=625"}],"wp:term":[{"taxonomy":"product_brand","embeddable":true,"href":"https:\/\/libreriahistoriasdebolsillo.com\/index.php\/wp-json\/wp\/v2\/product_brand?post=625"},{"taxonomy":"product_cat","embeddable":true,"href":"https:\/\/libreriahistoriasdebolsillo.com\/index.php\/wp-json\/wp\/v2\/product_cat?post=625"},{"taxonomy":"product_tag","embeddable":true,"href":"https:\/\/libreriahistoriasdebolsillo.com\/index.php\/wp-json\/wp\/v2\/product_tag?post=625"}],"curies":[{"name":"wp","href":"https:\/\/api.w.org\/{rel}","templated":true}]}}