{"id":6250,"date":"2025-02-12T11:45:54","date_gmt":"2025-02-12T17:45:54","guid":{"rendered":"https:\/\/libreriahistoriasdebolsillo.com\/?post_type=product&#038;p=6250"},"modified":"2025-06-09T10:59:08","modified_gmt":"2025-06-09T16:59:08","slug":"los-chicos-de-tommen-4-redeeming-6","status":"publish","type":"product","link":"https:\/\/libreriahistoriasdebolsillo.com\/index.php\/producto\/los-chicos-de-tommen-4-redeeming-6\/","title":{"rendered":"Los chicos de Tommen 4. Redeeming 6"},"content":{"rendered":"<p><b>Enamorarse fue f\u00e1cil. <\/b><b>Lo que viene despu\u00e9s es el verdadero desaf\u00edo\u2026<\/b><\/p>\n<p>Mientras el mundo se\u00a0<b>desmorona<\/b>\u00a0a su alrededor, la vida de\u00a0<b>Joey Lynch<\/b>\u00a0es m\u00e1s turbulenta que nunca.\u00a0<b>Desesperado<\/b>\u00a0por sentirse digno de la \u00fanica persona en la que ha confiado jam\u00e1s, Joey lucha por alejarse de un entorno que amenaza con\u00a0<b>destruirlo todo<\/b>. Pero, con tanto en su contra, \u00bflograr\u00e1 mantenerse a flote?<\/p>\n<p>Sin intenci\u00f3n de\u00a0<b>abandonar<\/b>\u00a0al chico al que ama,\u00a0<b>Aoife<\/b>\u00a0<b>Molloy<\/b>\u00a0pelea por salvarlo de la autodestrucci\u00f3n. Ahog\u00e1ndose en un mundo que no comprende, sin otra gu\u00eda que los dictados de su\u00a0<b>coraz\u00f3n<\/b>, se niega a darle la espalda a Joey incluso cuando parece que tienen todas las de perder.<\/p>\n<p>Pese al\u00a0<b>sufrimiento<\/b>\u00a0y el horror, Aoife y Joey nunca han dejado de apoyarse el uno al otro. \u00bfSer\u00e1 diferente esta vez?<\/p>\n","protected":false},"excerpt":{"rendered":"<p>Chloe Walsh<\/p>\n<p>816 p\u00e1ginas<\/p>\n","protected":false},"featured_media":6251,"template":"","meta":{"_joinchat":[]},"product_brand":[],"product_cat":[52,70,35],"product_tag":[34],"class_list":{"0":"post-6250","1":"product","2":"type-product","3":"status-publish","4":"has-post-thumbnail","6":"product_cat-juvenil","7":"product_cat-novedades","8":"product_cat-romantica","9":"product_tag-penguin-random-house","11":"first","12":"outofstock","13":"shipping-taxable","14":"purchasable","15":"product-type-simple"},"_links":{"self":[{"href":"https:\/\/libreriahistoriasdebolsillo.com\/index.php\/wp-json\/wp\/v2\/product\/6250","targetHints":{"allow":["GET"]}}],"collection":[{"href":"https:\/\/libreriahistoriasdebolsillo.com\/index.php\/wp-json\/wp\/v2\/product"}],"about":[{"href":"https:\/\/libreriahistoriasdebolsillo.com\/index.php\/wp-json\/wp\/v2\/types\/product"}],"wp:featuredmedia":[{"embeddable":true,"href":"https:\/\/libreriahistoriasdebolsillo.com\/index.php\/wp-json\/wp\/v2\/media\/6251"}],"wp:attachment":[{"href":"https:\/\/libreriahistoriasdebolsillo.com\/index.php\/wp-json\/wp\/v2\/media?parent=6250"}],"wp:term":[{"taxonomy":"product_brand","embeddable":true,"href":"https:\/\/libreriahistoriasdebolsillo.com\/index.php\/wp-json\/wp\/v2\/product_brand?post=6250"},{"taxonomy":"product_cat","embeddable":true,"href":"https:\/\/libreriahistoriasdebolsillo.com\/index.php\/wp-json\/wp\/v2\/product_cat?post=6250"},{"taxonomy":"product_tag","embeddable":true,"href":"https:\/\/libreriahistoriasdebolsillo.com\/index.php\/wp-json\/wp\/v2\/product_tag?post=6250"}],"curies":[{"name":"wp","href":"https:\/\/api.w.org\/{rel}","templated":true}]}}