{"id":6252,"date":"2025-02-12T11:48:12","date_gmt":"2025-02-12T17:48:12","guid":{"rendered":"https:\/\/libreriahistoriasdebolsillo.com\/?post_type=product&#038;p=6252"},"modified":"2025-02-12T15:39:08","modified_gmt":"2025-02-12T21:39:08","slug":"el-infinito-en-un-junco-ed-limitada-cantos-pintados","status":"publish","type":"product","link":"https:\/\/libreriahistoriasdebolsillo.com\/index.php\/producto\/el-infinito-en-un-junco-ed-limitada-cantos-pintados\/","title":{"rendered":"El infinito en un junco (Ed. limitada, cantos pintados)"},"content":{"rendered":"<p><b>El ensayo revelaci\u00f3n de nuestro tiempo<\/b><\/p>\n<p><b>M\u00e1s de 500.000 ejemplares vendidos<\/b><br \/>\n<b>Publicado en m\u00e1s de 40 pa\u00edses<\/b><\/p>\n<p><b>PREMIO NACIONAL DE ENSAYO \u2022 PREMIO EL OJO CR\u00cdTICO<\/b><br \/>\n<b>PREMIO DE LA ASOCIACI\u00d3N DE LAS LIBRER\u00cdAS DE MADRID<\/b><br \/>\n<b>DE NARRATIVA \u2022 PREMIO LAS LIBRER\u00cdAS RECOMIENDAN<\/b><br \/>\n<b>PREMIO JOS\u00c9 ANTONIO LABORDETA \u2022 PREMIO B\u00daHO AL MEJOR LIBRO<\/b><\/p>\n<p><i>=Edici\u00f3n con cantos pintados=<\/i><\/p>\n<p>En esta obra fascinante sobre los or\u00edgenes del libro, Irene Vallejo se adentra en la historia de un artefacto incomparable que naci\u00f3 hace cinco milenios, cuando los egipcios descubrieron el potencial de un junco al que llamaron papiro. Con gran sensibilidad y admirable capacidad narrativa, la autora se remonta a los campos de batalla de Alejandro, los palacios de Cleopatra, las primeras librer\u00edas y los talleres de copia manuscrita, pero tambi\u00e9n visita las hogueras donde ardieron c\u00f3dices prohibidos, la biblioteca de Sarajevo y el laberinto subterr\u00e1neo de Oxford en el a\u00f1o 2000. Los tiempos se funden y refunden en la aventura colectiva de quienes solo han concebido la vida en compa\u00f1\u00eda de la palabra escrita. Y este ensayo \u00fanico acaba prolongando el di\u00e1logo infinito del que tan magistralmente habla.<\/p>\n","protected":false},"excerpt":{"rendered":"<p>Irene Vallejo<\/p>\n<p>600 p\u00e1ginas<\/p>\n","protected":false},"featured_media":6253,"template":"","meta":{"_joinchat":[]},"product_brand":[],"product_cat":[41],"product_tag":[34],"class_list":{"0":"post-6252","1":"product","2":"type-product","3":"status-publish","4":"has-post-thumbnail","6":"product_cat-desarrollo-humano","7":"product_tag-penguin-random-house","9":"first","10":"outofstock","11":"shipping-taxable","12":"purchasable","13":"product-type-simple"},"_links":{"self":[{"href":"https:\/\/libreriahistoriasdebolsillo.com\/index.php\/wp-json\/wp\/v2\/product\/6252","targetHints":{"allow":["GET"]}}],"collection":[{"href":"https:\/\/libreriahistoriasdebolsillo.com\/index.php\/wp-json\/wp\/v2\/product"}],"about":[{"href":"https:\/\/libreriahistoriasdebolsillo.com\/index.php\/wp-json\/wp\/v2\/types\/product"}],"wp:featuredmedia":[{"embeddable":true,"href":"https:\/\/libreriahistoriasdebolsillo.com\/index.php\/wp-json\/wp\/v2\/media\/6253"}],"wp:attachment":[{"href":"https:\/\/libreriahistoriasdebolsillo.com\/index.php\/wp-json\/wp\/v2\/media?parent=6252"}],"wp:term":[{"taxonomy":"product_brand","embeddable":true,"href":"https:\/\/libreriahistoriasdebolsillo.com\/index.php\/wp-json\/wp\/v2\/product_brand?post=6252"},{"taxonomy":"product_cat","embeddable":true,"href":"https:\/\/libreriahistoriasdebolsillo.com\/index.php\/wp-json\/wp\/v2\/product_cat?post=6252"},{"taxonomy":"product_tag","embeddable":true,"href":"https:\/\/libreriahistoriasdebolsillo.com\/index.php\/wp-json\/wp\/v2\/product_tag?post=6252"}],"curies":[{"name":"wp","href":"https:\/\/api.w.org\/{rel}","templated":true}]}}