{"id":6254,"date":"2025-02-12T11:50:44","date_gmt":"2025-02-12T17:50:44","guid":{"rendered":"https:\/\/libreriahistoriasdebolsillo.com\/?post_type=product&#038;p=6254"},"modified":"2025-06-16T11:03:21","modified_gmt":"2025-06-16T17:03:21","slug":"carrie-edicion-50-aniversario-pasta-dura","status":"publish","type":"product","link":"https:\/\/libreriahistoriasdebolsillo.com\/index.php\/producto\/carrie-edicion-50-aniversario-pasta-dura\/","title":{"rendered":"Carrie Edici\u00f3n 50\u00b0 Aniversario (pasta dura)"},"content":{"rendered":"<p>Adolescencia, venganza y sangre, todo un hito en la literatura popular.<\/p>\n<p>Carrie, una joven de apariencia insignificante, acosada por sus compa\u00f1eras de instituto, vive con su madre, una fan\u00e1tica religiosa. Un d\u00eda en las duchas, la primera menstruaci\u00f3n de Carrie provoca las burlas de las dem\u00e1s chicas y desencadena una sucesi\u00f3n de hechos sobrenaturales y terror\u00edficos. Con el instituto como epicentro de la trama, la peque\u00f1a ciudad de Chamberlain, Maine, ver\u00e1 cambiar el curso de su historia en manos de la aterradora adolescente.<\/p>\n<p>Llevada al cine con un \u00e9xito absoluto de p\u00fablico y cr\u00edtica, Carrie es la primera novela del maestro indiscutible del terror. King despliega en esta historia todo su potencial narrativo, construyendo un universo que no deja a ning\u00fan lector indiferente.<\/p>\n","protected":false},"excerpt":{"rendered":"<p>Stephen King<\/p>\n","protected":false},"featured_media":6255,"template":"","meta":{"_joinchat":[]},"product_brand":[],"product_cat":[70,36],"product_tag":[34],"class_list":{"0":"post-6254","1":"product","2":"type-product","3":"status-publish","4":"has-post-thumbnail","6":"product_cat-novedades","7":"product_cat-terror-y-paranormal","8":"product_tag-penguin-random-house","10":"first","11":"outofstock","12":"shipping-taxable","13":"purchasable","14":"product-type-simple"},"_links":{"self":[{"href":"https:\/\/libreriahistoriasdebolsillo.com\/index.php\/wp-json\/wp\/v2\/product\/6254","targetHints":{"allow":["GET"]}}],"collection":[{"href":"https:\/\/libreriahistoriasdebolsillo.com\/index.php\/wp-json\/wp\/v2\/product"}],"about":[{"href":"https:\/\/libreriahistoriasdebolsillo.com\/index.php\/wp-json\/wp\/v2\/types\/product"}],"wp:featuredmedia":[{"embeddable":true,"href":"https:\/\/libreriahistoriasdebolsillo.com\/index.php\/wp-json\/wp\/v2\/media\/6255"}],"wp:attachment":[{"href":"https:\/\/libreriahistoriasdebolsillo.com\/index.php\/wp-json\/wp\/v2\/media?parent=6254"}],"wp:term":[{"taxonomy":"product_brand","embeddable":true,"href":"https:\/\/libreriahistoriasdebolsillo.com\/index.php\/wp-json\/wp\/v2\/product_brand?post=6254"},{"taxonomy":"product_cat","embeddable":true,"href":"https:\/\/libreriahistoriasdebolsillo.com\/index.php\/wp-json\/wp\/v2\/product_cat?post=6254"},{"taxonomy":"product_tag","embeddable":true,"href":"https:\/\/libreriahistoriasdebolsillo.com\/index.php\/wp-json\/wp\/v2\/product_tag?post=6254"}],"curies":[{"name":"wp","href":"https:\/\/api.w.org\/{rel}","templated":true}]}}