{"id":6256,"date":"2025-02-12T11:53:36","date_gmt":"2025-02-12T17:53:36","guid":{"rendered":"https:\/\/libreriahistoriasdebolsillo.com\/?post_type=product&#038;p=6256"},"modified":"2025-06-16T11:03:52","modified_gmt":"2025-06-16T17:03:52","slug":"vivir-en-la-luz","status":"publish","type":"product","link":"https:\/\/libreriahistoriasdebolsillo.com\/index.php\/producto\/vivir-en-la-luz\/","title":{"rendered":"Vivir en la luz"},"content":{"rendered":"<p><b>ALCANZA UNA COMPRENSI\u00d3NM\u00c1S PROFUNDA DE TI MISMOCON LA INNOVADORA GU\u00cdA<\/b>\u00a0<b>DE DEEPAK CHOPRA SOBRELA FILOSOF\u00cdA Y LA PR\u00c1CTICADEL YOGA.<\/b><\/p>\n<p>El\u00a0<b>Yoga Real<\/b>\u00a0es la m\u00e1s elevada e importante de las tradiciones del yoga: un camino de\u00a0<b>transformaci\u00f3n personal<\/b>\u00a0que lo abarca todo y que va m\u00e1s all\u00e1 de cualquier enfoque de bienestar y\u00a0<b>sanaci\u00f3n<\/b>\u00a0que exista hoy en d\u00eda. Sea lo que sea que est\u00e9s haciendo para mejorar tu vida, el\u00a0<b>Yoga Real<\/b>\u00a0puede aportarte m\u00e1s de todo lo que deseas; lleva cada experiencia, por peque\u00f1a que sea, a la luz. Al aprender a\u00a0<b>vivir en la luz<\/b>, aceptas deliberada y conscientemente tu verdadero yo como un ser de posibilidades infinitas, sin las trabas de la\u00a0<b>preocupaci\u00f3n<\/b>\u00a0o la duda.<\/p>\n<p>En su nuevo libro, el autor de bestsellers internacionales\u00a0<b>Dee<\/b><b>pak<\/b><b>\u00a0Chopra<\/b>\u00a0y\u00a0<b>Sarah Platt-<\/b><b>Finger<\/b>, directora de yoga en Chopra Global y cofundadora de ISHTA Yoga, nos muestran el revelador camino para la\u00a0<b>autorrealizaci\u00f3n<\/b>, la dicha y la plenitud. Combinando un programa pr\u00e1ctico de\u00a0<b>seis semanas<\/b>\u00a0que te ayudar\u00e1 a romper h\u00e1bitos y sistemas de creencias limitantes con una exploraci\u00f3n en profundidad de posturas de yoga accesibles para todos los niveles de habilidad, Deepak y Sarah revelan la manera definitiva para unir la mente, el cuerpo y el alma.<\/p>\n","protected":false},"excerpt":{"rendered":"<p>Deepak Chopra y Sarah Platt-Finger<\/p>\n<p>304 p\u00e1ginas<\/p>\n","protected":false},"featured_media":6257,"template":"","meta":{"_joinchat":[]},"product_brand":[],"product_cat":[58,41,70],"product_tag":[34],"class_list":{"0":"post-6256","1":"product","2":"type-product","3":"status-publish","4":"has-post-thumbnail","6":"product_cat-desarrollo-humano-y-superacion","7":"product_cat-desarrollo-humano","8":"product_cat-novedades","9":"product_tag-penguin-random-house","11":"first","12":"outofstock","13":"shipping-taxable","14":"purchasable","15":"product-type-simple"},"_links":{"self":[{"href":"https:\/\/libreriahistoriasdebolsillo.com\/index.php\/wp-json\/wp\/v2\/product\/6256","targetHints":{"allow":["GET"]}}],"collection":[{"href":"https:\/\/libreriahistoriasdebolsillo.com\/index.php\/wp-json\/wp\/v2\/product"}],"about":[{"href":"https:\/\/libreriahistoriasdebolsillo.com\/index.php\/wp-json\/wp\/v2\/types\/product"}],"wp:featuredmedia":[{"embeddable":true,"href":"https:\/\/libreriahistoriasdebolsillo.com\/index.php\/wp-json\/wp\/v2\/media\/6257"}],"wp:attachment":[{"href":"https:\/\/libreriahistoriasdebolsillo.com\/index.php\/wp-json\/wp\/v2\/media?parent=6256"}],"wp:term":[{"taxonomy":"product_brand","embeddable":true,"href":"https:\/\/libreriahistoriasdebolsillo.com\/index.php\/wp-json\/wp\/v2\/product_brand?post=6256"},{"taxonomy":"product_cat","embeddable":true,"href":"https:\/\/libreriahistoriasdebolsillo.com\/index.php\/wp-json\/wp\/v2\/product_cat?post=6256"},{"taxonomy":"product_tag","embeddable":true,"href":"https:\/\/libreriahistoriasdebolsillo.com\/index.php\/wp-json\/wp\/v2\/product_tag?post=6256"}],"curies":[{"name":"wp","href":"https:\/\/api.w.org\/{rel}","templated":true}]}}