{"id":6258,"date":"2025-02-12T11:55:18","date_gmt":"2025-02-12T17:55:18","guid":{"rendered":"https:\/\/libreriahistoriasdebolsillo.com\/?post_type=product&#038;p=6258"},"modified":"2025-06-16T11:04:06","modified_gmt":"2025-06-16T17:04:06","slug":"marcus-goldman-3-el-caso-alaska-sanders","status":"publish","type":"product","link":"https:\/\/libreriahistoriasdebolsillo.com\/index.php\/producto\/marcus-goldman-3-el-caso-alaska-sanders\/","title":{"rendered":"Marcus Goldman 3. El caso Alaska Sanders"},"content":{"rendered":"<p><b>Una nueva intriga literariamente adictiva, con la estructura<\/b>\u00a0<b>en varios tiempos, las vueltas de tuerca y el ritmo trepidante<\/b>\u00a0<b>que son el sello inconfundible de<\/b>\u00a0<b>Jo\u00ebl<\/b>\u00a0<b>Dicker, \u00abun fen\u00f3meno<\/b>\u00a0<b>planetario\u00bb (<\/b><i><b>Babelia<\/b><\/i><b>).<\/b><\/p>\n<p>\u00abS\u00e9 lo que has hecho.\u00bb Este mensaje, encontrado en el bolsillo del pantal\u00f3n de Alaska Sanders, cuyo cad\u00e1ver apareci\u00f3 el 3 de abril de 1999 al borde del lago de Mount Pleasant, una peque\u00f1a localidad de New Hampshire, es la clave de la nueva y apasionante investigaci\u00f3n que, once a\u00f1os despu\u00e9s de poner entre rejas a sus presuntos culpables, vuelve a reunir al escritor Marcus Goldman y al sargento Perry Gahalowood.<\/p>\n<p>En esta ocasi\u00f3n contar\u00e1n con la inestimable ayuda de una joven agente de polic\u00eda, Lauren Donovan, empe\u00f1ada en resolver la trama de secretos que se esconde tras el caso. A medida que vayan descubriendo qui\u00e9n era realmente Alaska Sanders, ir\u00e1n resurgiendo tambi\u00e9n los fantasmas del pasado y, entre ellos, especialmente el de Harry Quebert.<\/p>\n","protected":false},"excerpt":{"rendered":"<p>Joel Dicker<\/p>\n<p>496 p\u00e1ginas<\/p>\n","protected":false},"featured_media":6259,"template":"","meta":{"_joinchat":[]},"product_brand":[],"product_cat":[37],"product_tag":[34],"class_list":{"0":"post-6258","1":"product","2":"type-product","3":"status-publish","4":"has-post-thumbnail","6":"product_cat-misterio-y-thriller","7":"product_tag-penguin-random-house","9":"first","10":"outofstock","11":"shipping-taxable","12":"purchasable","13":"product-type-simple"},"_links":{"self":[{"href":"https:\/\/libreriahistoriasdebolsillo.com\/index.php\/wp-json\/wp\/v2\/product\/6258","targetHints":{"allow":["GET"]}}],"collection":[{"href":"https:\/\/libreriahistoriasdebolsillo.com\/index.php\/wp-json\/wp\/v2\/product"}],"about":[{"href":"https:\/\/libreriahistoriasdebolsillo.com\/index.php\/wp-json\/wp\/v2\/types\/product"}],"wp:featuredmedia":[{"embeddable":true,"href":"https:\/\/libreriahistoriasdebolsillo.com\/index.php\/wp-json\/wp\/v2\/media\/6259"}],"wp:attachment":[{"href":"https:\/\/libreriahistoriasdebolsillo.com\/index.php\/wp-json\/wp\/v2\/media?parent=6258"}],"wp:term":[{"taxonomy":"product_brand","embeddable":true,"href":"https:\/\/libreriahistoriasdebolsillo.com\/index.php\/wp-json\/wp\/v2\/product_brand?post=6258"},{"taxonomy":"product_cat","embeddable":true,"href":"https:\/\/libreriahistoriasdebolsillo.com\/index.php\/wp-json\/wp\/v2\/product_cat?post=6258"},{"taxonomy":"product_tag","embeddable":true,"href":"https:\/\/libreriahistoriasdebolsillo.com\/index.php\/wp-json\/wp\/v2\/product_tag?post=6258"}],"curies":[{"name":"wp","href":"https:\/\/api.w.org\/{rel}","templated":true}]}}