{"id":6262,"date":"2025-02-12T11:59:38","date_gmt":"2025-02-12T17:59:38","guid":{"rendered":"https:\/\/libreriahistoriasdebolsillo.com\/?post_type=product&#038;p=6262"},"modified":"2025-10-16T19:30:25","modified_gmt":"2025-10-17T01:30:25","slug":"las-4-virtudes-estoicas-2-la-disciplina-marcara-tu-destino","status":"publish","type":"product","link":"https:\/\/libreriahistoriasdebolsillo.com\/index.php\/producto\/las-4-virtudes-estoicas-2-la-disciplina-marcara-tu-destino\/","title":{"rendered":"Las 4 virtudes estoicas 2. La disciplina marcar\u00e1 tu destino"},"content":{"rendered":"<p>Para conquistar el mundo, uno debe conquistarse primero a s\u00ed mismo:\u00a0<b>las emociones, las acciones y los pensamientos<\/b>. Eisenhower dijo que la libertad es la pr\u00e1ctica de la\u00a0<b>autodisciplina.<\/b>\u00a0Cicer\u00f3n defini\u00f3 la virtud de la templanza como el esplendor de la vida. Sin l\u00edmites ni autocontrol, no solo nos arriesgamos a no alcanzar nuestro potencial y a perder lo que hemos logrado, sino que, adem\u00e1s, nos aseguramos una vida de humillaci\u00f3n y miseria. En este nuevo libro,\u00a0<b>Ryan Holiday<\/b>\u00a0defiende\u00a0<b>la templanza<\/b>\u00a0como la virtud m\u00e1s importante. A lo largo de la historia ha recibido distintos nombres \u2014autocontrol, disciplina\u2026\u2014, pero todos hacen referencia a lo mismo: a gobernar en lugar de ser gobernado; a establecer tus propios l\u00edmites; a marcar tus propios h\u00e1bitos. Todos los grandes de la historia han practicado esta forma de autodominio, desde la leyenda del b\u00e9isbol Lou Gehrig, hasta la reina Isabel II, la escritora Joyce Carol Oates, el emperador Marco Aurelio y Martin Luther King Jr., ministro y l\u00edder del movimiento por los derechos civiles. En una \u00e9poca de excesos y desorden, la autodisciplina es ahora m\u00e1s necesaria que nunca. \u00bfTe atreves a cavar hondo para encontrarla? Y, m\u00e1s importante, \u00bfla usar\u00e1s? Solo con autodisciplina podr\u00e1s\u00a0<b>dirigir tu vida<\/b>\u00a0rumbo a la verdadera realizaci\u00f3n.<\/p>\n","protected":false},"excerpt":{"rendered":"<p>Ryan Holiday<\/p>\n<p>320 p\u00e1ginas<\/p>\n","protected":false},"featured_media":6263,"template":"","meta":{"_joinchat":[]},"product_brand":[],"product_cat":[41],"product_tag":[34],"class_list":{"0":"post-6262","1":"product","2":"type-product","3":"status-publish","4":"has-post-thumbnail","6":"product_cat-desarrollo-humano","7":"product_tag-penguin-random-house","9":"first","10":"outofstock","11":"shipping-taxable","12":"purchasable","13":"product-type-simple"},"_links":{"self":[{"href":"https:\/\/libreriahistoriasdebolsillo.com\/index.php\/wp-json\/wp\/v2\/product\/6262","targetHints":{"allow":["GET"]}}],"collection":[{"href":"https:\/\/libreriahistoriasdebolsillo.com\/index.php\/wp-json\/wp\/v2\/product"}],"about":[{"href":"https:\/\/libreriahistoriasdebolsillo.com\/index.php\/wp-json\/wp\/v2\/types\/product"}],"wp:featuredmedia":[{"embeddable":true,"href":"https:\/\/libreriahistoriasdebolsillo.com\/index.php\/wp-json\/wp\/v2\/media\/6263"}],"wp:attachment":[{"href":"https:\/\/libreriahistoriasdebolsillo.com\/index.php\/wp-json\/wp\/v2\/media?parent=6262"}],"wp:term":[{"taxonomy":"product_brand","embeddable":true,"href":"https:\/\/libreriahistoriasdebolsillo.com\/index.php\/wp-json\/wp\/v2\/product_brand?post=6262"},{"taxonomy":"product_cat","embeddable":true,"href":"https:\/\/libreriahistoriasdebolsillo.com\/index.php\/wp-json\/wp\/v2\/product_cat?post=6262"},{"taxonomy":"product_tag","embeddable":true,"href":"https:\/\/libreriahistoriasdebolsillo.com\/index.php\/wp-json\/wp\/v2\/product_tag?post=6262"}],"curies":[{"name":"wp","href":"https:\/\/api.w.org\/{rel}","templated":true}]}}