{"id":6276,"date":"2025-02-14T18:45:54","date_gmt":"2025-02-15T00:45:54","guid":{"rendered":"https:\/\/libreriahistoriasdebolsillo.com\/?post_type=product&#038;p=6276"},"modified":"2025-05-02T10:38:38","modified_gmt":"2025-05-02T16:38:38","slug":"introduccion-a-wittgenstein","status":"publish","type":"product","link":"https:\/\/libreriahistoriasdebolsillo.com\/index.php\/producto\/introduccion-a-wittgenstein\/","title":{"rendered":"Introducci\u00f3n a Wittgenstein"},"content":{"rendered":"<p>La obra de Ludwig Wittgenstein constituye un giro radical en la filosof\u00eda contempor\u00e1nea. Centr\u00e1ndose en el estudio del lenguaje, concibi\u00f3 la filosof\u00eda como actividad y no como una disciplina te\u00f3rica. En una primera etapa de su pensamiento, consider\u00f3 que el lenguaje deb\u00eda atenerse estrictamente a las leyes de la l\u00f3gica, mientras que d\u00e9cadas m\u00e1s tarde reelabor\u00f3 sus propias teor\u00edas y se orient\u00f3 hacia el an\u00e1lisis de la relaci\u00f3n existente entre el significado de las palabras y su uso en un contexto ling\u00fc\u00edstico concreto.<\/p>\n<p>La presente obra ofrece una gu\u00eda ideal para conocer al fil\u00f3sofo austriaco, cuyas teor\u00edas sobre la filosof\u00eda del lenguaje, perfectamente definidas, han sido muy influyentes a lo largo del \u00faltimo siglo.<\/p>\n","protected":false},"excerpt":{"rendered":"<p>158 p\u00e1ginas<\/p>\n","protected":false},"featured_media":6277,"template":"","meta":{"_joinchat":[]},"product_brand":[],"product_cat":[41],"product_tag":[48],"class_list":{"0":"post-6276","1":"product","2":"type-product","3":"status-publish","4":"has-post-thumbnail","6":"product_cat-desarrollo-humano","7":"product_tag-vr-editoras","9":"first","10":"outofstock","11":"shipping-taxable","12":"purchasable","13":"product-type-simple"},"_links":{"self":[{"href":"https:\/\/libreriahistoriasdebolsillo.com\/index.php\/wp-json\/wp\/v2\/product\/6276","targetHints":{"allow":["GET"]}}],"collection":[{"href":"https:\/\/libreriahistoriasdebolsillo.com\/index.php\/wp-json\/wp\/v2\/product"}],"about":[{"href":"https:\/\/libreriahistoriasdebolsillo.com\/index.php\/wp-json\/wp\/v2\/types\/product"}],"wp:featuredmedia":[{"embeddable":true,"href":"https:\/\/libreriahistoriasdebolsillo.com\/index.php\/wp-json\/wp\/v2\/media\/6277"}],"wp:attachment":[{"href":"https:\/\/libreriahistoriasdebolsillo.com\/index.php\/wp-json\/wp\/v2\/media?parent=6276"}],"wp:term":[{"taxonomy":"product_brand","embeddable":true,"href":"https:\/\/libreriahistoriasdebolsillo.com\/index.php\/wp-json\/wp\/v2\/product_brand?post=6276"},{"taxonomy":"product_cat","embeddable":true,"href":"https:\/\/libreriahistoriasdebolsillo.com\/index.php\/wp-json\/wp\/v2\/product_cat?post=6276"},{"taxonomy":"product_tag","embeddable":true,"href":"https:\/\/libreriahistoriasdebolsillo.com\/index.php\/wp-json\/wp\/v2\/product_tag?post=6276"}],"curies":[{"name":"wp","href":"https:\/\/api.w.org\/{rel}","templated":true}]}}