{"id":6279,"date":"2025-02-14T18:48:38","date_gmt":"2025-02-15T00:48:38","guid":{"rendered":"https:\/\/libreriahistoriasdebolsillo.com\/?post_type=product&#038;p=6279"},"modified":"2025-02-14T18:48:38","modified_gmt":"2025-02-15T00:48:38","slug":"el-lenguaje-corporal-de-las-emociones","status":"publish","type":"product","link":"https:\/\/libreriahistoriasdebolsillo.com\/index.php\/producto\/el-lenguaje-corporal-de-las-emociones\/","title":{"rendered":"El lenguaje corporal de las emociones"},"content":{"rendered":"<p>DESCUBRE E INTERPRETA LAS EMOCIONES A TRAV\u00c9S DEL LENGUAJE CORPORAL. No hay experiencia emocional sin experiencia corporal. El lenguaje del cuerpo expresa lo que sentimos y tambi\u00e9n nos transmite lo que sienten los dem\u00e1s. Por eso la imagen de un beb\u00e9 sonriendo puede provocarnos una gran sonrisa, y una mirada triste de alguien con quien nos cruzamos por la calle puede despertarnos un sentimiento de melancol\u00eda o de ternura. Este libro te ayudar\u00e1 a ser m\u00e1s consciente de las emociones gracias a las se\u00f1ales corporales que puedes identificar: posturas, expresiones faciales, patrones respiratorios, gestos\u2026 Entender\u00e1s as\u00ed la relaci\u00f3n \u00edntima entre el cuerpo y las emociones m\u00e1s intensas \u2014el miedo, la ira, la tristeza o la alegr\u00eda\u2014, y aprender\u00e1s a gestionarlas de forma pr\u00e1ctica con ejercicios. Comprender c\u00f3mo interact\u00faan la mente y el cuerpo es una necesidad imperativa para el bienestar humano. Al aprender a interpretar las se\u00f1ales corporales, abrimos una puerta hacia una vida m\u00e1s plena y saludable y hacia una conexi\u00f3n m\u00e1s profunda con nosotros mismos y con los dem\u00e1s.<\/p>\n","protected":false},"excerpt":{"rendered":"<p>Vanessa Guerra<\/p>\n<p>212 p\u00e1ginas<\/p>\n","protected":false},"featured_media":6280,"template":"","meta":{"_joinchat":[]},"product_brand":[],"product_cat":[41],"product_tag":[48],"class_list":{"0":"post-6279","1":"product","2":"type-product","3":"status-publish","4":"has-post-thumbnail","6":"product_cat-desarrollo-humano","7":"product_tag-vr-editoras","9":"first","10":"instock","11":"shipping-taxable","12":"purchasable","13":"product-type-simple"},"_links":{"self":[{"href":"https:\/\/libreriahistoriasdebolsillo.com\/index.php\/wp-json\/wp\/v2\/product\/6279","targetHints":{"allow":["GET"]}}],"collection":[{"href":"https:\/\/libreriahistoriasdebolsillo.com\/index.php\/wp-json\/wp\/v2\/product"}],"about":[{"href":"https:\/\/libreriahistoriasdebolsillo.com\/index.php\/wp-json\/wp\/v2\/types\/product"}],"wp:featuredmedia":[{"embeddable":true,"href":"https:\/\/libreriahistoriasdebolsillo.com\/index.php\/wp-json\/wp\/v2\/media\/6280"}],"wp:attachment":[{"href":"https:\/\/libreriahistoriasdebolsillo.com\/index.php\/wp-json\/wp\/v2\/media?parent=6279"}],"wp:term":[{"taxonomy":"product_brand","embeddable":true,"href":"https:\/\/libreriahistoriasdebolsillo.com\/index.php\/wp-json\/wp\/v2\/product_brand?post=6279"},{"taxonomy":"product_cat","embeddable":true,"href":"https:\/\/libreriahistoriasdebolsillo.com\/index.php\/wp-json\/wp\/v2\/product_cat?post=6279"},{"taxonomy":"product_tag","embeddable":true,"href":"https:\/\/libreriahistoriasdebolsillo.com\/index.php\/wp-json\/wp\/v2\/product_tag?post=6279"}],"curies":[{"name":"wp","href":"https:\/\/api.w.org\/{rel}","templated":true}]}}