{"id":6283,"date":"2025-02-14T18:52:55","date_gmt":"2025-02-15T00:52:55","guid":{"rendered":"https:\/\/libreriahistoriasdebolsillo.com\/?post_type=product&#038;p=6283"},"modified":"2025-02-17T11:00:41","modified_gmt":"2025-02-17T17:00:41","slug":"el-arte-del-crimen-tapa-dura","status":"publish","type":"product","link":"https:\/\/libreriahistoriasdebolsillo.com\/index.php\/producto\/el-arte-del-crimen-tapa-dura\/","title":{"rendered":"El arte del crimen (Tapa dura)"},"content":{"rendered":"<p>LA ESPOSA DEL ESCRITOR M\u00c1S FAMOSO DEL MUNDO HA SIDO ASESINADA EN M\u00d3NACO.<br \/>\nDesde hace d\u00e9cadas, las novelas de John Houston se venden por millones. Su obra mueve tanto dinero que hasta tiene un equipo de negros literarios para sostener su alto ritmo de publicaci\u00f3n. Todo se tuerce cuando el c\u00e9lebre autor decide disolver el grupo de escritores y los planes de muchas personas empiezan a derrumbarse. No mucho despu\u00e9s, encuentran a la mujer de Houston con un tiro en la cabeza. \u00c9l ha desaparecido y se ha convertido en el principal sospechoso. Su m\u00e1s estrecho colaborador, Don Irvine, es el \u00fanico que puede ayudarle.<\/p>\n<p>Publicada originalmente en 2014,\u00a0<span class=\"a-text-italic\">El arte del crimen<\/span>\u00a0un sorprendente thriller con una atm\u00f3sfera angustiosa digna del mejor Hitchcock, pero tambi\u00e9n es una \u00e1cida y maliciosa cr\u00edtica al mundo editorial mas materialista.<\/p>\n","protected":false},"excerpt":{"rendered":"<p>Philip Kerr<\/p>\n<p>338 p\u00e1ginas<\/p>\n","protected":false},"featured_media":6284,"template":"","meta":{"_joinchat":[]},"product_brand":[],"product_cat":[37],"product_tag":[48],"class_list":{"0":"post-6283","1":"product","2":"type-product","3":"status-publish","4":"has-post-thumbnail","6":"product_cat-misterio-y-thriller","7":"product_tag-vr-editoras","9":"first","10":"outofstock","11":"shipping-taxable","12":"purchasable","13":"product-type-simple"},"_links":{"self":[{"href":"https:\/\/libreriahistoriasdebolsillo.com\/index.php\/wp-json\/wp\/v2\/product\/6283","targetHints":{"allow":["GET"]}}],"collection":[{"href":"https:\/\/libreriahistoriasdebolsillo.com\/index.php\/wp-json\/wp\/v2\/product"}],"about":[{"href":"https:\/\/libreriahistoriasdebolsillo.com\/index.php\/wp-json\/wp\/v2\/types\/product"}],"wp:featuredmedia":[{"embeddable":true,"href":"https:\/\/libreriahistoriasdebolsillo.com\/index.php\/wp-json\/wp\/v2\/media\/6284"}],"wp:attachment":[{"href":"https:\/\/libreriahistoriasdebolsillo.com\/index.php\/wp-json\/wp\/v2\/media?parent=6283"}],"wp:term":[{"taxonomy":"product_brand","embeddable":true,"href":"https:\/\/libreriahistoriasdebolsillo.com\/index.php\/wp-json\/wp\/v2\/product_brand?post=6283"},{"taxonomy":"product_cat","embeddable":true,"href":"https:\/\/libreriahistoriasdebolsillo.com\/index.php\/wp-json\/wp\/v2\/product_cat?post=6283"},{"taxonomy":"product_tag","embeddable":true,"href":"https:\/\/libreriahistoriasdebolsillo.com\/index.php\/wp-json\/wp\/v2\/product_tag?post=6283"}],"curies":[{"name":"wp","href":"https:\/\/api.w.org\/{rel}","templated":true}]}}