{"id":6285,"date":"2025-02-14T18:55:06","date_gmt":"2025-02-15T00:55:06","guid":{"rendered":"https:\/\/libreriahistoriasdebolsillo.com\/?post_type=product&#038;p=6285"},"modified":"2025-05-02T10:35:26","modified_gmt":"2025-05-02T16:35:26","slug":"homero-tapa-dura","status":"publish","type":"product","link":"https:\/\/libreriahistoriasdebolsillo.com\/index.php\/producto\/homero-tapa-dura\/","title":{"rendered":"Homero (Tapa dura)"},"content":{"rendered":"<p>La literatura europea nace con la Il\u00edada y la Odisea, dos poemas que los griegos atribuyeron a Homero y que han ejercido una inmensa influencia en la literatura posterior. La fascinaci\u00f3n por ambas obras ha llegado pr\u00e1cticamente intacta a nuestra \u00e9poca, en la que continuamos plante\u00e1ndonos interrogantes e hip\u00f3tesis sobre su autor\u00eda y las circunstancias que rodearon su composici\u00f3n. En esta magistral introducci\u00f3n a Homero y a su obra, Bowra analiza los hallazgos de disciplinas como la ling\u00fc\u00edstica, la arqueolog\u00eda o la cr\u00edtica textual para resolver cuestiones tanto narrativas como otras relacionadas con el proceso de creaci\u00f3n de estos dos poemas fundamentales.<\/p>\n","protected":false},"excerpt":{"rendered":"<p>C.M. Bowra<\/p>\n<p>237 p\u00e1ginas<\/p>\n","protected":false},"featured_media":6286,"template":"","meta":{"_joinchat":[]},"product_brand":[],"product_cat":[42,41],"product_tag":[48],"class_list":{"0":"post-6285","1":"product","2":"type-product","3":"status-publish","4":"has-post-thumbnail","6":"product_cat-literatura-clasica","7":"product_cat-desarrollo-humano","8":"product_tag-vr-editoras","10":"first","11":"instock","12":"shipping-taxable","13":"purchasable","14":"product-type-simple"},"_links":{"self":[{"href":"https:\/\/libreriahistoriasdebolsillo.com\/index.php\/wp-json\/wp\/v2\/product\/6285","targetHints":{"allow":["GET"]}}],"collection":[{"href":"https:\/\/libreriahistoriasdebolsillo.com\/index.php\/wp-json\/wp\/v2\/product"}],"about":[{"href":"https:\/\/libreriahistoriasdebolsillo.com\/index.php\/wp-json\/wp\/v2\/types\/product"}],"wp:featuredmedia":[{"embeddable":true,"href":"https:\/\/libreriahistoriasdebolsillo.com\/index.php\/wp-json\/wp\/v2\/media\/6286"}],"wp:attachment":[{"href":"https:\/\/libreriahistoriasdebolsillo.com\/index.php\/wp-json\/wp\/v2\/media?parent=6285"}],"wp:term":[{"taxonomy":"product_brand","embeddable":true,"href":"https:\/\/libreriahistoriasdebolsillo.com\/index.php\/wp-json\/wp\/v2\/product_brand?post=6285"},{"taxonomy":"product_cat","embeddable":true,"href":"https:\/\/libreriahistoriasdebolsillo.com\/index.php\/wp-json\/wp\/v2\/product_cat?post=6285"},{"taxonomy":"product_tag","embeddable":true,"href":"https:\/\/libreriahistoriasdebolsillo.com\/index.php\/wp-json\/wp\/v2\/product_tag?post=6285"}],"curies":[{"name":"wp","href":"https:\/\/api.w.org\/{rel}","templated":true}]}}