{"id":6287,"date":"2025-02-14T18:57:10","date_gmt":"2025-02-15T00:57:10","guid":{"rendered":"https:\/\/libreriahistoriasdebolsillo.com\/?post_type=product&#038;p=6287"},"modified":"2025-02-17T11:02:02","modified_gmt":"2025-02-17T17:02:02","slug":"horacio-tapa-dura","status":"publish","type":"product","link":"https:\/\/libreriahistoriasdebolsillo.com\/index.php\/producto\/horacio-tapa-dura\/","title":{"rendered":"Horacio (Tapa dura)"},"content":{"rendered":"<p>Quinto Horacio Flaco (65-8 a. C.) form\u00f3 para la posteridad, junto con Virgilio y Ovidio, la tr\u00edada indiscutida de los grandes poetas romanos. Como escritor es, ante todo, el Romanae fidicen lyrae (\u00abel ta\u00f1edor de la lira romana\u00bb, el l\u00edrico latino por excelencia). Este volumen se centra en el estudio de tres de sus grandes conjuntos po\u00e9ticos: sus Odas, en las que recre\u00f3 los metros de los poetas eolios griegos, Safo y Alceo; sus s\u00e1tiras, tal vez el \u00fanico g\u00e9nero po\u00e9tico que los romanos no deb\u00edan a los griegos; y, por \u00faltimo, sus ep\u00edstolas literarias, sobre todo su Arte po\u00e9tica, referente de poetas y dramaturgos durante varios siglos.<\/p>\n","protected":false},"excerpt":{"rendered":"<p>Jos\u00e9 Luis Moralejo, pr\u00f3logo de Juan Gil<\/p>\n<p>469 p\u00e1ginas<\/p>\n","protected":false},"featured_media":6288,"template":"","meta":{"_joinchat":[]},"product_brand":[],"product_cat":[42,41],"product_tag":[48],"class_list":{"0":"post-6287","1":"product","2":"type-product","3":"status-publish","4":"has-post-thumbnail","6":"product_cat-literatura-clasica","7":"product_cat-desarrollo-humano","8":"product_tag-vr-editoras","10":"first","11":"outofstock","12":"shipping-taxable","13":"purchasable","14":"product-type-simple"},"_links":{"self":[{"href":"https:\/\/libreriahistoriasdebolsillo.com\/index.php\/wp-json\/wp\/v2\/product\/6287","targetHints":{"allow":["GET"]}}],"collection":[{"href":"https:\/\/libreriahistoriasdebolsillo.com\/index.php\/wp-json\/wp\/v2\/product"}],"about":[{"href":"https:\/\/libreriahistoriasdebolsillo.com\/index.php\/wp-json\/wp\/v2\/types\/product"}],"wp:featuredmedia":[{"embeddable":true,"href":"https:\/\/libreriahistoriasdebolsillo.com\/index.php\/wp-json\/wp\/v2\/media\/6288"}],"wp:attachment":[{"href":"https:\/\/libreriahistoriasdebolsillo.com\/index.php\/wp-json\/wp\/v2\/media?parent=6287"}],"wp:term":[{"taxonomy":"product_brand","embeddable":true,"href":"https:\/\/libreriahistoriasdebolsillo.com\/index.php\/wp-json\/wp\/v2\/product_brand?post=6287"},{"taxonomy":"product_cat","embeddable":true,"href":"https:\/\/libreriahistoriasdebolsillo.com\/index.php\/wp-json\/wp\/v2\/product_cat?post=6287"},{"taxonomy":"product_tag","embeddable":true,"href":"https:\/\/libreriahistoriasdebolsillo.com\/index.php\/wp-json\/wp\/v2\/product_tag?post=6287"}],"curies":[{"name":"wp","href":"https:\/\/api.w.org\/{rel}","templated":true}]}}