{"id":6289,"date":"2025-02-14T18:59:12","date_gmt":"2025-02-15T00:59:12","guid":{"rendered":"https:\/\/libreriahistoriasdebolsillo.com\/?post_type=product&#038;p=6289"},"modified":"2025-08-04T17:00:08","modified_gmt":"2025-08-04T23:00:08","slug":"arte-de-amar","status":"publish","type":"product","link":"https:\/\/libreriahistoriasdebolsillo.com\/index.php\/producto\/arte-de-amar\/","title":{"rendered":"Arte de amar"},"content":{"rendered":"<p>Poeta fundamental de la literatura latina, Publio Ovidio Nas\u00f3n (43 a. C. \u2013 17 d. C.) demostr\u00f3 siempre una enorme facilidad para versificar y una capacidad para combinar los g\u00e9neros po\u00e9ticos. Su constante af\u00e1n de experimentaci\u00f3n y su genio creador escapan a cualquier intento de clasificaci\u00f3n, pero en sus obras siempre hay una constante: el amor.Una de sus cimas creativas, el irreverente y provocativo Arte de amar, es un sofisticado poema sobre el amor y la seducci\u00f3n, que combina los principios de la eleg\u00eda amatoria con el g\u00e9nero did\u00e1ctico. En \u00e9l, el poeta se viste de maestro del amor para dar consejos a los lectores sobre c\u00f3mo conquistar a la persona amada y mantenerla a su lado, todo ello acompa\u00f1ado de muchos otros elementos heterog\u00e9neos, como la vida cotidiana en Roma o los relatos mitol\u00f3gicos. El resultado es un texto l\u00fadico, festivo y casi subversivo que hoy puede disfrutarse casi con la misma intensidad con la que se deleitaron sus contempor\u00e1neos.<\/p>\n","protected":false},"excerpt":{"rendered":"<p>Ovidio<\/p>\n<p>157 p\u00e1ginas<\/p>\n","protected":false},"featured_media":6290,"template":"","meta":{"_joinchat":[]},"product_brand":[],"product_cat":[42],"product_tag":[48],"class_list":{"0":"post-6289","1":"product","2":"type-product","3":"status-publish","4":"has-post-thumbnail","6":"product_cat-literatura-clasica","7":"product_tag-vr-editoras","9":"first","10":"instock","11":"shipping-taxable","12":"purchasable","13":"product-type-simple"},"_links":{"self":[{"href":"https:\/\/libreriahistoriasdebolsillo.com\/index.php\/wp-json\/wp\/v2\/product\/6289","targetHints":{"allow":["GET"]}}],"collection":[{"href":"https:\/\/libreriahistoriasdebolsillo.com\/index.php\/wp-json\/wp\/v2\/product"}],"about":[{"href":"https:\/\/libreriahistoriasdebolsillo.com\/index.php\/wp-json\/wp\/v2\/types\/product"}],"wp:featuredmedia":[{"embeddable":true,"href":"https:\/\/libreriahistoriasdebolsillo.com\/index.php\/wp-json\/wp\/v2\/media\/6290"}],"wp:attachment":[{"href":"https:\/\/libreriahistoriasdebolsillo.com\/index.php\/wp-json\/wp\/v2\/media?parent=6289"}],"wp:term":[{"taxonomy":"product_brand","embeddable":true,"href":"https:\/\/libreriahistoriasdebolsillo.com\/index.php\/wp-json\/wp\/v2\/product_brand?post=6289"},{"taxonomy":"product_cat","embeddable":true,"href":"https:\/\/libreriahistoriasdebolsillo.com\/index.php\/wp-json\/wp\/v2\/product_cat?post=6289"},{"taxonomy":"product_tag","embeddable":true,"href":"https:\/\/libreriahistoriasdebolsillo.com\/index.php\/wp-json\/wp\/v2\/product_tag?post=6289"}],"curies":[{"name":"wp","href":"https:\/\/api.w.org\/{rel}","templated":true}]}}