{"id":6291,"date":"2025-02-14T19:01:37","date_gmt":"2025-02-15T01:01:37","guid":{"rendered":"https:\/\/libreriahistoriasdebolsillo.com\/?post_type=product&#038;p=6291"},"modified":"2025-02-14T19:01:37","modified_gmt":"2025-02-15T01:01:37","slug":"miranda-en-retrogrado","status":"publish","type":"product","link":"https:\/\/libreriahistoriasdebolsillo.com\/index.php\/producto\/miranda-en-retrogrado\/","title":{"rendered":"Miranda en retr\u00f3grado"},"content":{"rendered":"<p>Una profesora de f\u00edsica decide dejar de lado la ciencia y vivir seg\u00fan las predicciones de su hor\u00f3scopo durante un a\u00f1o, \u00bfconseguir\u00e1 sus metas? Miranda Reed, la profesora de astrof\u00edsica m\u00e1s joven de su universidad est\u00e1 a punto de lograr la titularidad. Su minuciosa preparaci\u00f3n y su mentalidad pr\u00e1ctica la acercan a su planeado objetivo, pero contra todo pron\u00f3stico, la junta le niega ese ascenso que estaba m\u00e1s que garantizado. Entonces su vida ordenada se convierte en un caos. Miranda decide tomarse un a\u00f1o sab\u00e1tico y con la fe en la ciencia tambaleando, empieza a mirar las estrellas sin buscar agujeros negros, y decide explorar algo que su mente siempre hab\u00eda rechazado: la astrolog\u00eda. As\u00ed, decidida a descubrir porque su vida de repente se ha torcido, se compromete a dejarse guiar por su hor\u00f3scopo durante un a\u00f1o. \u00bfPagar un anticipo por una casa? Nunca si Mercurio est\u00e1 retr\u00f3grado. \u00bfAceptar una invitaci\u00f3n a una fiesta? Perd\u00f3n, el hor\u00f3scopo dice que G\u00e9minis no debe salir esta noche. \u00bfY en lo que respecta a su solitario vecino pintor? Su energ\u00eda de Aries est\u00e1 muy mal. Por otro lado, el padre carism\u00e1tico de su nueva alumna es la perfecci\u00f3n de Sagitario. Hecho para ella \u00bfo no? Mientras Miranda navega por la vida con una nueva perspectiva, poco a poco descubre que ni la ciencia ni las estrellas tienen todas las respuestas. Y que, cuando se trata de amor, a veces solo hay que confiar en el coraz\u00f3n.<\/p>\n","protected":false},"excerpt":{"rendered":"<p>Lauren Layne<\/p>\n<p>277 p\u00e1ginas<\/p>\n","protected":false},"featured_media":6292,"template":"","meta":{"_joinchat":[]},"product_brand":[],"product_cat":[70,35],"product_tag":[48],"class_list":{"0":"post-6291","1":"product","2":"type-product","3":"status-publish","4":"has-post-thumbnail","6":"product_cat-novedades","7":"product_cat-romantica","8":"product_tag-vr-editoras","10":"first","11":"instock","12":"shipping-taxable","13":"purchasable","14":"product-type-simple"},"_links":{"self":[{"href":"https:\/\/libreriahistoriasdebolsillo.com\/index.php\/wp-json\/wp\/v2\/product\/6291","targetHints":{"allow":["GET"]}}],"collection":[{"href":"https:\/\/libreriahistoriasdebolsillo.com\/index.php\/wp-json\/wp\/v2\/product"}],"about":[{"href":"https:\/\/libreriahistoriasdebolsillo.com\/index.php\/wp-json\/wp\/v2\/types\/product"}],"wp:featuredmedia":[{"embeddable":true,"href":"https:\/\/libreriahistoriasdebolsillo.com\/index.php\/wp-json\/wp\/v2\/media\/6292"}],"wp:attachment":[{"href":"https:\/\/libreriahistoriasdebolsillo.com\/index.php\/wp-json\/wp\/v2\/media?parent=6291"}],"wp:term":[{"taxonomy":"product_brand","embeddable":true,"href":"https:\/\/libreriahistoriasdebolsillo.com\/index.php\/wp-json\/wp\/v2\/product_brand?post=6291"},{"taxonomy":"product_cat","embeddable":true,"href":"https:\/\/libreriahistoriasdebolsillo.com\/index.php\/wp-json\/wp\/v2\/product_cat?post=6291"},{"taxonomy":"product_tag","embeddable":true,"href":"https:\/\/libreriahistoriasdebolsillo.com\/index.php\/wp-json\/wp\/v2\/product_tag?post=6291"}],"curies":[{"name":"wp","href":"https:\/\/api.w.org\/{rel}","templated":true}]}}