{"id":6293,"date":"2025-02-14T19:03:55","date_gmt":"2025-02-15T01:03:55","guid":{"rendered":"https:\/\/libreriahistoriasdebolsillo.com\/?post_type=product&#038;p=6293"},"modified":"2025-02-14T19:03:55","modified_gmt":"2025-02-15T01:03:55","slug":"el-retorno-de-las-ninas-perdidas","status":"publish","type":"product","link":"https:\/\/libreriahistoriasdebolsillo.com\/index.php\/producto\/el-retorno-de-las-ninas-perdidas\/","title":{"rendered":"El retorno de las ni\u00f1as perdidas"},"content":{"rendered":"<p>F\u00e1tima es una mujer de los suburbios de Marsella que enfrenta los desaf\u00edos de la vida con tenacidad. Madre trabajadora, amiga entra\u00f1able y tambi\u00e9n una sobreviviente que se convertir\u00e1 en la clave para hallar la respuesta: \u00bfd\u00f3nde est\u00e1n las ni\u00f1as perdidas? A veces, retornar es atreverse a ir donde nunca antes.<\/p>\n","protected":false},"excerpt":{"rendered":"<p>Mariela Gimenez<\/p>\n<p>520 p\u00e1ginas<\/p>\n","protected":false},"featured_media":6294,"template":"","meta":{"_joinchat":[]},"product_brand":[],"product_cat":[33],"product_tag":[48],"class_list":{"0":"post-6293","1":"product","2":"type-product","3":"status-publish","4":"has-post-thumbnail","6":"product_cat-ficcion-general","7":"product_tag-vr-editoras","9":"first","10":"instock","11":"shipping-taxable","12":"purchasable","13":"product-type-simple"},"_links":{"self":[{"href":"https:\/\/libreriahistoriasdebolsillo.com\/index.php\/wp-json\/wp\/v2\/product\/6293","targetHints":{"allow":["GET"]}}],"collection":[{"href":"https:\/\/libreriahistoriasdebolsillo.com\/index.php\/wp-json\/wp\/v2\/product"}],"about":[{"href":"https:\/\/libreriahistoriasdebolsillo.com\/index.php\/wp-json\/wp\/v2\/types\/product"}],"wp:featuredmedia":[{"embeddable":true,"href":"https:\/\/libreriahistoriasdebolsillo.com\/index.php\/wp-json\/wp\/v2\/media\/6294"}],"wp:attachment":[{"href":"https:\/\/libreriahistoriasdebolsillo.com\/index.php\/wp-json\/wp\/v2\/media?parent=6293"}],"wp:term":[{"taxonomy":"product_brand","embeddable":true,"href":"https:\/\/libreriahistoriasdebolsillo.com\/index.php\/wp-json\/wp\/v2\/product_brand?post=6293"},{"taxonomy":"product_cat","embeddable":true,"href":"https:\/\/libreriahistoriasdebolsillo.com\/index.php\/wp-json\/wp\/v2\/product_cat?post=6293"},{"taxonomy":"product_tag","embeddable":true,"href":"https:\/\/libreriahistoriasdebolsillo.com\/index.php\/wp-json\/wp\/v2\/product_tag?post=6293"}],"curies":[{"name":"wp","href":"https:\/\/api.w.org\/{rel}","templated":true}]}}