{"id":6295,"date":"2025-02-14T19:06:13","date_gmt":"2025-02-15T01:06:13","guid":{"rendered":"https:\/\/libreriahistoriasdebolsillo.com\/?post_type=product&#038;p=6295"},"modified":"2025-06-10T14:07:44","modified_gmt":"2025-06-10T20:07:44","slug":"oraculo-de-la-suerte","status":"publish","type":"product","link":"https:\/\/libreriahistoriasdebolsillo.com\/index.php\/producto\/oraculo-de-la-suerte\/","title":{"rendered":"Or\u00e1culo de la suerte"},"content":{"rendered":"<p>El Or\u00e1culo de la Suerte es muy f\u00e1cil de usar: solo conc\u00e9ntrate en esa explicaci\u00f3n que te est\u00e1 haciendo falta, en esa duda existencial que no te atreves a formular en voz alta, mientras estrechas este libro contra tu pecho o lo apoyas en tu frente. Luego, \u00e1brelo al azar y ante tus ojos surgir\u00e1 la respuesta impresa. El gui\u00f1o que necesitas para sentir apoyo aguarda entre estas p\u00e1ginas a que tu energ\u00eda positiva y tu optimismo lo enciendan. Las respuestas del Or\u00e1culo nunca ser\u00e1n definitivas, pues, as\u00ed como despu\u00e9s de la noche llega el d\u00eda, el infortunio deja paso a la ventura. Y as\u00ed como todo te resulta m\u00e1s sencillo y grato cuando est\u00e1s de buen \u00e1nimo, tambi\u00e9n es posible alumbrar tus pasos hacia el futuro con una luz de confianza y curiosidad.<\/p>\n","protected":false},"excerpt":{"rendered":"<p>El Or\u00e1culo de la Suerte es muy f\u00e1cil de usar: solo conc\u00e9ntrate en esa explicaci\u00f3n que te est\u00e1 haciendo falta, en esa duda existencial que no te atreves a formular en voz alta, mientras estrechas este libro contra tu pecho o lo apoyas en tu frente. Luego, \u00e1brelo al azar y ante tus ojos surgir\u00e1 [&hellip;]<\/p>\n","protected":false},"featured_media":6296,"template":"","meta":{"_joinchat":[]},"product_brand":[],"product_cat":[59,41],"product_tag":[48],"class_list":{"0":"post-6295","1":"product","2":"type-product","3":"status-publish","4":"has-post-thumbnail","6":"product_cat-esoterismo","7":"product_cat-desarrollo-humano","8":"product_tag-vr-editoras","10":"first","11":"instock","12":"shipping-taxable","13":"purchasable","14":"product-type-simple"},"_links":{"self":[{"href":"https:\/\/libreriahistoriasdebolsillo.com\/index.php\/wp-json\/wp\/v2\/product\/6295","targetHints":{"allow":["GET"]}}],"collection":[{"href":"https:\/\/libreriahistoriasdebolsillo.com\/index.php\/wp-json\/wp\/v2\/product"}],"about":[{"href":"https:\/\/libreriahistoriasdebolsillo.com\/index.php\/wp-json\/wp\/v2\/types\/product"}],"wp:featuredmedia":[{"embeddable":true,"href":"https:\/\/libreriahistoriasdebolsillo.com\/index.php\/wp-json\/wp\/v2\/media\/6296"}],"wp:attachment":[{"href":"https:\/\/libreriahistoriasdebolsillo.com\/index.php\/wp-json\/wp\/v2\/media?parent=6295"}],"wp:term":[{"taxonomy":"product_brand","embeddable":true,"href":"https:\/\/libreriahistoriasdebolsillo.com\/index.php\/wp-json\/wp\/v2\/product_brand?post=6295"},{"taxonomy":"product_cat","embeddable":true,"href":"https:\/\/libreriahistoriasdebolsillo.com\/index.php\/wp-json\/wp\/v2\/product_cat?post=6295"},{"taxonomy":"product_tag","embeddable":true,"href":"https:\/\/libreriahistoriasdebolsillo.com\/index.php\/wp-json\/wp\/v2\/product_tag?post=6295"}],"curies":[{"name":"wp","href":"https:\/\/api.w.org\/{rel}","templated":true}]}}