{"id":6297,"date":"2025-02-14T19:07:48","date_gmt":"2025-02-15T01:07:48","guid":{"rendered":"https:\/\/libreriahistoriasdebolsillo.com\/?post_type=product&#038;p=6297"},"modified":"2025-02-14T19:12:04","modified_gmt":"2025-02-15T01:12:04","slug":"little-people-big-dreams-frida-kahlo","status":"publish","type":"product","link":"https:\/\/libreriahistoriasdebolsillo.com\/index.php\/producto\/little-people-big-dreams-frida-kahlo\/","title":{"rendered":"Little people, big dreams. Frida Kahlo"},"content":{"rendered":"<p>Todas las personas extraordinarias empiezan con un sue\u00f1o. Descubre la historia de sus vidas a trav\u00e9s de lindas ilustraciones en esta maravillosa colecci\u00f3n que incluye una secci\u00f3n de datos y fotos al final de cada libro.<\/p>\n","protected":false},"excerpt":{"rendered":"<p>Todas las personas extraordinarias empiezan con un sue\u00f1o. Descubre la historia de sus vidas a trav\u00e9s de lindas ilustraciones en esta maravillosa colecci\u00f3n que incluye una secci\u00f3n de datos y fotos al final de cada libro.<\/p>\n","protected":false},"featured_media":6298,"template":"","meta":{"_joinchat":[]},"product_brand":[],"product_cat":[41],"product_tag":[48],"class_list":{"0":"post-6297","1":"product","2":"type-product","3":"status-publish","4":"has-post-thumbnail","6":"product_cat-desarrollo-humano","7":"product_tag-vr-editoras","9":"first","10":"instock","11":"shipping-taxable","12":"purchasable","13":"product-type-simple"},"_links":{"self":[{"href":"https:\/\/libreriahistoriasdebolsillo.com\/index.php\/wp-json\/wp\/v2\/product\/6297","targetHints":{"allow":["GET"]}}],"collection":[{"href":"https:\/\/libreriahistoriasdebolsillo.com\/index.php\/wp-json\/wp\/v2\/product"}],"about":[{"href":"https:\/\/libreriahistoriasdebolsillo.com\/index.php\/wp-json\/wp\/v2\/types\/product"}],"wp:featuredmedia":[{"embeddable":true,"href":"https:\/\/libreriahistoriasdebolsillo.com\/index.php\/wp-json\/wp\/v2\/media\/6298"}],"wp:attachment":[{"href":"https:\/\/libreriahistoriasdebolsillo.com\/index.php\/wp-json\/wp\/v2\/media?parent=6297"}],"wp:term":[{"taxonomy":"product_brand","embeddable":true,"href":"https:\/\/libreriahistoriasdebolsillo.com\/index.php\/wp-json\/wp\/v2\/product_brand?post=6297"},{"taxonomy":"product_cat","embeddable":true,"href":"https:\/\/libreriahistoriasdebolsillo.com\/index.php\/wp-json\/wp\/v2\/product_cat?post=6297"},{"taxonomy":"product_tag","embeddable":true,"href":"https:\/\/libreriahistoriasdebolsillo.com\/index.php\/wp-json\/wp\/v2\/product_tag?post=6297"}],"curies":[{"name":"wp","href":"https:\/\/api.w.org\/{rel}","templated":true}]}}