{"id":631,"date":"2023-11-20T11:55:36","date_gmt":"2023-11-20T17:55:36","guid":{"rendered":"https:\/\/libreriahistoriasdebolsillo.com\/?post_type=product&#038;p=631"},"modified":"2025-10-16T19:27:51","modified_gmt":"2025-10-17T01:27:51","slug":"la-taxonomia-del-amor","status":"publish","type":"product","link":"https:\/\/libreriahistoriasdebolsillo.com\/index.php\/producto\/la-taxonomia-del-amor\/","title":{"rendered":"La taxonom\u00eda del amor"},"content":{"rendered":"<p>\u00bfSe puede etiquetar el verdadero amor? Spencer est\u00e1 acostumbrado a sentirse como el chico raro, el que no es completamente normal, el solitario. Entre tener un hermano que lo hace todo bien y ser hostigado por su s\u00edndrome de Tourette, su vida no es sencilla. Pero en el instante en que Hope sale del cami\u00f3n de mudanzas que se detiene en la casa de al lado, Spencer se siente diferente. Como si su vecindario fuera un lugar completamente distinto ahora que tiene una amiga. Como si pudiera contarle cualquier cosa a Hope. Como si, finalmente, se sintiera parte de algo. Y luego Hope y Spencer crecen. La vida se complica y las etiquetas bien definidas, como \u00abamigo\u00bb, tambi\u00e9n se vuelven confusas. Mientras viven peleas entre hermanos y tragedias familiares, se enfrentan a relaciones y a corazones rotos, se acercan y se alejan. Spencer, que aspira a ser cient\u00edfico, intenta trazar gr\u00e1ficos vali\u00e9ndose del sistema de taxonom\u00edas, un m\u00e9todo que suele ser confiable. Pero, a diferencia de la ciencia, el amor no siempre encaja en categor\u00edas f\u00e1ciles. Y si Spencer no se da cuenta de ello pronto, corre el riesgo de perder a Hope para siempre. \u00abUna historia de amor fresca y divertida, con gran coraz\u00f3n, complicada, generosa y vibrante. La taxonom\u00eda del amor es una lectura obligada para cualquiera que alguna vez haya tenido dificultades para encontrar un lugar en donde encajar.\u00bb \u0096Katie Cotugno, autora best seller del New York Times de 99 Days y Fireworks \u00abLa taxonom\u00eda del amor tiene todo lo que busco en una novela: humor, sentimiento y personajes sensacionales. Por m\u00ed no se preocupen: estar\u00e9 aqu\u00ed abrazando mi ejemplar.\u00bb \u0096Lauren Morrill, autora de Meant to Be<\/p>\n","protected":false},"excerpt":{"rendered":"<p>Rachael Allen<\/p>\n","protected":false},"featured_media":632,"template":"","meta":{"_joinchat":[]},"product_brand":[],"product_cat":[35],"product_tag":[46],"class_list":{"0":"post-631","1":"product","2":"type-product","3":"status-publish","4":"has-post-thumbnail","6":"product_cat-romantica","7":"product_tag-ediciones-urano","9":"first","10":"outofstock","11":"shipping-taxable","12":"purchasable","13":"product-type-simple"},"_links":{"self":[{"href":"https:\/\/libreriahistoriasdebolsillo.com\/index.php\/wp-json\/wp\/v2\/product\/631","targetHints":{"allow":["GET"]}}],"collection":[{"href":"https:\/\/libreriahistoriasdebolsillo.com\/index.php\/wp-json\/wp\/v2\/product"}],"about":[{"href":"https:\/\/libreriahistoriasdebolsillo.com\/index.php\/wp-json\/wp\/v2\/types\/product"}],"wp:featuredmedia":[{"embeddable":true,"href":"https:\/\/libreriahistoriasdebolsillo.com\/index.php\/wp-json\/wp\/v2\/media\/632"}],"wp:attachment":[{"href":"https:\/\/libreriahistoriasdebolsillo.com\/index.php\/wp-json\/wp\/v2\/media?parent=631"}],"wp:term":[{"taxonomy":"product_brand","embeddable":true,"href":"https:\/\/libreriahistoriasdebolsillo.com\/index.php\/wp-json\/wp\/v2\/product_brand?post=631"},{"taxonomy":"product_cat","embeddable":true,"href":"https:\/\/libreriahistoriasdebolsillo.com\/index.php\/wp-json\/wp\/v2\/product_cat?post=631"},{"taxonomy":"product_tag","embeddable":true,"href":"https:\/\/libreriahistoriasdebolsillo.com\/index.php\/wp-json\/wp\/v2\/product_tag?post=631"}],"curies":[{"name":"wp","href":"https:\/\/api.w.org\/{rel}","templated":true}]}}