{"id":6314,"date":"2025-03-04T16:15:57","date_gmt":"2025-03-04T22:15:57","guid":{"rendered":"https:\/\/libreriahistoriasdebolsillo.com\/?post_type=product&#038;p=6314"},"modified":"2025-07-04T17:24:00","modified_gmt":"2025-07-04T23:24:00","slug":"las-cuatro-despues-de-medianoche","status":"publish","type":"product","link":"https:\/\/libreriahistoriasdebolsillo.com\/index.php\/producto\/las-cuatro-despues-de-medianoche\/","title":{"rendered":"Las cuatro despu\u00e9s de medianoche"},"content":{"rendered":"<p><b>Multiplica de nuevo tu miedo por dos.<\/b><\/p>\n<p>Si conseguiste sobrevivir m\u00e1s all\u00e1 de\u00a0<i>Las dos despu\u00e9s de medianoche<\/i>, ahora est\u00e1s obligado a encontrar el secreto m\u00e1s horripilante que jam\u00e1s ha escondido un pueblo, y a enfocar a una bestia que despedazar\u00e1 tu cordura.<\/p>\n<p>Simplemente, vuelves a estar en las manos de Stephen King, paralizado por otro extraordinario par de novelas que detendr\u00e1 tu coraz\u00f3n&#8230; justo a las cuatro despu\u00e9s de medianoche.<\/p>\n","protected":false},"excerpt":{"rendered":"<p>Stephen King<\/p>\n<p>496 p\u00e1ginas<\/p>\n","protected":false},"featured_media":6315,"template":"","meta":{"_joinchat":[]},"product_brand":[],"product_cat":[36],"product_tag":[34],"class_list":{"0":"post-6314","1":"product","2":"type-product","3":"status-publish","4":"has-post-thumbnail","6":"product_cat-terror-y-paranormal","7":"product_tag-penguin-random-house","9":"first","10":"outofstock","11":"shipping-taxable","12":"purchasable","13":"product-type-simple"},"_links":{"self":[{"href":"https:\/\/libreriahistoriasdebolsillo.com\/index.php\/wp-json\/wp\/v2\/product\/6314","targetHints":{"allow":["GET"]}}],"collection":[{"href":"https:\/\/libreriahistoriasdebolsillo.com\/index.php\/wp-json\/wp\/v2\/product"}],"about":[{"href":"https:\/\/libreriahistoriasdebolsillo.com\/index.php\/wp-json\/wp\/v2\/types\/product"}],"wp:featuredmedia":[{"embeddable":true,"href":"https:\/\/libreriahistoriasdebolsillo.com\/index.php\/wp-json\/wp\/v2\/media\/6315"}],"wp:attachment":[{"href":"https:\/\/libreriahistoriasdebolsillo.com\/index.php\/wp-json\/wp\/v2\/media?parent=6314"}],"wp:term":[{"taxonomy":"product_brand","embeddable":true,"href":"https:\/\/libreriahistoriasdebolsillo.com\/index.php\/wp-json\/wp\/v2\/product_brand?post=6314"},{"taxonomy":"product_cat","embeddable":true,"href":"https:\/\/libreriahistoriasdebolsillo.com\/index.php\/wp-json\/wp\/v2\/product_cat?post=6314"},{"taxonomy":"product_tag","embeddable":true,"href":"https:\/\/libreriahistoriasdebolsillo.com\/index.php\/wp-json\/wp\/v2\/product_tag?post=6314"}],"curies":[{"name":"wp","href":"https:\/\/api.w.org\/{rel}","templated":true}]}}