{"id":6318,"date":"2025-03-04T16:24:31","date_gmt":"2025-03-04T22:24:31","guid":{"rendered":"https:\/\/libreriahistoriasdebolsillo.com\/?post_type=product&#038;p=6318"},"modified":"2025-10-07T10:34:42","modified_gmt":"2025-10-07T16:34:42","slug":"el-arte-de-la-guerra-3","status":"publish","type":"product","link":"https:\/\/libreriahistoriasdebolsillo.com\/index.php\/producto\/el-arte-de-la-guerra-3\/","title":{"rendered":"El arte de la guerra"},"content":{"rendered":"<p>Desde hace m\u00e1s de dos mil quinientos a\u00f1os,\u00a0<i>El arte de la guerra<\/i>\u00a0de Sun Tzu ha proporcionado consejos a l\u00edderes y estrategas sobre las mejores t\u00e1cticas en el campo de batalla, el manejo de los subordinados o el empleo de la astucia y el enga\u00f1o. Texto fundamental de la tradici\u00f3n china, tambi\u00e9n en Occidente se ha vuelto una lectura imprescindible a la hora de buscar el \u00e9xito en la vida personal, en los negocios o en cualquier otro \u00e1mbito en que se deban resolver conflictos con eficacia.<\/p>\n","protected":false},"excerpt":{"rendered":"<p>Sun Tzu<\/p>\n<p>160 p\u00e1ginas<\/p>\n","protected":false},"featured_media":6319,"template":"","meta":{"_joinchat":[]},"product_brand":[],"product_cat":[42,51],"product_tag":[34],"class_list":{"0":"post-6318","1":"product","2":"type-product","3":"status-publish","4":"has-post-thumbnail","6":"product_cat-literatura-clasica","7":"product_cat-oferta","8":"product_tag-penguin-random-house","10":"first","11":"outofstock","12":"shipping-taxable","13":"purchasable","14":"product-type-simple"},"_links":{"self":[{"href":"https:\/\/libreriahistoriasdebolsillo.com\/index.php\/wp-json\/wp\/v2\/product\/6318","targetHints":{"allow":["GET"]}}],"collection":[{"href":"https:\/\/libreriahistoriasdebolsillo.com\/index.php\/wp-json\/wp\/v2\/product"}],"about":[{"href":"https:\/\/libreriahistoriasdebolsillo.com\/index.php\/wp-json\/wp\/v2\/types\/product"}],"wp:featuredmedia":[{"embeddable":true,"href":"https:\/\/libreriahistoriasdebolsillo.com\/index.php\/wp-json\/wp\/v2\/media\/6319"}],"wp:attachment":[{"href":"https:\/\/libreriahistoriasdebolsillo.com\/index.php\/wp-json\/wp\/v2\/media?parent=6318"}],"wp:term":[{"taxonomy":"product_brand","embeddable":true,"href":"https:\/\/libreriahistoriasdebolsillo.com\/index.php\/wp-json\/wp\/v2\/product_brand?post=6318"},{"taxonomy":"product_cat","embeddable":true,"href":"https:\/\/libreriahistoriasdebolsillo.com\/index.php\/wp-json\/wp\/v2\/product_cat?post=6318"},{"taxonomy":"product_tag","embeddable":true,"href":"https:\/\/libreriahistoriasdebolsillo.com\/index.php\/wp-json\/wp\/v2\/product_tag?post=6318"}],"curies":[{"name":"wp","href":"https:\/\/api.w.org\/{rel}","templated":true}]}}