{"id":6322,"date":"2025-03-04T16:29:51","date_gmt":"2025-03-04T22:29:51","guid":{"rendered":"https:\/\/libreriahistoriasdebolsillo.com\/?post_type=product&#038;p=6322"},"modified":"2025-07-04T17:26:24","modified_gmt":"2025-07-04T23:26:24","slug":"ese-no-es-mi-nombre","status":"publish","type":"product","link":"https:\/\/libreriahistoriasdebolsillo.com\/index.php\/producto\/ese-no-es-mi-nombre\/","title":{"rendered":"Ese no es mi nombre"},"content":{"rendered":"<p><b>El thriller<\/b>\u00a0<b>best<\/b>\u00a0<b>seller internacional que<\/b>\u00a0<b>te mantendr\u00e1 en vilo hasta la \u00faltima p\u00e1gina.<\/b><\/p>\n<p><b>Ella pensaba que hab\u00eda recuperado su vida. Pero se equivocaba.<\/b><\/p>\n<p>Nunca debi\u00f3 haber confiado en \u00e9l.<\/p>\n<p>Temblando de fr\u00edo y magullada, una adolescente se despierta en la cuneta sin recuerdo alguno de c\u00f3mo ha llegado hasta ah\u00ed&#8230; o de qui\u00e9n es. Un agente la lleva a la comisar\u00eda m\u00e1s cercana, y all\u00ed se encuentran con un hombre que lleva horas busc\u00e1ndola.<\/p>\n<p>Es su padre, y ella se llama Mary. O eso dice \u00e9l.<\/p>\n<p>Cuando Lola desaparece tras una discusi\u00f3n con su novio Drew, el pueblo entero est\u00e1 convencido de que este la mat\u00f3. M\u00e1s all\u00e1 de demostrar su inocencia, Drew necesita encontrar a Lola antes de que sea demasiado tarde. Cuanto m\u00e1s tiempo pase desde su desaparici\u00f3n, menos pistas que seguir hay\u2026 y m\u00e1s peligro para ambos.<\/p>\n<p><i><b>Ese no es mi<\/b><\/i>\u00a0<i><b>nombre<\/b><\/i>\u00a0<b>es un thriller<\/b>\u00a0<b>adictivo<\/b>\u00a0<b>perfecto para fans de:<\/b><\/p>\n<p>*Novelas de misterio que te mantienen en vilo hasta la \u00faltima p\u00e1gina.<\/p>\n<p>*Giros de gui\u00f3n y revelaciones inesperadas.<\/p>\n<p>*Los libros de Karen McManus, Lisa Jewell o Gillian Flynn.<\/p>\n","protected":false},"excerpt":{"rendered":"<p>Megan Lally<\/p>\n<p>384 p\u00e1ginas<\/p>\n","protected":false},"featured_media":6323,"template":"","meta":{"_joinchat":[]},"product_brand":[],"product_cat":[37,70],"product_tag":[34],"class_list":{"0":"post-6322","1":"product","2":"type-product","3":"status-publish","4":"has-post-thumbnail","6":"product_cat-misterio-y-thriller","7":"product_cat-novedades","8":"product_tag-penguin-random-house","10":"first","11":"outofstock","12":"shipping-taxable","13":"purchasable","14":"product-type-simple"},"_links":{"self":[{"href":"https:\/\/libreriahistoriasdebolsillo.com\/index.php\/wp-json\/wp\/v2\/product\/6322","targetHints":{"allow":["GET"]}}],"collection":[{"href":"https:\/\/libreriahistoriasdebolsillo.com\/index.php\/wp-json\/wp\/v2\/product"}],"about":[{"href":"https:\/\/libreriahistoriasdebolsillo.com\/index.php\/wp-json\/wp\/v2\/types\/product"}],"wp:featuredmedia":[{"embeddable":true,"href":"https:\/\/libreriahistoriasdebolsillo.com\/index.php\/wp-json\/wp\/v2\/media\/6323"}],"wp:attachment":[{"href":"https:\/\/libreriahistoriasdebolsillo.com\/index.php\/wp-json\/wp\/v2\/media?parent=6322"}],"wp:term":[{"taxonomy":"product_brand","embeddable":true,"href":"https:\/\/libreriahistoriasdebolsillo.com\/index.php\/wp-json\/wp\/v2\/product_brand?post=6322"},{"taxonomy":"product_cat","embeddable":true,"href":"https:\/\/libreriahistoriasdebolsillo.com\/index.php\/wp-json\/wp\/v2\/product_cat?post=6322"},{"taxonomy":"product_tag","embeddable":true,"href":"https:\/\/libreriahistoriasdebolsillo.com\/index.php\/wp-json\/wp\/v2\/product_tag?post=6322"}],"curies":[{"name":"wp","href":"https:\/\/api.w.org\/{rel}","templated":true}]}}