{"id":6326,"date":"2025-03-04T16:36:20","date_gmt":"2025-03-04T22:36:20","guid":{"rendered":"https:\/\/libreriahistoriasdebolsillo.com\/?post_type=product&#038;p=6326"},"modified":"2025-10-15T19:02:09","modified_gmt":"2025-10-16T01:02:09","slug":"cumbres-borrascosas-2","status":"publish","type":"product","link":"https:\/\/libreriahistoriasdebolsillo.com\/index.php\/producto\/cumbres-borrascosas-2\/","title":{"rendered":"Cumbres borrascosas"},"content":{"rendered":"<p><b>Una de las mayores historias de amor de la literatura y quiz\u00e1 la mejor representante del Romanticismo ingl\u00e9s.<\/b><\/p>\n<p><i><b>Cumbres borrascosas<\/b><\/i><b>, la \u00e9pica historia de Catherine y Heathcliff, situada en los sombr\u00edos y desolados p\u00e1ramos de Yorkshire, constituye una asombrosa visi\u00f3n metaf\u00edsica del destino, la obsesi\u00f3n, la pasi\u00f3n y la venganza.<\/b><\/p>\n<p><b>La singularidad de su estructura narrativa y la fuerza de su lenguaje la convirtieron de inmediato en una de las obras m\u00e1s perdurables e influyentes de la historia de la literatura.<\/b><\/p>\n<p><i>Pero mi amor por Heathcliff es como las rocas eternas que hay debajo, un manantial de escaso deleite para la vista, pero necesario.<\/i><\/p>\n<p>Con\u00a0<i>Cumbres borrascosas<\/i>, Emily Bront\u00eb, que se vio obligada a ocultar su g\u00e9nero publicando sus obras bajo seud\u00f3nimo, rompi\u00f3 por completo con los c\u00e1nones del decoro que la Inglaterra victoriana exig\u00eda en toda novela, tanto en el tema escogido como en la descripci\u00f3n de los personajes.<\/p>\n<p>Lucasta Miller, autora de\u00a0<i>The Bront\u00eb Myth\u00a0<\/i>(2001), analiza en el prefacio de la presente edici\u00f3n las diferentes interpretaciones que se han hecho de esta pol\u00e9mica obra. A su vez, la introducci\u00f3n de la profesora Pauline Nestor da cuenta de las influencias y los or\u00edgenes de Emily Bront\u00eb como escritora. Por \u00faltimo, esta edici\u00f3n incorpora la nota biogr\u00e1fica y el prefacio original, escrito por Charlotte, en el que revelaba su verdadera identidad, junto a un \u00e1rbol geneal\u00f3gico de los protagonistas de la novela.<\/p>\n","protected":false},"excerpt":{"rendered":"<p>Emily Bront\u00eb<\/p>\n<p>472 p\u00e1ginas<\/p>\n","protected":false},"featured_media":6327,"template":"","meta":{"_joinchat":[]},"product_brand":[],"product_cat":[42],"product_tag":[34],"class_list":{"0":"post-6326","1":"product","2":"type-product","3":"status-publish","4":"has-post-thumbnail","6":"product_cat-literatura-clasica","7":"product_tag-penguin-random-house","9":"first","10":"outofstock","11":"shipping-taxable","12":"purchasable","13":"product-type-simple"},"_links":{"self":[{"href":"https:\/\/libreriahistoriasdebolsillo.com\/index.php\/wp-json\/wp\/v2\/product\/6326","targetHints":{"allow":["GET"]}}],"collection":[{"href":"https:\/\/libreriahistoriasdebolsillo.com\/index.php\/wp-json\/wp\/v2\/product"}],"about":[{"href":"https:\/\/libreriahistoriasdebolsillo.com\/index.php\/wp-json\/wp\/v2\/types\/product"}],"wp:featuredmedia":[{"embeddable":true,"href":"https:\/\/libreriahistoriasdebolsillo.com\/index.php\/wp-json\/wp\/v2\/media\/6327"}],"wp:attachment":[{"href":"https:\/\/libreriahistoriasdebolsillo.com\/index.php\/wp-json\/wp\/v2\/media?parent=6326"}],"wp:term":[{"taxonomy":"product_brand","embeddable":true,"href":"https:\/\/libreriahistoriasdebolsillo.com\/index.php\/wp-json\/wp\/v2\/product_brand?post=6326"},{"taxonomy":"product_cat","embeddable":true,"href":"https:\/\/libreriahistoriasdebolsillo.com\/index.php\/wp-json\/wp\/v2\/product_cat?post=6326"},{"taxonomy":"product_tag","embeddable":true,"href":"https:\/\/libreriahistoriasdebolsillo.com\/index.php\/wp-json\/wp\/v2\/product_tag?post=6326"}],"curies":[{"name":"wp","href":"https:\/\/api.w.org\/{rel}","templated":true}]}}