{"id":6328,"date":"2025-03-04T16:39:09","date_gmt":"2025-03-04T22:39:09","guid":{"rendered":"https:\/\/libreriahistoriasdebolsillo.com\/?post_type=product&#038;p=6328"},"modified":"2025-07-04T17:21:52","modified_gmt":"2025-07-04T23:21:52","slug":"la-catedral-del-mar-3-en-el-amor-y-en-la-guerra","status":"publish","type":"product","link":"https:\/\/libreriahistoriasdebolsillo.com\/index.php\/producto\/la-catedral-del-mar-3-en-el-amor-y-en-la-guerra\/","title":{"rendered":"La catedral del mar 3. En el amor y en la guerra"},"content":{"rendered":"<p><b>UN MUNDO A PUNTO DE CAMBIAR PARA SIEMPRE. UN HOMBRE MARCADO POR LA FUERZA DE SU LINAJE. UNA HISTORIA DE AMOR, LEALTAD Y VENGANZA.<\/b><\/p>\n<p><b>En el a\u00f1o 2006, un entonces desconocido Ildefonso Falcones protagoniz\u00f3 el mayor fen\u00f3meno editorial de la novela hist\u00f3rica en Espa\u00f1a con su obra maestra,\u00a0<i>La catedral del mar<\/i>. Diez a\u00f1os despu\u00e9s, llegaba a manos de los lectores su apasionante continuaci\u00f3n,\u00a0<i>Los herederos de la tierra<\/i>, que volvi\u00f3 a batir r\u00e9cords de ventas. Ahora que se cumple casi una d\u00e9cada m\u00e1s, Grijalbo presenta el lanzamiento de la tercera entrega de una saga imprescindible para todos los amantes de la mejor novela hist\u00f3rica.<\/b><\/p>\n<p>1442. Arnau Estanyol, nieto del protagonista de\u00a0<i>La catedral del mar<\/i>, sirve con fervor al rey de Arag\u00f3n en la conquista de N\u00e1poles cuando los enemigos eternos de la familia aprovechan su ausencia para irrumpir en su palacio y atacar a su hijastra, la joven Marina, con consecuencias devastadoras para todos. As\u00ed arranca una deslumbrante novela \u00e9pica que recorre la segunda mitad del siglo XV, unos a\u00f1os que supusieron el final del oscurantismo medieval y el inicio de un periodo m\u00e1s luminoso, el Renacimiento. Arnau Estanyol, descendiente de esos a\u00f1os oscuros, ver\u00e1 c\u00f3mo el mundo se transforma a su alrededor, c\u00f3mo cambia el arte de la guerra y c\u00f3mo el amor es capaz de transformar el coraz\u00f3n m\u00e1s endurecido.<\/p>\n","protected":false},"excerpt":{"rendered":"<p>Ildefonso Falcones<\/p>\n<p>768 p\u00e1ginas<\/p>\n","protected":false},"featured_media":6329,"template":"","meta":{"_joinchat":[]},"product_brand":[],"product_cat":[56,70],"product_tag":[34],"class_list":{"0":"post-6328","1":"product","2":"type-product","3":"status-publish","4":"has-post-thumbnail","6":"product_cat-historica","7":"product_cat-novedades","8":"product_tag-penguin-random-house","10":"first","11":"outofstock","12":"shipping-taxable","13":"purchasable","14":"product-type-simple"},"_links":{"self":[{"href":"https:\/\/libreriahistoriasdebolsillo.com\/index.php\/wp-json\/wp\/v2\/product\/6328","targetHints":{"allow":["GET"]}}],"collection":[{"href":"https:\/\/libreriahistoriasdebolsillo.com\/index.php\/wp-json\/wp\/v2\/product"}],"about":[{"href":"https:\/\/libreriahistoriasdebolsillo.com\/index.php\/wp-json\/wp\/v2\/types\/product"}],"wp:featuredmedia":[{"embeddable":true,"href":"https:\/\/libreriahistoriasdebolsillo.com\/index.php\/wp-json\/wp\/v2\/media\/6329"}],"wp:attachment":[{"href":"https:\/\/libreriahistoriasdebolsillo.com\/index.php\/wp-json\/wp\/v2\/media?parent=6328"}],"wp:term":[{"taxonomy":"product_brand","embeddable":true,"href":"https:\/\/libreriahistoriasdebolsillo.com\/index.php\/wp-json\/wp\/v2\/product_brand?post=6328"},{"taxonomy":"product_cat","embeddable":true,"href":"https:\/\/libreriahistoriasdebolsillo.com\/index.php\/wp-json\/wp\/v2\/product_cat?post=6328"},{"taxonomy":"product_tag","embeddable":true,"href":"https:\/\/libreriahistoriasdebolsillo.com\/index.php\/wp-json\/wp\/v2\/product_tag?post=6328"}],"curies":[{"name":"wp","href":"https:\/\/api.w.org\/{rel}","templated":true}]}}