{"id":633,"date":"2023-11-20T11:58:02","date_gmt":"2023-11-20T17:58:02","guid":{"rendered":"https:\/\/libreriahistoriasdebolsillo.com\/?post_type=product&#038;p=633"},"modified":"2023-11-20T11:58:02","modified_gmt":"2023-11-20T17:58:02","slug":"la-chica-del-tiempo","status":"publish","type":"product","link":"https:\/\/libreriahistoriasdebolsillo.com\/index.php\/producto\/la-chica-del-tiempo\/","title":{"rendered":"La chica del tiempo"},"content":{"rendered":"<p>Una meteor\u00f3loga y un periodista deportivo trazan un plan para reconciliar a sus respectivos jefes divorciados con resultados imprevisibles. A Ari Abrams siempre le ha fascinado el tiempo y adora casi todo de su trabajo como mujer del tiempo. Su jefa, la legendaria meteor\u00f3loga Torrance Hale, est\u00e1 demasiado distra\u00edda con la tempestuosa relaci\u00f3n con su ex marido, el director de informativos, como para proporcionar a Ari la orientaci\u00f3n laboral que necesita. Ari, que suele derrochar alegr\u00eda y optimismo, est\u00e1 desesperada. La \u00fanica persona que parece entender c\u00f3mo se siente es el dulce pero reservado periodista deportivo Russell Barringer. Despu\u00e9s de una desastrosa fiesta, Ari y Russell deciden unir fuerzas para resolver los problemas de la relaci\u00f3n entre sus jefes. Entre regalos secretos y citas dobles, empiezan a lograr la tan deseada reconciliaci\u00f3n. Sin embargo, su bienintencionada intromisi\u00f3n produce un efecto inesperado al hacer saltar la chispa\u0085 entre Ari y Russell. Trabajar cerca de Russell implica permitirle conocer partes de ella que mantiene ocultas a ojos del resto del mundo. \u00bfSer\u00e1 \u00e9l capaz de aceptar sus oscuros nubarrones de la misma forma que sus cielos despejados?<\/p>\n","protected":false},"excerpt":{"rendered":"<p>Rachel Lynn Solomon<\/p>\n","protected":false},"featured_media":634,"template":"","meta":{"_joinchat":[]},"product_brand":[],"product_cat":[35],"product_tag":[46],"class_list":{"0":"post-633","1":"product","2":"type-product","3":"status-publish","4":"has-post-thumbnail","6":"product_cat-romantica","7":"product_tag-ediciones-urano","9":"first","10":"instock","11":"shipping-taxable","12":"purchasable","13":"product-type-simple"},"_links":{"self":[{"href":"https:\/\/libreriahistoriasdebolsillo.com\/index.php\/wp-json\/wp\/v2\/product\/633","targetHints":{"allow":["GET"]}}],"collection":[{"href":"https:\/\/libreriahistoriasdebolsillo.com\/index.php\/wp-json\/wp\/v2\/product"}],"about":[{"href":"https:\/\/libreriahistoriasdebolsillo.com\/index.php\/wp-json\/wp\/v2\/types\/product"}],"wp:featuredmedia":[{"embeddable":true,"href":"https:\/\/libreriahistoriasdebolsillo.com\/index.php\/wp-json\/wp\/v2\/media\/634"}],"wp:attachment":[{"href":"https:\/\/libreriahistoriasdebolsillo.com\/index.php\/wp-json\/wp\/v2\/media?parent=633"}],"wp:term":[{"taxonomy":"product_brand","embeddable":true,"href":"https:\/\/libreriahistoriasdebolsillo.com\/index.php\/wp-json\/wp\/v2\/product_brand?post=633"},{"taxonomy":"product_cat","embeddable":true,"href":"https:\/\/libreriahistoriasdebolsillo.com\/index.php\/wp-json\/wp\/v2\/product_cat?post=633"},{"taxonomy":"product_tag","embeddable":true,"href":"https:\/\/libreriahistoriasdebolsillo.com\/index.php\/wp-json\/wp\/v2\/product_tag?post=633"}],"curies":[{"name":"wp","href":"https:\/\/api.w.org\/{rel}","templated":true}]}}