{"id":6330,"date":"2025-03-04T16:41:31","date_gmt":"2025-03-04T22:41:31","guid":{"rendered":"https:\/\/libreriahistoriasdebolsillo.com\/?post_type=product&#038;p=6330"},"modified":"2025-07-04T17:22:49","modified_gmt":"2025-07-04T23:22:49","slug":"dilo-ahora-dilo-bien","status":"publish","type":"product","link":"https:\/\/libreriahistoriasdebolsillo.com\/index.php\/producto\/dilo-ahora-dilo-bien\/","title":{"rendered":"\u00a1Dilo ahora! \u00a1Dilo bien!"},"content":{"rendered":"<p><b>Permanecer callado en situaciones cr\u00edticas puede resultar en la p\u00e9rdida de oportunidades, la ruptura de relaciones y la toma de decisiones desastrosas.<\/b>\u00a0<i><b>\u00a1Dilo ahora! \u00a1Dilo bien!<\/b><\/i>\u00a0<b>ofrece un vistazo directo al problema que enfrentan las organizaciones cuando no se alza la voz.<\/b><\/p>\n<p>En medio de la\u00a0<b>revoluci\u00f3n digital<\/b>, vivimos m\u00e1s conectados, pero nos\u00a0<b>comunicamos<\/b>\u00a0menos. Como respuesta a esto, la especialista en comunicaci\u00f3n Mary Nestor comparte consejos y di\u00e1logos que te ayudar\u00e1n a encontrar y elevar la voz para que tu\u00a0<b>mensaje<\/b>\u00a0tenga un gran impacto y buena aceptaci\u00f3n en los momentos decisivos.<\/p>\n<p>El prop\u00f3sito de este libro es ayudarte a\u00a0<b>reconocer<\/b>\u00a0aquellas situaciones en las que se te presenta la oportunidad \u2014a veces \u00fanica en la vida\u2014 de decir lo necesario. Con \u00e9l aprender\u00e1s a hacerte escuchar en la manera y el momento adecuados \u2014\u00a1Dilo ahora! \u00a1Dilo bien!\u2014. Estos dos elementos tienen que estar pulidos antes de hablar para alcanzar tu\u00a0<b>objetivo exitosamente<\/b>.<\/p>\n","protected":false},"excerpt":{"rendered":"<p>Mary J. Nestor<\/p>\n<p>264 p\u00e1ginas<\/p>\n","protected":false},"featured_media":6331,"template":"","meta":{"_joinchat":[]},"product_brand":[],"product_cat":[58,70],"product_tag":[34],"class_list":{"0":"post-6330","1":"product","2":"type-product","3":"status-publish","4":"has-post-thumbnail","6":"product_cat-desarrollo-humano-y-superacion","7":"product_cat-novedades","8":"product_tag-penguin-random-house","10":"first","11":"outofstock","12":"shipping-taxable","13":"purchasable","14":"product-type-simple"},"_links":{"self":[{"href":"https:\/\/libreriahistoriasdebolsillo.com\/index.php\/wp-json\/wp\/v2\/product\/6330","targetHints":{"allow":["GET"]}}],"collection":[{"href":"https:\/\/libreriahistoriasdebolsillo.com\/index.php\/wp-json\/wp\/v2\/product"}],"about":[{"href":"https:\/\/libreriahistoriasdebolsillo.com\/index.php\/wp-json\/wp\/v2\/types\/product"}],"wp:featuredmedia":[{"embeddable":true,"href":"https:\/\/libreriahistoriasdebolsillo.com\/index.php\/wp-json\/wp\/v2\/media\/6331"}],"wp:attachment":[{"href":"https:\/\/libreriahistoriasdebolsillo.com\/index.php\/wp-json\/wp\/v2\/media?parent=6330"}],"wp:term":[{"taxonomy":"product_brand","embeddable":true,"href":"https:\/\/libreriahistoriasdebolsillo.com\/index.php\/wp-json\/wp\/v2\/product_brand?post=6330"},{"taxonomy":"product_cat","embeddable":true,"href":"https:\/\/libreriahistoriasdebolsillo.com\/index.php\/wp-json\/wp\/v2\/product_cat?post=6330"},{"taxonomy":"product_tag","embeddable":true,"href":"https:\/\/libreriahistoriasdebolsillo.com\/index.php\/wp-json\/wp\/v2\/product_tag?post=6330"}],"curies":[{"name":"wp","href":"https:\/\/api.w.org\/{rel}","templated":true}]}}