{"id":6334,"date":"2025-03-05T13:36:49","date_gmt":"2025-03-05T19:36:49","guid":{"rendered":"https:\/\/libreriahistoriasdebolsillo.com\/?post_type=product&#038;p=6334"},"modified":"2025-10-28T12:15:35","modified_gmt":"2025-10-28T18:15:35","slug":"sin-miedo-3-alguien-para-nosotros","status":"publish","type":"product","link":"https:\/\/libreriahistoriasdebolsillo.com\/index.php\/producto\/sin-miedo-3-alguien-para-nosotros\/","title":{"rendered":"Sin miedo 3. Alguien para nosotros"},"content":{"rendered":"<p><b>\u00bfQui\u00e9n me iba a decir que acabar\u00eda viviendo con<\/b>\u00a0<b>mi t\u00eda Aurora?<\/b><\/p>\n<p>Pero al menos con ella s\u00e9 que puedo\u00a0<b>ser yo mismo<\/b>, y mi vida a su lado est\u00e1 siendo maravillosa.<\/p>\n<p>Quiz\u00e1 tambi\u00e9n tenga que ver con que tengo\u00a0<b>EL MEJOR NOVIO DEL MUNDO<\/b>.<\/p>\n<p>Eso s\u00ed, \u00faltimamente est\u00e1 m\u00e1s\u00a0<b>distante<\/b>\u00a0que de costumbre, y creo que de alguna manera eso est\u00e1 relacionado con un amigo suyo que ha aparecido de la nada\u2026 Aunque, bueno, no les he contado lo m\u00e1s fuerte: \u00a1Tengo un\u00a0<b>admirador secreto<\/b>!<\/p>\n<p>Pero somos\u00a0<b>\u00d3scar y Pablo<\/b>, y si hay algo que sabemos es que no hay nada que nos separe.<\/p>\n","protected":false},"excerpt":{"rendered":"<p>Juan Arcones<\/p>\n<p>448 p\u00e1ginas<\/p>\n","protected":false},"featured_media":6335,"template":"","meta":{"_joinchat":[]},"product_brand":[],"product_cat":[52,38,70],"product_tag":[34],"class_list":{"0":"post-6334","1":"product","2":"type-product","3":"status-publish","4":"has-post-thumbnail","6":"product_cat-juvenil","7":"product_cat-lgbtq","8":"product_cat-novedades","9":"product_tag-penguin-random-house","11":"first","12":"outofstock","13":"shipping-taxable","14":"purchasable","15":"product-type-simple"},"_links":{"self":[{"href":"https:\/\/libreriahistoriasdebolsillo.com\/index.php\/wp-json\/wp\/v2\/product\/6334","targetHints":{"allow":["GET"]}}],"collection":[{"href":"https:\/\/libreriahistoriasdebolsillo.com\/index.php\/wp-json\/wp\/v2\/product"}],"about":[{"href":"https:\/\/libreriahistoriasdebolsillo.com\/index.php\/wp-json\/wp\/v2\/types\/product"}],"wp:featuredmedia":[{"embeddable":true,"href":"https:\/\/libreriahistoriasdebolsillo.com\/index.php\/wp-json\/wp\/v2\/media\/6335"}],"wp:attachment":[{"href":"https:\/\/libreriahistoriasdebolsillo.com\/index.php\/wp-json\/wp\/v2\/media?parent=6334"}],"wp:term":[{"taxonomy":"product_brand","embeddable":true,"href":"https:\/\/libreriahistoriasdebolsillo.com\/index.php\/wp-json\/wp\/v2\/product_brand?post=6334"},{"taxonomy":"product_cat","embeddable":true,"href":"https:\/\/libreriahistoriasdebolsillo.com\/index.php\/wp-json\/wp\/v2\/product_cat?post=6334"},{"taxonomy":"product_tag","embeddable":true,"href":"https:\/\/libreriahistoriasdebolsillo.com\/index.php\/wp-json\/wp\/v2\/product_tag?post=6334"}],"curies":[{"name":"wp","href":"https:\/\/api.w.org\/{rel}","templated":true}]}}