{"id":6338,"date":"2025-03-05T13:44:06","date_gmt":"2025-03-05T19:44:06","guid":{"rendered":"https:\/\/libreriahistoriasdebolsillo.com\/?post_type=product&#038;p=6338"},"modified":"2025-07-04T17:26:59","modified_gmt":"2025-07-04T23:26:59","slug":"la-gente-en-los-arboles","status":"publish","type":"product","link":"https:\/\/libreriahistoriasdebolsillo.com\/index.php\/producto\/la-gente-en-los-arboles\/","title":{"rendered":"La gente en los \u00e1rboles"},"content":{"rendered":"<p><b>El debut literario de la autora de\u00a0<i>Tan poca vida<\/i>., el fen\u00f3meno editorial que ha cautivado a m\u00e1s de un mill\u00f3n de lectores.<\/b><\/p>\n<p>En 1950, Norton Perina, un joven m\u00e9dico reci\u00e9n graduado, se une a una expedici\u00f3n a una remota isla de Micronesia, Ivu&#8217;ivu, en busca de una misteriosa tribu. All\u00ed comienza a investigar lo que lo llevar\u00e1 a ganar el Premio Nobel: la extra\u00f1a longevidad de los isle\u00f1os. Antes de regresar a Estados Unidos, decide adoptar a cuarenta ni\u00f1os nativos para rescatarlos de la pobreza. Pero en 1995, uno de sus hijos lo denuncia por abusos&#8230;<\/p>\n<p>Mientras cumple condena, Perina, a instancias de su fiel colega Ronald Kubodera, escribe sus memorias con el fin de recuperar el prestigio perdido y demostrar su inocencia. Una historia llena de intriga sobre la ambici\u00f3n y la naturaleza humana en la voz de un narrador sospechoso que, como Humbert Humbert, desaf\u00eda nuestro sentido de la \u00e9tica.<\/p>\n","protected":false},"excerpt":{"rendered":"<p>Hanya Yanagihara<\/p>\n<p>560 p\u00e1ginas<\/p>\n","protected":false},"featured_media":6339,"template":"","meta":{"_joinchat":[]},"product_brand":[],"product_cat":[33],"product_tag":[34],"class_list":{"0":"post-6338","1":"product","2":"type-product","3":"status-publish","4":"has-post-thumbnail","6":"product_cat-ficcion-general","7":"product_tag-penguin-random-house","9":"first","10":"outofstock","11":"shipping-taxable","12":"purchasable","13":"product-type-simple"},"_links":{"self":[{"href":"https:\/\/libreriahistoriasdebolsillo.com\/index.php\/wp-json\/wp\/v2\/product\/6338","targetHints":{"allow":["GET"]}}],"collection":[{"href":"https:\/\/libreriahistoriasdebolsillo.com\/index.php\/wp-json\/wp\/v2\/product"}],"about":[{"href":"https:\/\/libreriahistoriasdebolsillo.com\/index.php\/wp-json\/wp\/v2\/types\/product"}],"wp:featuredmedia":[{"embeddable":true,"href":"https:\/\/libreriahistoriasdebolsillo.com\/index.php\/wp-json\/wp\/v2\/media\/6339"}],"wp:attachment":[{"href":"https:\/\/libreriahistoriasdebolsillo.com\/index.php\/wp-json\/wp\/v2\/media?parent=6338"}],"wp:term":[{"taxonomy":"product_brand","embeddable":true,"href":"https:\/\/libreriahistoriasdebolsillo.com\/index.php\/wp-json\/wp\/v2\/product_brand?post=6338"},{"taxonomy":"product_cat","embeddable":true,"href":"https:\/\/libreriahistoriasdebolsillo.com\/index.php\/wp-json\/wp\/v2\/product_cat?post=6338"},{"taxonomy":"product_tag","embeddable":true,"href":"https:\/\/libreriahistoriasdebolsillo.com\/index.php\/wp-json\/wp\/v2\/product_tag?post=6338"}],"curies":[{"name":"wp","href":"https:\/\/api.w.org\/{rel}","templated":true}]}}