{"id":6340,"date":"2025-03-05T13:46:57","date_gmt":"2025-03-05T19:46:57","guid":{"rendered":"https:\/\/libreriahistoriasdebolsillo.com\/?post_type=product&#038;p=6340"},"modified":"2025-04-23T15:03:18","modified_gmt":"2025-04-23T21:03:18","slug":"la-casa-de-los-espiritus-ed-especial-40-aniversario-tapa-dura","status":"publish","type":"product","link":"https:\/\/libreriahistoriasdebolsillo.com\/index.php\/producto\/la-casa-de-los-espiritus-ed-especial-40-aniversario-tapa-dura\/","title":{"rendered":"La casa de los esp\u00edritus Ed. especial 40 aniversario (tapa dura)"},"content":{"rendered":"<p><b>Con una imaginaci\u00f3n desbordante y una impecable factura literaria, Isabel Allende perfila la vida de sus personajes como parte indisoluble del destino colectivo de Am\u00e9rica Latina, marcado por el mestizaje, las injusticias sociales y la b\u00fasqueda de la propia identidad.<\/b><\/p>\n<p>Ambientada en un pa\u00eds sin nombre que bien podr\u00eda ser Chile, La casa de los esp\u00edritus narra la saga de una poderosa\u00a0<b>familia de terratenientes.<\/b>\u00a0En el principio, el desp\u00f3tico patriarca Esteban Trueba construye con mano de hierro un imperio personal, pero todo empieza a tambalearse con el paso del tiempo y los efectos de un entorno social explosivo. Finalmente, la decadencia del patriarca arrastrar\u00e1 a los Trueba a una dolorosa desintegraci\u00f3n, que reflejar\u00e1 en el \u00e1mbito privado las tensiones pol\u00edticas y espirituales de todo un territorio y una \u00e9poca..<\/p>\n","protected":false},"excerpt":{"rendered":"<p>Isabel Allende<\/p>\n<p>464 p\u00e1ginas<\/p>\n","protected":false},"featured_media":6341,"template":"","meta":{"_joinchat":[]},"product_brand":[],"product_cat":[78,33],"product_tag":[34],"class_list":{"0":"post-6340","1":"product","2":"type-product","3":"status-publish","4":"has-post-thumbnail","6":"product_cat-contemporanea","7":"product_cat-ficcion-general","8":"product_tag-penguin-random-house","10":"first","11":"outofstock","12":"shipping-taxable","13":"purchasable","14":"product-type-simple"},"_links":{"self":[{"href":"https:\/\/libreriahistoriasdebolsillo.com\/index.php\/wp-json\/wp\/v2\/product\/6340","targetHints":{"allow":["GET"]}}],"collection":[{"href":"https:\/\/libreriahistoriasdebolsillo.com\/index.php\/wp-json\/wp\/v2\/product"}],"about":[{"href":"https:\/\/libreriahistoriasdebolsillo.com\/index.php\/wp-json\/wp\/v2\/types\/product"}],"wp:featuredmedia":[{"embeddable":true,"href":"https:\/\/libreriahistoriasdebolsillo.com\/index.php\/wp-json\/wp\/v2\/media\/6341"}],"wp:attachment":[{"href":"https:\/\/libreriahistoriasdebolsillo.com\/index.php\/wp-json\/wp\/v2\/media?parent=6340"}],"wp:term":[{"taxonomy":"product_brand","embeddable":true,"href":"https:\/\/libreriahistoriasdebolsillo.com\/index.php\/wp-json\/wp\/v2\/product_brand?post=6340"},{"taxonomy":"product_cat","embeddable":true,"href":"https:\/\/libreriahistoriasdebolsillo.com\/index.php\/wp-json\/wp\/v2\/product_cat?post=6340"},{"taxonomy":"product_tag","embeddable":true,"href":"https:\/\/libreriahistoriasdebolsillo.com\/index.php\/wp-json\/wp\/v2\/product_tag?post=6340"}],"curies":[{"name":"wp","href":"https:\/\/api.w.org\/{rel}","templated":true}]}}