{"id":6343,"date":"2025-03-06T19:09:43","date_gmt":"2025-03-07T01:09:43","guid":{"rendered":"https:\/\/libreriahistoriasdebolsillo.com\/?post_type=product&#038;p=6343"},"modified":"2025-04-09T16:07:03","modified_gmt":"2025-04-09T22:07:03","slug":"eres-el-amor-de-mi-otra-vida","status":"publish","type":"product","link":"https:\/\/libreriahistoriasdebolsillo.com\/index.php\/producto\/eres-el-amor-de-mi-otra-vida\/","title":{"rendered":"Eres el amor de mi otra vida"},"content":{"rendered":"<div class=\"frase-mkt\">\n<p><strong>Porque a veces el amor de tu vida no es tu alma gemela.<\/strong><\/p>\n<\/div>\n<p>Emilia es una joven odont\u00f3loga que est\u00e1 a punto de casarse con su prometido: el famos\u00edsimo pintor Daniel Gast\u00f3n, conocido por sus enigm\u00e1ticas obras donde siempre retrata a la misma mujer; \u00e9l asegura a todos \u2014incluso a su prometida\u2014, que su misteriosa musa es solo una creaci\u00f3n suya, su alter ego.<\/p>\n<p>La vida aparentemente perfecta de Emilia comienza a romperse en pedazos cuando conoce a Daniela, una talentosa escritora que acaba de volver a M\u00e9xico despu\u00e9s de pasar varios a\u00f1os en el extranjero y que luce escalofriantemente parecida a la mujer de las pinturas<br \/>\nde su futuro esposo.<\/p>\n<p>\u00bfAcaso Daniel minti\u00f3 todo este tiempo? \u00bfExiste la posibilidad de que todo sea una casualidad?<\/p>\n<p>Emilia cree estar dispuesta a todo para no perder al amor de su vida, pero \u00bfpodr\u00e1 interponerse entre dos almas gemelas?<\/p>\n","protected":false},"excerpt":{"rendered":"<p>Gilraen E\u00e4rfalas<\/p>\n<p>408 p\u00e1ginas<\/p>\n","protected":false},"featured_media":6344,"template":"","meta":{"_joinchat":[]},"product_brand":[],"product_cat":[52,35],"product_tag":[45],"class_list":{"0":"post-6343","1":"product","2":"type-product","3":"status-publish","4":"has-post-thumbnail","6":"product_cat-juvenil","7":"product_cat-romantica","8":"product_tag-planeta","10":"first","11":"outofstock","12":"shipping-taxable","13":"purchasable","14":"product-type-simple"},"_links":{"self":[{"href":"https:\/\/libreriahistoriasdebolsillo.com\/index.php\/wp-json\/wp\/v2\/product\/6343","targetHints":{"allow":["GET"]}}],"collection":[{"href":"https:\/\/libreriahistoriasdebolsillo.com\/index.php\/wp-json\/wp\/v2\/product"}],"about":[{"href":"https:\/\/libreriahistoriasdebolsillo.com\/index.php\/wp-json\/wp\/v2\/types\/product"}],"wp:featuredmedia":[{"embeddable":true,"href":"https:\/\/libreriahistoriasdebolsillo.com\/index.php\/wp-json\/wp\/v2\/media\/6344"}],"wp:attachment":[{"href":"https:\/\/libreriahistoriasdebolsillo.com\/index.php\/wp-json\/wp\/v2\/media?parent=6343"}],"wp:term":[{"taxonomy":"product_brand","embeddable":true,"href":"https:\/\/libreriahistoriasdebolsillo.com\/index.php\/wp-json\/wp\/v2\/product_brand?post=6343"},{"taxonomy":"product_cat","embeddable":true,"href":"https:\/\/libreriahistoriasdebolsillo.com\/index.php\/wp-json\/wp\/v2\/product_cat?post=6343"},{"taxonomy":"product_tag","embeddable":true,"href":"https:\/\/libreriahistoriasdebolsillo.com\/index.php\/wp-json\/wp\/v2\/product_tag?post=6343"}],"curies":[{"name":"wp","href":"https:\/\/api.w.org\/{rel}","templated":true}]}}