{"id":6345,"date":"2025-03-06T19:12:21","date_gmt":"2025-03-07T01:12:21","guid":{"rendered":"https:\/\/libreriahistoriasdebolsillo.com\/?post_type=product&#038;p=6345"},"modified":"2025-05-14T14:27:47","modified_gmt":"2025-05-14T20:27:47","slug":"hercules-el-heroe-que-no-quiso-serlo","status":"publish","type":"product","link":"https:\/\/libreriahistoriasdebolsillo.com\/index.php\/producto\/hercules-el-heroe-que-no-quiso-serlo\/","title":{"rendered":"H\u00e9rcules, el h\u00e9roe que no quiso serlo"},"content":{"rendered":"<div class=\"frase-mkt\">\n<p><strong>Vuelve la mitolog\u00eda griega narrada como un buen salseo: ahora le toca a H\u00e9rcules contar su historia.<\/strong><\/p>\n<\/div>\n<p><strong>La nueva novela mitol\u00f3gica de Pol Gise, creador de contenido con m\u00e1s de 3 millones de seguidores en redes, despu\u00e9s del \u00e9xito conseguido con su primera novela\u00a0<em>Hades, el dios menos malo<\/em>.<\/strong><\/p>\n<p>En una \u00e9poca en la que todos los hombres sue\u00f1an con ser h\u00e9roes, algunos nacen predestinados a serlo\u2026 aunque no quieran.\u00a0<strong>Esta es la historia de un semidios con un don y una maldici\u00f3n que lo persiguieron toda la vida<\/strong>, pero tambi\u00e9n es<strong>\u00a0la historia de una madre que hizo todo lo posible para proteger a su hijo de su destino<\/strong>, una diosa capaz de lo que sea por vengar las infidelidades de su marido y un rey tan temible como envidioso.<\/p>\n<p><strong>H\u00e9rcules, el hijo m\u00e1s famoso de Zeus, fue un ni\u00f1o enga\u00f1ado y un hombre maldito<\/strong>\u00a0que se desvivi\u00f3 por lo que cre\u00eda justo.\u00a0<strong>Su historia se ha intentado simplificar ignorando sus sentimientos y su punto de vista<\/strong>, pero ahora ha llegado el momento de que sea \u00e9l quien nos la cuente.<\/p>\n","protected":false},"excerpt":{"rendered":"<p>Pol Gise<\/p>\n<p>352 p\u00e1ginas<\/p>\n","protected":false},"featured_media":6346,"template":"","meta":{"_joinchat":[]},"product_brand":[],"product_cat":[56,75],"product_tag":[45],"class_list":{"0":"post-6345","1":"product","2":"type-product","3":"status-publish","4":"has-post-thumbnail","6":"product_cat-historica","7":"product_cat-mitologia","8":"product_tag-planeta","10":"first","11":"outofstock","12":"shipping-taxable","13":"purchasable","14":"product-type-simple"},"_links":{"self":[{"href":"https:\/\/libreriahistoriasdebolsillo.com\/index.php\/wp-json\/wp\/v2\/product\/6345","targetHints":{"allow":["GET"]}}],"collection":[{"href":"https:\/\/libreriahistoriasdebolsillo.com\/index.php\/wp-json\/wp\/v2\/product"}],"about":[{"href":"https:\/\/libreriahistoriasdebolsillo.com\/index.php\/wp-json\/wp\/v2\/types\/product"}],"wp:featuredmedia":[{"embeddable":true,"href":"https:\/\/libreriahistoriasdebolsillo.com\/index.php\/wp-json\/wp\/v2\/media\/6346"}],"wp:attachment":[{"href":"https:\/\/libreriahistoriasdebolsillo.com\/index.php\/wp-json\/wp\/v2\/media?parent=6345"}],"wp:term":[{"taxonomy":"product_brand","embeddable":true,"href":"https:\/\/libreriahistoriasdebolsillo.com\/index.php\/wp-json\/wp\/v2\/product_brand?post=6345"},{"taxonomy":"product_cat","embeddable":true,"href":"https:\/\/libreriahistoriasdebolsillo.com\/index.php\/wp-json\/wp\/v2\/product_cat?post=6345"},{"taxonomy":"product_tag","embeddable":true,"href":"https:\/\/libreriahistoriasdebolsillo.com\/index.php\/wp-json\/wp\/v2\/product_tag?post=6345"}],"curies":[{"name":"wp","href":"https:\/\/api.w.org\/{rel}","templated":true}]}}