{"id":6347,"date":"2025-03-06T19:14:54","date_gmt":"2025-03-07T01:14:54","guid":{"rendered":"https:\/\/libreriahistoriasdebolsillo.com\/?post_type=product&#038;p=6347"},"modified":"2025-06-12T17:19:12","modified_gmt":"2025-06-12T23:19:12","slug":"hades-el-dios-menos-malo","status":"publish","type":"product","link":"https:\/\/libreriahistoriasdebolsillo.com\/index.php\/producto\/hades-el-dios-menos-malo\/","title":{"rendered":"Hades, el dios menos malo"},"content":{"rendered":"<div class=\"frase-mkt\">\n<p><strong>Una novela mitol\u00f3gica para todos los p\u00fablicos escrita por Pol Gise, creador de contenido con m\u00e1s de 3 millones de seguidores en redes.\u00a0<\/strong><\/p>\n<\/div>\n<p>Detr\u00e1s de cada villano hay una historia que vale la pena conocer. Y Hades, el dios del inframundo, es uno de ellos. \u00bfHasta qu\u00e9 punto se ha deformado su mito con el tiempo?<\/p>\n<p>Pol Gise, uno de los youtubers m\u00e1s importantes del momento \u2014quien ha logrado enganchar a cientos de miles de personas con las historias mitol\u00f3gicas\u2014, recrea los episodios m\u00e1s importantes de la leyenda de Hades, un personaje, dice, incomprendido. Conoceremos su rivalidad con Zeus, el hermano peque\u00f1o que acab\u00f3 convertido en hermano mayor; a la vehemente Gea, su abuela, y los delirios de Cronos, Poseid\u00f3n, Hidra y compa\u00f1\u00eda.<\/p>\n<p>Con un estilo apasionado y divertido, Gise redescubre los salseos del Olimpo como si formaran parte de nuestro mundo y acerca la literatura cl\u00e1sica a todos los p\u00fablicos.<\/p>\n","protected":false},"excerpt":{"rendered":"<p>Pol Gise<\/p>\n<p>208 p\u00e1ginas<\/p>\n","protected":false},"featured_media":6348,"template":"","meta":{"_joinchat":[]},"product_brand":[],"product_cat":[56,75],"product_tag":[45],"class_list":{"0":"post-6347","1":"product","2":"type-product","3":"status-publish","4":"has-post-thumbnail","6":"product_cat-historica","7":"product_cat-mitologia","8":"product_tag-planeta","10":"first","11":"outofstock","12":"shipping-taxable","13":"purchasable","14":"product-type-simple"},"_links":{"self":[{"href":"https:\/\/libreriahistoriasdebolsillo.com\/index.php\/wp-json\/wp\/v2\/product\/6347","targetHints":{"allow":["GET"]}}],"collection":[{"href":"https:\/\/libreriahistoriasdebolsillo.com\/index.php\/wp-json\/wp\/v2\/product"}],"about":[{"href":"https:\/\/libreriahistoriasdebolsillo.com\/index.php\/wp-json\/wp\/v2\/types\/product"}],"wp:featuredmedia":[{"embeddable":true,"href":"https:\/\/libreriahistoriasdebolsillo.com\/index.php\/wp-json\/wp\/v2\/media\/6348"}],"wp:attachment":[{"href":"https:\/\/libreriahistoriasdebolsillo.com\/index.php\/wp-json\/wp\/v2\/media?parent=6347"}],"wp:term":[{"taxonomy":"product_brand","embeddable":true,"href":"https:\/\/libreriahistoriasdebolsillo.com\/index.php\/wp-json\/wp\/v2\/product_brand?post=6347"},{"taxonomy":"product_cat","embeddable":true,"href":"https:\/\/libreriahistoriasdebolsillo.com\/index.php\/wp-json\/wp\/v2\/product_cat?post=6347"},{"taxonomy":"product_tag","embeddable":true,"href":"https:\/\/libreriahistoriasdebolsillo.com\/index.php\/wp-json\/wp\/v2\/product_tag?post=6347"}],"curies":[{"name":"wp","href":"https:\/\/api.w.org\/{rel}","templated":true}]}}