{"id":6349,"date":"2025-03-06T19:18:21","date_gmt":"2025-03-07T01:18:21","guid":{"rendered":"https:\/\/libreriahistoriasdebolsillo.com\/?post_type=product&#038;p=6349"},"modified":"2025-06-21T14:14:52","modified_gmt":"2025-06-21T20:14:52","slug":"empireo-3-alas-de-onix","status":"publish","type":"product","link":"https:\/\/libreriahistoriasdebolsillo.com\/index.php\/producto\/empireo-3-alas-de-onix\/","title":{"rendered":"Emp\u00edreo 3. Alas de \u00f3nix"},"content":{"rendered":"<p>Tras casi dieciocho meses en el Colegio de Guerra Basgiath, Violet Sorrengail tiene claro que no queda tiempo para entrenar. Hay que tomar decisiones. La batalla ha comenzado y, con enemigos acerc\u00e1ndose a las murallas e infiltrados en sus propias filas, es imposible saber en qui\u00e9n confiar.<\/p>\n<p>Ahora Violet deber\u00e1 emprender un viaje fuera de los l\u00edmites de Aretia en busca de aliados de tierras desconocidas que acepten pelear por Navarre. La misi\u00f3n pondr\u00e1 a prueba su suerte, y la obligar\u00e1 a usar todo su ingenio y fortaleza para salvar a quienes m\u00e1s ama: sus dragones, su familia, su hogar y a\u00a0<em>\u00e9l<\/em>.<\/p>\n<p>Aunque eso signifique tener que guardar un secreto tan peligroso que podr\u00eda destruirlo todo.<\/p>\n<p>Navarre necesita un ej\u00e9rcito. Necesita poder. Necesita magia. Y necesitar\u00e1 algo que solo Violet puede encontrar: la verdad.<\/p>\n<p>Pero una tormenta se aproxima\u2026 y no todos sobrevivir\u00e1n a su furia.<\/p>\n","protected":false},"excerpt":{"rendered":"<p>Rebecca Yarros<\/p>\n<p>896 p\u00e1ginas<\/p>\n","protected":false},"featured_media":6350,"template":"","meta":{"_joinchat":[]},"product_brand":[],"product_cat":[39,70,76],"product_tag":[45],"class_list":{"0":"post-6349","1":"product","2":"type-product","3":"status-publish","4":"has-post-thumbnail","6":"product_cat-fantasia","7":"product_cat-novedades","8":"product_cat-romantasy","9":"product_tag-planeta","11":"first","12":"outofstock","13":"shipping-taxable","14":"purchasable","15":"product-type-simple"},"_links":{"self":[{"href":"https:\/\/libreriahistoriasdebolsillo.com\/index.php\/wp-json\/wp\/v2\/product\/6349","targetHints":{"allow":["GET"]}}],"collection":[{"href":"https:\/\/libreriahistoriasdebolsillo.com\/index.php\/wp-json\/wp\/v2\/product"}],"about":[{"href":"https:\/\/libreriahistoriasdebolsillo.com\/index.php\/wp-json\/wp\/v2\/types\/product"}],"wp:featuredmedia":[{"embeddable":true,"href":"https:\/\/libreriahistoriasdebolsillo.com\/index.php\/wp-json\/wp\/v2\/media\/6350"}],"wp:attachment":[{"href":"https:\/\/libreriahistoriasdebolsillo.com\/index.php\/wp-json\/wp\/v2\/media?parent=6349"}],"wp:term":[{"taxonomy":"product_brand","embeddable":true,"href":"https:\/\/libreriahistoriasdebolsillo.com\/index.php\/wp-json\/wp\/v2\/product_brand?post=6349"},{"taxonomy":"product_cat","embeddable":true,"href":"https:\/\/libreriahistoriasdebolsillo.com\/index.php\/wp-json\/wp\/v2\/product_cat?post=6349"},{"taxonomy":"product_tag","embeddable":true,"href":"https:\/\/libreriahistoriasdebolsillo.com\/index.php\/wp-json\/wp\/v2\/product_tag?post=6349"}],"curies":[{"name":"wp","href":"https:\/\/api.w.org\/{rel}","templated":true}]}}