{"id":6353,"date":"2025-03-06T19:23:29","date_gmt":"2025-03-07T01:23:29","guid":{"rendered":"https:\/\/libreriahistoriasdebolsillo.com\/?post_type=product&#038;p=6353"},"modified":"2025-03-06T19:23:29","modified_gmt":"2025-03-07T01:23:29","slug":"empireo-2-alas-de-hierro-edicion-coleccionista","status":"publish","type":"product","link":"https:\/\/libreriahistoriasdebolsillo.com\/index.php\/producto\/empireo-2-alas-de-hierro-edicion-coleccionista\/","title":{"rendered":"Emp\u00edreo 2. Alas de hierro (Edici\u00f3n coleccionista)"},"content":{"rendered":"<div class=\"frase-mkt\">\n<p><span class=\"&quot;ui-provider\" dir=\"&quot;ltr&quot;\">NO TE PIERDAS LA EDICI\u00d3N COLECCIONISTA, ENRIQUECIDA Y LIMITADA, DE LAS NOVELAS DE LA SAGA M\u00c1S LE\u00cdDA DEL MOMENTO<\/span><\/p>\n<\/div>\n<p>Todos esperaban que Violet Sorrengail muriera en su primer a\u00f1o en el Colegio de Guerra Basgiath, incluso ella misma. Pero la Trilla fue tan solo la primera de una serie de pruebas imposibles destinadas a deshacerse de los indignos y los desafortunados.<\/p>\n<p>Ahora comienza el verdadero entrenamiento, y Violet no sabe c\u00f3mo lograr\u00e1 superarlo. No solo porque es brutal y agotador o porque est\u00e1 dise\u00f1ado para llevar al l\u00edmite el umbral del dolor de los jinetes, sino porque el nuevo vicecomandante est\u00e1 empe\u00f1ado en demostrarle lo d\u00e9bil que es, a menos que traicione al hombre al que ama. La voluntad de sobrevivir no ser\u00e1 suficiente porque Violet conoce el secreto que se oculta entre los muros del colegio, y nada, ni siquiera el fuego de drag\u00f3n, ser\u00e1 suficiente para salvarlos.<\/p>\n<p>Incre\u00edblemente peligrosa y adictiva, no te pierdas la continuaci\u00f3n de\u00a0<em>Alas de sangre<\/em>, el gran fen\u00f3meno internacional.<\/p>\n","protected":false},"excerpt":{"rendered":"<p>Rebecca Yarros<\/p>\n<p>896 p\u00e1ginas<\/p>\n","protected":false},"featured_media":6354,"template":"","meta":{"_joinchat":[]},"product_brand":[],"product_cat":[39,70,76],"product_tag":[45],"class_list":{"0":"post-6353","1":"product","2":"type-product","3":"status-publish","4":"has-post-thumbnail","6":"product_cat-fantasia","7":"product_cat-novedades","8":"product_cat-romantasy","9":"product_tag-planeta","11":"first","12":"outofstock","13":"shipping-taxable","14":"purchasable","15":"product-type-simple"},"_links":{"self":[{"href":"https:\/\/libreriahistoriasdebolsillo.com\/index.php\/wp-json\/wp\/v2\/product\/6353","targetHints":{"allow":["GET"]}}],"collection":[{"href":"https:\/\/libreriahistoriasdebolsillo.com\/index.php\/wp-json\/wp\/v2\/product"}],"about":[{"href":"https:\/\/libreriahistoriasdebolsillo.com\/index.php\/wp-json\/wp\/v2\/types\/product"}],"wp:featuredmedia":[{"embeddable":true,"href":"https:\/\/libreriahistoriasdebolsillo.com\/index.php\/wp-json\/wp\/v2\/media\/6354"}],"wp:attachment":[{"href":"https:\/\/libreriahistoriasdebolsillo.com\/index.php\/wp-json\/wp\/v2\/media?parent=6353"}],"wp:term":[{"taxonomy":"product_brand","embeddable":true,"href":"https:\/\/libreriahistoriasdebolsillo.com\/index.php\/wp-json\/wp\/v2\/product_brand?post=6353"},{"taxonomy":"product_cat","embeddable":true,"href":"https:\/\/libreriahistoriasdebolsillo.com\/index.php\/wp-json\/wp\/v2\/product_cat?post=6353"},{"taxonomy":"product_tag","embeddable":true,"href":"https:\/\/libreriahistoriasdebolsillo.com\/index.php\/wp-json\/wp\/v2\/product_tag?post=6353"}],"curies":[{"name":"wp","href":"https:\/\/api.w.org\/{rel}","templated":true}]}}