{"id":6355,"date":"2025-03-06T19:25:59","date_gmt":"2025-03-07T01:25:59","guid":{"rendered":"https:\/\/libreriahistoriasdebolsillo.com\/?post_type=product&#038;p=6355"},"modified":"2025-03-20T11:39:18","modified_gmt":"2025-03-20T17:39:18","slug":"el-amor-que-dejamos-atras","status":"publish","type":"product","link":"https:\/\/libreriahistoriasdebolsillo.com\/index.php\/producto\/el-amor-que-dejamos-atras\/","title":{"rendered":"El amor que dejamos atr\u00e1s"},"content":{"rendered":"<div class=\"frase-mkt\">\n<p><strong>La faceta m\u00e1s rom\u00e1ntica de Rebecca Yarros autora de la serie Emp\u00edreo<\/strong><\/p>\n<\/div>\n<p><strong>Georgia<\/strong><br \/>\nTras perderlo todo en un doloroso divorcio, decide regresar al lugar donde creci\u00f3, la casa de su bisabuela Scarlett Stanton, una famosa escritora que muri\u00f3 dejando una novela inconclusa. Noah Harrison, es el atractivo y arrogante autor de bestsellers que la editorial design\u00f3 para terminar el manuscrito. Aunque a ella no le entusiasma la idea, ahora \u00e9l y Georgia est\u00e1n obligados a trabajar juntos para encontrar el mejor final de la obra.<\/p>\n<p><strong>Noah<\/strong><br \/>\nEst\u00e1 en la c\u00faspide de su carrera: es guapo, ambicioso y tiene numerosos contratos para libros y pel\u00edculas. Siempre admir\u00f3 a Scarlett y, cuando surge la oportunidad de concluir lo que \u00e9l piensa podr\u00eda ser el libro del siglo, no lo duda ni un segundo. Sin embargo, lidiar con Georgia, la hermosa, testaruda y c\u00ednica bisnieta de su novelista favorita, le complicar\u00e1 las cosas m\u00e1s de lo que pensaba.<\/p>\n<p><strong>Un romance que crecer\u00e1 con cada p\u00e1gina.<\/strong><br \/>\nConforme leen las palabras de Scarlett, descubren por qu\u00e9 la talentosa escritora nunca termin\u00f3 el libro: est\u00e1 basado en la tr\u00e1gica historia de amor que vivi\u00f3 con un piloto de la Segunda Guerra Mundial. Georgia sabe que el amor nunca funciona, y aunque la qu\u00edmica y la conexi\u00f3n entre ella y Noah es innegable, est\u00e1 m\u00e1s decidida que nunca a no cometer los mismos errores\u00a0 del pasado, incluso si eso significa destruir la carrera de Noah.<\/p>\n","protected":false},"excerpt":{"rendered":"<p>Rebecca Yarros<\/p>\n<p>528 p\u00e1ginas<\/p>\n","protected":false},"featured_media":6357,"template":"","meta":{"_joinchat":[]},"product_brand":[],"product_cat":[70,35],"product_tag":[45],"class_list":{"0":"post-6355","1":"product","2":"type-product","3":"status-publish","4":"has-post-thumbnail","6":"product_cat-novedades","7":"product_cat-romantica","8":"product_tag-planeta","10":"first","11":"instock","12":"shipping-taxable","13":"purchasable","14":"product-type-simple"},"_links":{"self":[{"href":"https:\/\/libreriahistoriasdebolsillo.com\/index.php\/wp-json\/wp\/v2\/product\/6355","targetHints":{"allow":["GET"]}}],"collection":[{"href":"https:\/\/libreriahistoriasdebolsillo.com\/index.php\/wp-json\/wp\/v2\/product"}],"about":[{"href":"https:\/\/libreriahistoriasdebolsillo.com\/index.php\/wp-json\/wp\/v2\/types\/product"}],"wp:featuredmedia":[{"embeddable":true,"href":"https:\/\/libreriahistoriasdebolsillo.com\/index.php\/wp-json\/wp\/v2\/media\/6357"}],"wp:attachment":[{"href":"https:\/\/libreriahistoriasdebolsillo.com\/index.php\/wp-json\/wp\/v2\/media?parent=6355"}],"wp:term":[{"taxonomy":"product_brand","embeddable":true,"href":"https:\/\/libreriahistoriasdebolsillo.com\/index.php\/wp-json\/wp\/v2\/product_brand?post=6355"},{"taxonomy":"product_cat","embeddable":true,"href":"https:\/\/libreriahistoriasdebolsillo.com\/index.php\/wp-json\/wp\/v2\/product_cat?post=6355"},{"taxonomy":"product_tag","embeddable":true,"href":"https:\/\/libreriahistoriasdebolsillo.com\/index.php\/wp-json\/wp\/v2\/product_tag?post=6355"}],"curies":[{"name":"wp","href":"https:\/\/api.w.org\/{rel}","templated":true}]}}