{"id":6360,"date":"2025-03-07T10:42:42","date_gmt":"2025-03-07T16:42:42","guid":{"rendered":"https:\/\/libreriahistoriasdebolsillo.com\/?post_type=product&#038;p=6360"},"modified":"2025-04-26T12:46:28","modified_gmt":"2025-04-26T18:46:28","slug":"hasta-que-nos-quedemos-sin-estrellas","status":"publish","type":"product","link":"https:\/\/libreriahistoriasdebolsillo.com\/index.php\/producto\/hasta-que-nos-quedemos-sin-estrellas\/","title":{"rendered":"Hasta que nos quedemos sin estrellas"},"content":{"rendered":"<p><strong>\u00abNo tengo ni idea de lo que es el amor. Creo que nunca antes lo hab\u00eda sentido. Lo \u00fanico que tengo claro es que, cada vez que pienso en eso, eres t\u00fa quien se me viene a la cabeza\u00bb<\/strong><\/p>\n<p><strong>Maia. Liam.<\/strong><\/p>\n<p><strong>La historia de c\u00f3mo dos astros colisionan<\/strong><\/p>\n<p>Liam ha perdido su pasi\u00f3n por YouTube. Est\u00e1 metido en una relaci\u00f3n falsa que ha tenido un resultado catastr\u00f3fico: se ha enamorado de la chica, Michelle, y ahora ella sale a escondidas con su mejor amigo.<\/p>\n<p>Maia tiene pesadillas desde la noche del accidente. Todos los d\u00edas va al hospital a visitar a una estrella cuya luz se tambalea.<\/p>\n<p>Un cumplea\u00f1os ca\u00f3tico. Una botella de vodka y un\u00a0<em>youtuber<\/em>\u00a0borracho que acaba durmiendo en el coche de una desconocida.<\/p>\n<p>\u00bfQu\u00e9 mejor combinaci\u00f3n para conseguir que dos astros colisionen?<\/p>\n<p><strong>La novela que triunfa en Wattpad, m\u00e1s de 700.000 lectores, en<\/strong><br \/>\n<strong>una edici\u00f3n muy especial con cap\u00edtulos exclusivos.<\/strong><\/p>\n","protected":false},"excerpt":{"rendered":"<p>Inma Rubiales<\/p>\n<p>560 p\u00e1ginas<\/p>\n","protected":false},"featured_media":6361,"template":"","meta":{"_joinchat":[]},"product_brand":[],"product_cat":[35],"product_tag":[45],"class_list":{"0":"post-6360","1":"product","2":"type-product","3":"status-publish","4":"has-post-thumbnail","6":"product_cat-romantica","7":"product_tag-planeta","9":"first","10":"outofstock","11":"shipping-taxable","12":"purchasable","13":"product-type-simple"},"_links":{"self":[{"href":"https:\/\/libreriahistoriasdebolsillo.com\/index.php\/wp-json\/wp\/v2\/product\/6360","targetHints":{"allow":["GET"]}}],"collection":[{"href":"https:\/\/libreriahistoriasdebolsillo.com\/index.php\/wp-json\/wp\/v2\/product"}],"about":[{"href":"https:\/\/libreriahistoriasdebolsillo.com\/index.php\/wp-json\/wp\/v2\/types\/product"}],"wp:featuredmedia":[{"embeddable":true,"href":"https:\/\/libreriahistoriasdebolsillo.com\/index.php\/wp-json\/wp\/v2\/media\/6361"}],"wp:attachment":[{"href":"https:\/\/libreriahistoriasdebolsillo.com\/index.php\/wp-json\/wp\/v2\/media?parent=6360"}],"wp:term":[{"taxonomy":"product_brand","embeddable":true,"href":"https:\/\/libreriahistoriasdebolsillo.com\/index.php\/wp-json\/wp\/v2\/product_brand?post=6360"},{"taxonomy":"product_cat","embeddable":true,"href":"https:\/\/libreriahistoriasdebolsillo.com\/index.php\/wp-json\/wp\/v2\/product_cat?post=6360"},{"taxonomy":"product_tag","embeddable":true,"href":"https:\/\/libreriahistoriasdebolsillo.com\/index.php\/wp-json\/wp\/v2\/product_tag?post=6360"}],"curies":[{"name":"wp","href":"https:\/\/api.w.org\/{rel}","templated":true}]}}