{"id":6362,"date":"2025-03-07T10:45:14","date_gmt":"2025-03-07T16:45:14","guid":{"rendered":"https:\/\/libreriahistoriasdebolsillo.com\/?post_type=product&#038;p=6362"},"modified":"2025-05-24T13:47:06","modified_gmt":"2025-05-24T19:47:06","slug":"cuando-no-queden-mas-estrellas-que-contar","status":"publish","type":"product","link":"https:\/\/libreriahistoriasdebolsillo.com\/index.php\/producto\/cuando-no-queden-mas-estrellas-que-contar\/","title":{"rendered":"Cuando no queden m\u00e1s estrellas que contar"},"content":{"rendered":"<p><strong>\u00bfC\u00f3mo se ignora lo que late en tu interior?<\/strong><\/p>\n<p><strong>\u00bfC\u00f3mo se recupera el rumbo de una vida trazada por una mentira?\u00a0<\/strong><\/p>\n<p>Desde muy peque\u00f1a, Maya se ha sacrificado en cuerpo y alma por el ballet. Trabaja como solista en la Compa\u00f1\u00eda Nacional de Danza y los ballets m\u00e1s prestigiosos han puesto sus ojos en ella. Sin embargo, un grave accidente acaba con su futuro prometedor.<\/p>\n<p>El \u00fanico mundo que Maya conoce se ha derrumbado.<\/p>\n<p>Su abuela, que ha guiado cada uno de sus pasos, la culpa por lo sucedido.<\/p>\n<p>La ausencia de su madre pesa m\u00e1s que nunca.<\/p>\n<p>Y un hallazgo fortuito abrir\u00e1 una profunda herida.<\/p>\n<p>&nbsp;<\/p>\n<p>Un viaje inesperado, una chica incompleta y una verdad escondida en una caja de m\u00fasica.<\/p>\n<p>A veces, dejar que suceda es todo lo que necesitas.<\/p>\n","protected":false},"excerpt":{"rendered":"<p>Mar\u00eda Mart\u00ednez<\/p>\n<p>472 p\u00e1ginas<\/p>\n","protected":false},"featured_media":6363,"template":"","meta":{"_joinchat":[]},"product_brand":[],"product_cat":[35],"product_tag":[45],"class_list":{"0":"post-6362","1":"product","2":"type-product","3":"status-publish","4":"has-post-thumbnail","6":"product_cat-romantica","7":"product_tag-planeta","9":"first","10":"outofstock","11":"shipping-taxable","12":"purchasable","13":"product-type-simple"},"_links":{"self":[{"href":"https:\/\/libreriahistoriasdebolsillo.com\/index.php\/wp-json\/wp\/v2\/product\/6362","targetHints":{"allow":["GET"]}}],"collection":[{"href":"https:\/\/libreriahistoriasdebolsillo.com\/index.php\/wp-json\/wp\/v2\/product"}],"about":[{"href":"https:\/\/libreriahistoriasdebolsillo.com\/index.php\/wp-json\/wp\/v2\/types\/product"}],"wp:featuredmedia":[{"embeddable":true,"href":"https:\/\/libreriahistoriasdebolsillo.com\/index.php\/wp-json\/wp\/v2\/media\/6363"}],"wp:attachment":[{"href":"https:\/\/libreriahistoriasdebolsillo.com\/index.php\/wp-json\/wp\/v2\/media?parent=6362"}],"wp:term":[{"taxonomy":"product_brand","embeddable":true,"href":"https:\/\/libreriahistoriasdebolsillo.com\/index.php\/wp-json\/wp\/v2\/product_brand?post=6362"},{"taxonomy":"product_cat","embeddable":true,"href":"https:\/\/libreriahistoriasdebolsillo.com\/index.php\/wp-json\/wp\/v2\/product_cat?post=6362"},{"taxonomy":"product_tag","embeddable":true,"href":"https:\/\/libreriahistoriasdebolsillo.com\/index.php\/wp-json\/wp\/v2\/product_tag?post=6362"}],"curies":[{"name":"wp","href":"https:\/\/api.w.org\/{rel}","templated":true}]}}